{"id":61301,"date":"2023-01-01T22:51:25","date_gmt":"2023-01-01T21:51:25","guid":{"rendered":"https:\/\/razorgosidemount.eu\/?post_type=product&#038;p=61301"},"modified":"2026-03-26T13:35:42","modified_gmt":"2026-03-26T12:35:42","slug":"razor-4-corrugated-hose-19-safety-cord","status":"publish","type":"product","link":"https:\/\/razorgosidemount.eu\/fr\/product\/razor-4-corrugated-hose-19-safety-cord\/","title":{"rendered":"Tuyau ondul\u00e9 Razor 4 de 48 cm (19 po) + cordon de s\u00e9curit\u00e9"},"content":{"rendered":"<p>Tuyau ondul\u00e9 Razor 4 19\u2033 (50 cm) avec cordon int\u00e9rieur, assurant s\u00e9curit\u00e9 et solidit\u00e9.<br \/>\nLe cordon de s\u00e9curit\u00e9 est fabriqu\u00e9 en corde de technopolym\u00e8re \u00e9lastom\u00e8re qui pr\u00e9sente les avantages suivants\u00a0:<\/p>\n<ul class=\"row no_margin\">\n<li>Flexibilit\u00e9 moyenne<\/li>\n<li>Grande stabilit\u00e9 en milieu marin<\/li>\n<li>Bonne r\u00e9action aux d\u00e9p\u00f4ts de calcaire et de sel<\/li>\n<\/ul>","protected":false},"excerpt":{"rendered":"<p>Tuyau ondul\u00e9 Razor 4 19\u2033 (50 cm) avec cordon int\u00e9rieur, assurant s\u00e9curit\u00e9 et solidit\u00e9.<br \/>\nLe cordon de s\u00e9curit\u00e9 est fabriqu\u00e9 en corde de technopolym\u00e8re \u00e9lastom\u00e8re qui pr\u00e9sente les avantages suivants\u00a0:<\/p>\n<ul class=\"row no_margin\">\n<li>Flexibilit\u00e9 moyenne<\/li>\n<li>Grande stabilit\u00e9 en milieu marin<\/li>\n<li>Bonne r\u00e9action aux d\u00e9p\u00f4ts de calcaire et de sel<\/li>\n<\/ul>","protected":false},"featured_media":64012,"comment_status":"closed","ping_status":"closed","template":"","meta":[],"etheme_brands":[{"term_id":1720,"name":"Razor","slug":"razor","term_group":0,"term_taxonomy_id":1720,"taxonomy":"brand","description":"","parent":0,"count":102,"filter":"raw","order":"0"}],"product_brand":[],"product_cat":[3300,3302,3303,3304,3310,3311,3312,3324],"product_tag":[],"class_list":{"0":"post-61301","1":"product","2":"type-product","3":"status-publish","4":"has-post-thumbnail","6":"brand-razor","7":"product_cat-razor-parts","8":"product_cat-tools","9":"product_cat-hoses","10":"product_cat-tools-razor-parts","11":"product_cat-razor-systems","12":"product_cat-basic-razor-system","13":"product_cat-complete-razor-system","14":"product_cat-new-releases","16":"first","17":"instock","18":"taxable","19":"shipping-taxable","20":"purchasable","21":"product-type-simple"},"_links":{"self":[{"href":"https:\/\/razorgosidemount.eu\/fr\/wp-json\/wp\/v2\/product\/61301","targetHints":{"allow":["GET"]}}],"collection":[{"href":"https:\/\/razorgosidemount.eu\/fr\/wp-json\/wp\/v2\/product"}],"about":[{"href":"https:\/\/razorgosidemount.eu\/fr\/wp-json\/wp\/v2\/types\/product"}],"replies":[{"embeddable":true,"href":"https:\/\/razorgosidemount.eu\/fr\/wp-json\/wp\/v2\/comments?post=61301"}],"version-history":[{"count":5,"href":"https:\/\/razorgosidemount.eu\/fr\/wp-json\/wp\/v2\/product\/61301\/revisions"}],"predecessor-version":[{"id":64016,"href":"https:\/\/razorgosidemount.eu\/fr\/wp-json\/wp\/v2\/product\/61301\/revisions\/64016"}],"wp:featuredmedia":[{"embeddable":true,"href":"https:\/\/razorgosidemount.eu\/fr\/wp-json\/wp\/v2\/media\/64012"}],"wp:attachment":[{"href":"https:\/\/razorgosidemount.eu\/fr\/wp-json\/wp\/v2\/media?parent=61301"}],"wp:term":[{"taxonomy":"brand","embeddable":true,"href":"https:\/\/razorgosidemount.eu\/fr\/wp-json\/wp\/v2\/etheme_brands?post=61301"},{"taxonomy":"product_brand","embeddable":true,"href":"https:\/\/razorgosidemount.eu\/fr\/wp-json\/wp\/v2\/product_brand?post=61301"},{"taxonomy":"product_cat","embeddable":true,"href":"https:\/\/razorgosidemount.eu\/fr\/wp-json\/wp\/v2\/product_cat?post=61301"},{"taxonomy":"product_tag","embeddable":true,"href":"https:\/\/razorgosidemount.eu\/fr\/wp-json\/wp\/v2\/product_tag?post=61301"}],"curies":[{"name":"wp","href":"https:\/\/api.w.org\/{rel}","templated":true}]}}