{"id":60783,"date":"2022-11-10T09:50:45","date_gmt":"2022-11-10T08:50:45","guid":{"rendered":"https:\/\/razorgosidemount.eu\/?post_type=product&#038;p=60783"},"modified":"2026-04-24T18:05:13","modified_gmt":"2026-04-24T16:05:13","slug":"the-razor-4-dry-pack-35-l","status":"publish","type":"product","link":"https:\/\/razorgosidemount.eu\/fr\/product\/the-razor-4-dry-pack-35-l\/","title":{"rendered":"Le sac de s\u00e9chage Razor (35 l)"},"content":{"rendered":"<p>Ses coutures soud\u00e9es \u00e9tanches et ses bretelles confortables et r\u00e9glables de type sac \u00e0 dos font du Razor Dry Pack un classique instantan\u00e9 qui vous sera tout aussi utile lors de vos voyages de plong\u00e9e et de travail.<\/p>","protected":false},"excerpt":{"rendered":"<p>Le nouveau sac \u00e9tanche Razor Dry Pack offre un volume de 35 litres et de nombreuses possibilit\u00e9s pour transporter votre bagage cabine lors de vos voyages de plong\u00e9e ou au quotidien. Son int\u00e9rieur comprend un compartiment s\u00e9curis\u00e9 pour votre ordinateur portable ou votre tablette, ainsi que plusieurs poches zipp\u00e9es pour ranger vos petits objets et les retrouver facilement.<\/p>","protected":false},"featured_media":61334,"comment_status":"closed","ping_status":"closed","template":"","meta":[],"etheme_brands":[{"term_id":1720,"name":"Razor","slug":"razor","term_group":0,"term_taxonomy_id":1720,"taxonomy":"brand","description":"","parent":0,"count":102,"filter":"raw","order":"0"}],"product_brand":[],"product_cat":[3315,3324,3329,4965],"product_tag":[],"class_list":{"0":"post-60783","1":"product","2":"type-product","3":"status-publish","4":"has-post-thumbnail","6":"brand-razor","7":"product_cat-apparel","8":"product_cat-new-releases","9":"product_cat-razor-accessories","10":"product_cat-razor-luggage","12":"first","13":"instock","14":"taxable","15":"shipping-taxable","16":"purchasable","17":"product-type-simple"},"_links":{"self":[{"href":"https:\/\/razorgosidemount.eu\/fr\/wp-json\/wp\/v2\/product\/60783","targetHints":{"allow":["GET"]}}],"collection":[{"href":"https:\/\/razorgosidemount.eu\/fr\/wp-json\/wp\/v2\/product"}],"about":[{"href":"https:\/\/razorgosidemount.eu\/fr\/wp-json\/wp\/v2\/types\/product"}],"replies":[{"embeddable":true,"href":"https:\/\/razorgosidemount.eu\/fr\/wp-json\/wp\/v2\/comments?post=60783"}],"version-history":[{"count":9,"href":"https:\/\/razorgosidemount.eu\/fr\/wp-json\/wp\/v2\/product\/60783\/revisions"}],"predecessor-version":[{"id":62607,"href":"https:\/\/razorgosidemount.eu\/fr\/wp-json\/wp\/v2\/product\/60783\/revisions\/62607"}],"wp:featuredmedia":[{"embeddable":true,"href":"https:\/\/razorgosidemount.eu\/fr\/wp-json\/wp\/v2\/media\/61334"}],"wp:attachment":[{"href":"https:\/\/razorgosidemount.eu\/fr\/wp-json\/wp\/v2\/media?parent=60783"}],"wp:term":[{"taxonomy":"brand","embeddable":true,"href":"https:\/\/razorgosidemount.eu\/fr\/wp-json\/wp\/v2\/etheme_brands?post=60783"},{"taxonomy":"product_brand","embeddable":true,"href":"https:\/\/razorgosidemount.eu\/fr\/wp-json\/wp\/v2\/product_brand?post=60783"},{"taxonomy":"product_cat","embeddable":true,"href":"https:\/\/razorgosidemount.eu\/fr\/wp-json\/wp\/v2\/product_cat?post=60783"},{"taxonomy":"product_tag","embeddable":true,"href":"https:\/\/razorgosidemount.eu\/fr\/wp-json\/wp\/v2\/product_tag?post=60783"}],"curies":[{"name":"wp","href":"https:\/\/api.w.org\/{rel}","templated":true}]}}