{"id":60122,"date":"2022-09-27T13:23:35","date_gmt":"2022-09-27T11:23:35","guid":{"rendered":"https:\/\/razorgosidemount.eu\/?post_type=product&#038;p=60122"},"modified":"2026-03-16T13:39:22","modified_gmt":"2026-03-16T12:39:22","slug":"razor-4-corrugated-hose-16","status":"publish","type":"product","link":"https:\/\/razorgosidemount.eu\/fr\/product\/razor-4-corrugated-hose-16\/","title":{"rendered":"Tuyau ondul\u00e9 Razor 4 de 40 cm (16 po) + cordon de s\u00e9curit\u00e9"},"content":{"rendered":"<p>Tuyau ondul\u00e9 Razor 4 16\u2033 (40 cm) avec cordon int\u00e9rieur, assurant s\u00e9curit\u00e9 et solidit\u00e9.<br \/>\nLe cordon de s\u00e9curit\u00e9 est fabriqu\u00e9 en corde de technopolym\u00e8re \u00e9lastom\u00e8re qui pr\u00e9sente les avantages suivants\u00a0:<\/p>\n<ul class=\"row no_margin\">\n<li>Flexibilit\u00e9 moyenne<\/li>\n<li>Grande stabilit\u00e9 en milieu marin<\/li>\n<li>Bonne r\u00e9action aux d\u00e9p\u00f4ts de calcaire et de sel<\/li>\n<\/ul>","protected":false},"excerpt":{"rendered":"<p>Tuyau ondul\u00e9 Razor 4 16\u2033 (40 cm) avec cordon int\u00e9rieur, assurant s\u00e9curit\u00e9 et solidit\u00e9.<br \/>\nLe cordon de s\u00e9curit\u00e9 est fabriqu\u00e9 en corde de technopolym\u00e8re \u00e9lastom\u00e8re qui pr\u00e9sente les avantages suivants\u00a0:<\/p>\n<ul class=\"row no_margin\">\n<li>Flexibilit\u00e9 moyenne<\/li>\n<li>Grande stabilit\u00e9 en milieu marin<\/li>\n<li>Bonne r\u00e9action aux d\u00e9p\u00f4ts de calcaire et de sel<\/li>\n<\/ul>","protected":false},"featured_media":60552,"comment_status":"closed","ping_status":"closed","template":"","meta":[],"etheme_brands":[{"term_id":1720,"name":"Razor","slug":"razor","term_group":0,"term_taxonomy_id":1720,"taxonomy":"brand","description":"","parent":0,"count":103,"filter":"raw","order":"0"}],"product_brand":[],"product_cat":[3300,3302,3303,3304,3310,3311,3312,3324],"product_tag":[],"class_list":{"0":"post-60122","1":"product","2":"type-product","3":"status-publish","4":"has-post-thumbnail","6":"brand-razor","7":"product_cat-razor-parts","8":"product_cat-tools","9":"product_cat-hoses","10":"product_cat-tools-razor-parts","11":"product_cat-razor-systems","12":"product_cat-basic-razor-system","13":"product_cat-complete-razor-system","14":"product_cat-new-releases","16":"first","17":"instock","18":"taxable","19":"shipping-taxable","20":"purchasable","21":"product-type-simple"},"_links":{"self":[{"href":"https:\/\/razorgosidemount.eu\/fr\/wp-json\/wp\/v2\/product\/60122","targetHints":{"allow":["GET"]}}],"collection":[{"href":"https:\/\/razorgosidemount.eu\/fr\/wp-json\/wp\/v2\/product"}],"about":[{"href":"https:\/\/razorgosidemount.eu\/fr\/wp-json\/wp\/v2\/types\/product"}],"replies":[{"embeddable":true,"href":"https:\/\/razorgosidemount.eu\/fr\/wp-json\/wp\/v2\/comments?post=60122"}],"version-history":[{"count":4,"href":"https:\/\/razorgosidemount.eu\/fr\/wp-json\/wp\/v2\/product\/60122\/revisions"}],"predecessor-version":[{"id":61393,"href":"https:\/\/razorgosidemount.eu\/fr\/wp-json\/wp\/v2\/product\/60122\/revisions\/61393"}],"wp:featuredmedia":[{"embeddable":true,"href":"https:\/\/razorgosidemount.eu\/fr\/wp-json\/wp\/v2\/media\/60552"}],"wp:attachment":[{"href":"https:\/\/razorgosidemount.eu\/fr\/wp-json\/wp\/v2\/media?parent=60122"}],"wp:term":[{"taxonomy":"brand","embeddable":true,"href":"https:\/\/razorgosidemount.eu\/fr\/wp-json\/wp\/v2\/etheme_brands?post=60122"},{"taxonomy":"product_brand","embeddable":true,"href":"https:\/\/razorgosidemount.eu\/fr\/wp-json\/wp\/v2\/product_brand?post=60122"},{"taxonomy":"product_cat","embeddable":true,"href":"https:\/\/razorgosidemount.eu\/fr\/wp-json\/wp\/v2\/product_cat?post=60122"},{"taxonomy":"product_tag","embeddable":true,"href":"https:\/\/razorgosidemount.eu\/fr\/wp-json\/wp\/v2\/product_tag?post=60122"}],"curies":[{"name":"wp","href":"https:\/\/api.w.org\/{rel}","templated":true}]}}