{"id":44791,"date":"2020-02-14T14:27:02","date_gmt":"2020-02-14T13:27:02","guid":{"rendered":"https:\/\/razorgosidemount.eu\/?post_type=product&#038;p=44791"},"modified":"2026-03-17T15:27:47","modified_gmt":"2026-03-17T14:27:47","slug":"navigation-kit-black","status":"publish","type":"product","link":"https:\/\/razorgosidemount.eu\/fr\/product\/navigation-kit-black\/","title":{"rendered":"Kit de Navigation - Noir"},"content":{"rendered":"<p>Le kit de navigation est une solution id\u00e9ale, invent\u00e9e par l&#039;explorateur de grottes Bil Phillips, pour garder vos balises de navigation dans les grottes pr\u00eates \u00e0 l&#039;emploi et en place.<\/p>","protected":false},"excerpt":{"rendered":"<p>L'explorateur et instructeur de plong\u00e9es souterraine Bil Phillips introduit les avantages de l'utilisation du marqueur de r\u00e9f\u00e9rence de sortie (REM) rempla\u00e7ant les cookies ou m\u00eame les fl\u00e8ches de ligne.<\/p>","protected":false},"featured_media":44769,"comment_status":"closed","ping_status":"closed","template":"","meta":[],"etheme_brands":[{"term_id":1720,"name":"Razor","slug":"razor","term_group":0,"term_taxonomy_id":1720,"taxonomy":"brand","description":"","parent":0,"count":102,"filter":"raw","order":"0"}],"product_brand":[],"product_cat":[3302,3309],"product_tag":[],"class_list":{"0":"post-44791","1":"product","2":"type-product","3":"status-publish","4":"has-post-thumbnail","6":"brand-razor","7":"product_cat-tools","8":"product_cat-cave_markers","10":"first","11":"instock","12":"taxable","13":"shipping-taxable","14":"purchasable","15":"product-type-simple"},"_links":{"self":[{"href":"https:\/\/razorgosidemount.eu\/fr\/wp-json\/wp\/v2\/product\/44791","targetHints":{"allow":["GET"]}}],"collection":[{"href":"https:\/\/razorgosidemount.eu\/fr\/wp-json\/wp\/v2\/product"}],"about":[{"href":"https:\/\/razorgosidemount.eu\/fr\/wp-json\/wp\/v2\/types\/product"}],"replies":[{"embeddable":true,"href":"https:\/\/razorgosidemount.eu\/fr\/wp-json\/wp\/v2\/comments?post=44791"}],"version-history":[{"count":1,"href":"https:\/\/razorgosidemount.eu\/fr\/wp-json\/wp\/v2\/product\/44791\/revisions"}],"predecessor-version":[{"id":60065,"href":"https:\/\/razorgosidemount.eu\/fr\/wp-json\/wp\/v2\/product\/44791\/revisions\/60065"}],"wp:featuredmedia":[{"embeddable":true,"href":"https:\/\/razorgosidemount.eu\/fr\/wp-json\/wp\/v2\/media\/44769"}],"wp:attachment":[{"href":"https:\/\/razorgosidemount.eu\/fr\/wp-json\/wp\/v2\/media?parent=44791"}],"wp:term":[{"taxonomy":"brand","embeddable":true,"href":"https:\/\/razorgosidemount.eu\/fr\/wp-json\/wp\/v2\/etheme_brands?post=44791"},{"taxonomy":"product_brand","embeddable":true,"href":"https:\/\/razorgosidemount.eu\/fr\/wp-json\/wp\/v2\/product_brand?post=44791"},{"taxonomy":"product_cat","embeddable":true,"href":"https:\/\/razorgosidemount.eu\/fr\/wp-json\/wp\/v2\/product_cat?post=44791"},{"taxonomy":"product_tag","embeddable":true,"href":"https:\/\/razorgosidemount.eu\/fr\/wp-json\/wp\/v2\/product_tag?post=44791"}],"curies":[{"name":"wp","href":"https:\/\/api.w.org\/{rel}","templated":true}]}}