{"id":44763,"date":"2020-02-14T14:03:59","date_gmt":"2020-02-14T13:03:59","guid":{"rendered":"https:\/\/razorgosidemount.eu\/?post_type=product&#038;p=44763"},"modified":"2026-01-12T18:03:32","modified_gmt":"2026-01-12T17:03:32","slug":"navigation-kit-silver","status":"publish","type":"product","link":"https:\/\/razorgosidemount.eu\/fr\/product\/navigation-kit-silver\/","title":{"rendered":"Kit de navigation \u2013 ARGENT"},"content":{"rendered":"<p>Le kit de navigation est une solution id\u00e9ale, invent\u00e9e par l&#039;explorateur de grottes Bil Phillips, pour garder vos balises de navigation dans les grottes pr\u00eates \u00e0 l&#039;emploi et en place.<\/p>","protected":false},"excerpt":{"rendered":"<p>L'explorateur et instructeur de plong\u00e9es souterraine Bil Phillips introduit les avantages de l'utilisation du marqueur de r\u00e9f\u00e9rence de sortie (REM) rempla\u00e7ant les cookies ou m\u00eame les fl\u00e8ches de ligne.<\/p>","protected":false},"featured_media":44771,"comment_status":"closed","ping_status":"closed","template":"","meta":[],"etheme_brands":[{"term_id":1720,"name":"Razor","slug":"razor","term_group":0,"term_taxonomy_id":1720,"taxonomy":"brand","description":"","parent":0,"count":102,"filter":"raw","order":"0"}],"product_brand":[],"product_cat":[3302,3309],"product_tag":[],"class_list":{"0":"post-44763","1":"product","2":"type-product","3":"status-publish","4":"has-post-thumbnail","6":"brand-razor","7":"product_cat-tools","8":"product_cat-cave_markers","10":"first","11":"instock","12":"taxable","13":"shipping-taxable","14":"purchasable","15":"product-type-simple"},"_links":{"self":[{"href":"https:\/\/razorgosidemount.eu\/fr\/wp-json\/wp\/v2\/product\/44763","targetHints":{"allow":["GET"]}}],"collection":[{"href":"https:\/\/razorgosidemount.eu\/fr\/wp-json\/wp\/v2\/product"}],"about":[{"href":"https:\/\/razorgosidemount.eu\/fr\/wp-json\/wp\/v2\/types\/product"}],"replies":[{"embeddable":true,"href":"https:\/\/razorgosidemount.eu\/fr\/wp-json\/wp\/v2\/comments?post=44763"}],"version-history":[{"count":2,"href":"https:\/\/razorgosidemount.eu\/fr\/wp-json\/wp\/v2\/product\/44763\/revisions"}],"predecessor-version":[{"id":64270,"href":"https:\/\/razorgosidemount.eu\/fr\/wp-json\/wp\/v2\/product\/44763\/revisions\/64270"}],"wp:featuredmedia":[{"embeddable":true,"href":"https:\/\/razorgosidemount.eu\/fr\/wp-json\/wp\/v2\/media\/44771"}],"wp:attachment":[{"href":"https:\/\/razorgosidemount.eu\/fr\/wp-json\/wp\/v2\/media?parent=44763"}],"wp:term":[{"taxonomy":"brand","embeddable":true,"href":"https:\/\/razorgosidemount.eu\/fr\/wp-json\/wp\/v2\/etheme_brands?post=44763"},{"taxonomy":"product_brand","embeddable":true,"href":"https:\/\/razorgosidemount.eu\/fr\/wp-json\/wp\/v2\/product_brand?post=44763"},{"taxonomy":"product_cat","embeddable":true,"href":"https:\/\/razorgosidemount.eu\/fr\/wp-json\/wp\/v2\/product_cat?post=44763"},{"taxonomy":"product_tag","embeddable":true,"href":"https:\/\/razorgosidemount.eu\/fr\/wp-json\/wp\/v2\/product_tag?post=44763"}],"curies":[{"name":"wp","href":"https:\/\/api.w.org\/{rel}","templated":true}]}}