{"id":39545,"date":"2019-12-20T04:26:48","date_gmt":"2019-12-20T03:26:48","guid":{"rendered":"https:\/\/razorgosidemount.eu\/?post_type=product&#038;p=39545"},"modified":"2026-04-20T18:11:41","modified_gmt":"2026-04-20T16:11:41","slug":"eezycut-line-cutter-with-hard-pouch","status":"publish","type":"product","link":"https:\/\/razorgosidemount.eu\/fr\/product\/eezycut-line-cutter-with-hard-pouch\/","title":{"rendered":"Eezycut dans une pochette de harnais"},"content":{"rendered":"<div data-elementor-type=\"section\" data-elementor-id=\"43288\" class=\"elementor elementor-43288\" data-elementor-post-type=\"elementor_library\">\n\t\t\t\t\t<section class=\"elementor-section elementor-top-section elementor-element elementor-element-7dcf5be elementor-section-boxed elementor-section-height-default elementor-section-height-default\" data-id=\"7dcf5be\" data-element_type=\"section\" data-e-type=\"section\">\n\t\t\t\t\t\t<div class=\"elementor-container elementor-column-gap-no\">\n\t\t\t\t\t<div class=\"elementor-column elementor-col-100 elementor-top-column elementor-element elementor-element-6d21b59\" data-id=\"6d21b59\" data-element_type=\"column\" data-e-type=\"column\">\n\t\t\t<div class=\"elementor-widget-wrap elementor-element-populated\">\n\t\t\t\t\t\t<div class=\"elementor-element elementor-element-3f28978 elementor-widget elementor-widget-heading\" data-id=\"3f28978\" data-element_type=\"widget\" data-e-type=\"widget\" data-widget_type=\"heading.default\">\n\t\t\t\t<div class=\"elementor-widget-container\">\n\t\t\t\t\t<h2 class=\"elementor-heading-title elementor-size-default\">Comment utiliser<\/h2>\t\t\t\t<\/div>\n\t\t\t\t<\/div>\n\t\t\t\t<div class=\"elementor-element elementor-element-e2b9e60 elementor-widget elementor-widget-text-editor\" data-id=\"e2b9e60\" data-element_type=\"widget\" data-e-type=\"widget\" data-widget_type=\"text-editor.default\">\n\t\t\t\t<div class=\"elementor-widget-container\">\n\t\t\t\t\t\t\t\t\t<p>Le m\u00e9canisme sp\u00e9cialement brevet\u00e9 signifie que cet outil unique n\u00e9cessite des techniques diff\u00e9rentes des produits traditionnels. Cette page devrait vous aider \u00e0 tirer le meilleur parti de l&#039;appareil.<\/p><p>En raison des TOL\u00c9RANCES sur la fente sur laquelle la lame se trouve, il est impossible d&#039;obtenir l&#039;alignement parfait de la lame au milieu. En cons\u00e9quence, la lame aura tendance \u00e0 se pencher l\u00e9g\u00e8rement sur un c\u00f4t\u00e9 plus que sur l&#039;autre. L&#039;utilisateur peut parfois le remarquer, car l&#039;outil ressent une coupe diff\u00e9rente d&#039;un c\u00f4t\u00e9 que de l&#039;autre.<\/p>\t\t\t\t\t\t\t\t<\/div>\n\t\t\t\t<\/div>\n\t\t\t\t\t<\/div>\n\t\t<\/div>\n\t\t\t\t\t<\/div>\n\t\t<\/section>\n\t\t\t\t<section class=\"elementor-section elementor-top-section elementor-element elementor-element-99329ce elementor-section-boxed elementor-section-height-default elementor-section-height-default\" data-id=\"99329ce\" data-element_type=\"section\" data-e-type=\"section\">\n\t\t\t\t\t\t<div class=\"elementor-container elementor-column-gap-no\">\n\t\t\t\t\t<div class=\"elementor-column elementor-col-100 elementor-top-column elementor-element elementor-element-5144729\" data-id=\"5144729\" data-element_type=\"column\" data-e-type=\"column\">\n\t\t\t<div class=\"elementor-widget-wrap elementor-element-populated\">\n\t\t\t\t\t\t<div class=\"elementor-element elementor-element-24b3d10 elementor-widget elementor-widget-heading\" data-id=\"24b3d10\" data-element_type=\"widget\" data-e-type=\"widget\" data-widget_type=\"heading.default\">\n\t\t\t\t<div class=\"elementor-widget-container\">\n\t\t\t\t\t<h2 class=\"elementor-heading-title elementor-size-default\">COMMENT COUPER LA LIGNE<\/h2>\t\t\t\t<\/div>\n\t\t\t\t<\/div>\n\t\t\t\t<div class=\"elementor-element elementor-element-3ebf621 elementor-widget elementor-widget-text-editor\" data-id=\"3ebf621\" data-element_type=\"widget\" data-e-type=\"widget\" data-widget_type=\"text-editor.default\">\n\t\t\t\t<div class=\"elementor-widget-container\">\n\t\t\t\t\t\t\t\t\t<p>Le TRILOBITE est con\u00e7u pour couper des lignes jusqu&#039;\u00e0 8 mm d&#039;\u00e9paisseur, mais il peut couper jusqu&#039;\u00e0 12 mm. L&#039;outil fonctionne \u00e0 son meilleur lorsqu&#039;il y a de la tension sur la ligne. L&#039;outil coupe parfaitement sans tension, comme on peut le voir dans la galerie vid\u00e9o, mais les meilleurs r\u00e9sultats sont obtenus lorsque l&#039;utilisateur met la tension sur la ligne \u00e0 couper.<\/p>\t\t\t\t\t\t\t\t<\/div>\n\t\t\t\t<\/div>\n\t\t\t\t\t<\/div>\n\t\t<\/div>\n\t\t\t\t\t<\/div>\n\t\t<\/section>\n\t\t\t\t<section class=\"elementor-section elementor-top-section elementor-element elementor-element-a919738 elementor-section-boxed elementor-section-height-default elementor-section-height-default\" data-id=\"a919738\" data-element_type=\"section\" data-e-type=\"section\">\n\t\t\t\t\t\t<div class=\"elementor-container elementor-column-gap-no\">\n\t\t\t\t\t<div class=\"elementor-column elementor-col-100 elementor-top-column elementor-element elementor-element-31eb6f8\" data-id=\"31eb6f8\" data-element_type=\"column\" data-e-type=\"column\">\n\t\t\t<div class=\"elementor-widget-wrap elementor-element-populated\">\n\t\t\t\t\t\t<div class=\"elementor-element elementor-element-d38ddb9 elementor-widget elementor-widget-text-editor\" data-id=\"d38ddb9\" data-element_type=\"widget\" data-e-type=\"widget\" data-widget_type=\"text-editor.default\">\n\t\t\t\t<div class=\"elementor-widget-container\">\n\t\t\t\t\t\t\t\t\t<p>L&#039;outil peut \u00eatre tenu avec l&#039;index et le pouce sur la fente, ou avec l&#039;index \u00e9tendu sur l&#039;avant du cadre.\u00a0<strong>EN TENANT L&#039;OUTIL AVEC LE DOIGT D&#039;INDEX SUR LA FENTE, L&#039;OUTIL EST CHANG\u00c9 EN UN OUTIL DE COUPE \u00c0 UN C\u00d4T\u00c9.<\/strong>\u00a0Quelle que soit la fa\u00e7on dont vous l&#039;utilisez, assurez-vous de ne pas vous couper sur la lame. La lame est bien prot\u00e9g\u00e9e de vos mains, mais elle n&#039;est pas \u00e0 toute \u00e9preuve, et peut facilement provoquer des blessures si elle est manipul\u00e9e trop maladroitement. Veillez \u00e0 ne pas vous blesser en remettant l&#039;outil dans sa gaine. Lorsque la ligne est dans la fente, tirez simplement sur le coude et regardez-la passer.<\/p>\t\t\t\t\t\t\t\t<\/div>\n\t\t\t\t<\/div>\n\t\t\t\t<section class=\"elementor-section elementor-inner-section elementor-element elementor-element-fb7abc7 elementor-section-boxed elementor-section-height-default elementor-section-height-default\" data-id=\"fb7abc7\" data-element_type=\"section\" data-e-type=\"section\">\n\t\t\t\t\t\t<div class=\"elementor-container elementor-column-gap-no\">\n\t\t\t\t\t<div class=\"elementor-column elementor-col-50 elementor-inner-column elementor-element elementor-element-0d5ff29\" data-id=\"0d5ff29\" data-element_type=\"column\" data-e-type=\"column\">\n\t\t\t<div class=\"elementor-widget-wrap elementor-element-populated\">\n\t\t\t\t\t\t<div class=\"elementor-element elementor-element-22cd6a1 elementor-widget elementor-widget-video\" data-id=\"22cd6a1\" data-element_type=\"widget\" data-e-type=\"widget\" data-settings=\"{&quot;youtube_url&quot;:&quot;https:\\\/\\\/youtu.be\\\/EuFulLEQD2Y&quot;,&quot;video_type&quot;:&quot;youtube&quot;,&quot;controls&quot;:&quot;yes&quot;}\" data-widget_type=\"video.default\">\n\t\t\t\t<div class=\"elementor-widget-container\">\n\t\t\t\t\t\t\t<div class=\"elementor-wrapper elementor-open-inline\">\n\t\t\t<div class=\"elementor-video\"><\/div>\t\t<\/div>\n\t\t\t\t\t\t<\/div>\n\t\t\t\t<\/div>\n\t\t\t\t\t<\/div>\n\t\t<\/div>\n\t\t\t\t<div class=\"elementor-column elementor-col-50 elementor-inner-column elementor-element elementor-element-2721080\" data-id=\"2721080\" data-element_type=\"column\" data-e-type=\"column\">\n\t\t\t<div class=\"elementor-widget-wrap elementor-element-populated\">\n\t\t\t\t\t\t<div class=\"elementor-element elementor-element-9fcd5f8 elementor-widget elementor-widget-video\" data-id=\"9fcd5f8\" data-element_type=\"widget\" data-e-type=\"widget\" data-settings=\"{&quot;youtube_url&quot;:&quot;https:\\\/\\\/youtu.be\\\/VAcGkn-LJGo&quot;,&quot;video_type&quot;:&quot;youtube&quot;,&quot;controls&quot;:&quot;yes&quot;}\" data-widget_type=\"video.default\">\n\t\t\t\t<div class=\"elementor-widget-container\">\n\t\t\t\t\t\t\t<div class=\"elementor-wrapper elementor-open-inline\">\n\t\t\t<div class=\"elementor-video\"><\/div>\t\t<\/div>\n\t\t\t\t\t\t<\/div>\n\t\t\t\t<\/div>\n\t\t\t\t\t<\/div>\n\t\t<\/div>\n\t\t\t\t\t<\/div>\n\t\t<\/section>\n\t\t\t\t\t<\/div>\n\t\t<\/div>\n\t\t\t\t\t<\/div>\n\t\t<\/section>\n\t\t\t\t<section class=\"elementor-section elementor-top-section elementor-element elementor-element-f13ce3f elementor-section-boxed elementor-section-height-default elementor-section-height-default\" data-id=\"f13ce3f\" data-element_type=\"section\" data-e-type=\"section\">\n\t\t\t\t\t\t<div class=\"elementor-container elementor-column-gap-no\">\n\t\t\t\t\t<div class=\"elementor-column elementor-col-50 elementor-top-column elementor-element elementor-element-2fee5ee\" data-id=\"2fee5ee\" data-element_type=\"column\" data-e-type=\"column\">\n\t\t\t<div class=\"elementor-widget-wrap elementor-element-populated\">\n\t\t\t\t\t\t<div class=\"elementor-element elementor-element-3fdf47c elementor-widget elementor-widget-heading\" data-id=\"3fdf47c\" data-element_type=\"widget\" data-e-type=\"widget\" data-widget_type=\"heading.default\">\n\t\t\t\t<div class=\"elementor-widget-container\">\n\t\t\t\t\t<h2 class=\"elementor-heading-title elementor-size-default\">COMMENT COUPER UNE LIGNE PLUS \u00c9PAISSE<\/h2>\t\t\t\t<\/div>\n\t\t\t\t<\/div>\n\t\t\t\t<div class=\"elementor-element elementor-element-990e0a6 elementor-widget elementor-widget-text-editor\" data-id=\"990e0a6\" data-element_type=\"widget\" data-e-type=\"widget\" data-widget_type=\"text-editor.default\">\n\t\t\t\t<div class=\"elementor-widget-container\">\n\t\t\t\t\t\t\t\t\t<p>Le TRILOBITE est con\u00e7u pour couper sans effort des lignes jusqu&#039;\u00e0 8 mm. Cependant, avec les bonnes techniques, il est facile de couper une ligne jusqu&#039;\u00e0 12 mm, comme le montre cette vid\u00e9o.<\/p>\t\t\t\t\t\t\t\t<\/div>\n\t\t\t\t<\/div>\n\t\t\t\t\t<\/div>\n\t\t<\/div>\n\t\t\t\t<div class=\"elementor-column elementor-col-50 elementor-top-column elementor-element elementor-element-b2b226f\" data-id=\"b2b226f\" data-element_type=\"column\" data-e-type=\"column\">\n\t\t\t<div class=\"elementor-widget-wrap elementor-element-populated\">\n\t\t\t\t\t\t<div class=\"elementor-element elementor-element-2e9c9b6 elementor-widget elementor-widget-video\" data-id=\"2e9c9b6\" data-element_type=\"widget\" data-e-type=\"widget\" data-settings=\"{&quot;youtube_url&quot;:&quot;https:\\\/\\\/youtu.be\\\/lrXvMoVGqd8&quot;,&quot;video_type&quot;:&quot;youtube&quot;,&quot;controls&quot;:&quot;yes&quot;}\" data-widget_type=\"video.default\">\n\t\t\t\t<div class=\"elementor-widget-container\">\n\t\t\t\t\t\t\t<div class=\"elementor-wrapper elementor-open-inline\">\n\t\t\t<div class=\"elementor-video\"><\/div>\t\t<\/div>\n\t\t\t\t\t\t<\/div>\n\t\t\t\t<\/div>\n\t\t\t\t\t<\/div>\n\t\t<\/div>\n\t\t\t\t\t<\/div>\n\t\t<\/section>\n\t\t\t\t<section class=\"elementor-section elementor-top-section elementor-element elementor-element-7faa56c elementor-reverse-mobile elementor-section-boxed elementor-section-height-default elementor-section-height-default\" data-id=\"7faa56c\" data-element_type=\"section\" data-e-type=\"section\">\n\t\t\t\t\t\t<div class=\"elementor-container elementor-column-gap-no\">\n\t\t\t\t\t<div class=\"elementor-column elementor-col-50 elementor-top-column elementor-element elementor-element-bd12718\" data-id=\"bd12718\" data-element_type=\"column\" data-e-type=\"column\">\n\t\t\t<div class=\"elementor-widget-wrap elementor-element-populated\">\n\t\t\t\t\t\t<div class=\"elementor-element elementor-element-16c2440 elementor-widget elementor-widget-video\" data-id=\"16c2440\" data-element_type=\"widget\" data-e-type=\"widget\" data-settings=\"{&quot;youtube_url&quot;:&quot;https:\\\/\\\/youtu.be\\\/ecnpVSQdmmI&quot;,&quot;video_type&quot;:&quot;youtube&quot;,&quot;controls&quot;:&quot;yes&quot;}\" data-widget_type=\"video.default\">\n\t\t\t\t<div class=\"elementor-widget-container\">\n\t\t\t\t\t\t\t<div class=\"elementor-wrapper elementor-open-inline\">\n\t\t\t<div class=\"elementor-video\"><\/div>\t\t<\/div>\n\t\t\t\t\t\t<\/div>\n\t\t\t\t<\/div>\n\t\t\t\t\t<\/div>\n\t\t<\/div>\n\t\t\t\t<div class=\"elementor-column elementor-col-50 elementor-top-column elementor-element elementor-element-3503569\" data-id=\"3503569\" data-element_type=\"column\" data-e-type=\"column\">\n\t\t\t<div class=\"elementor-widget-wrap elementor-element-populated\">\n\t\t\t\t\t\t<div class=\"elementor-element elementor-element-db62bc3 elementor-widget elementor-widget-heading\" data-id=\"db62bc3\" data-element_type=\"widget\" data-e-type=\"widget\" data-widget_type=\"heading.default\">\n\t\t\t\t<div class=\"elementor-widget-container\">\n\t\t\t\t\t<h2 class=\"elementor-heading-title elementor-size-default\">COMMENT COUPER LE WEBBING<\/h2>\t\t\t\t<\/div>\n\t\t\t\t<\/div>\n\t\t\t\t<div class=\"elementor-element elementor-element-1413a56 elementor-widget elementor-widget-text-editor\" data-id=\"1413a56\" data-element_type=\"widget\" data-e-type=\"widget\" data-widget_type=\"text-editor.default\">\n\t\t\t\t<div class=\"elementor-widget-container\">\n\t\t\t\t\t\t\t\t\t<p>Le TRILOBITE est con\u00e7u pour couper des sangles de toutes \u00e9paisseurs. L&#039;outil fonctionne mieux lorsqu&#039;il y a une tension sur la sangle.<br \/>Pour couper la sangle de mani\u00e8re optimale, il existe une action de coupe diff\u00e9rente de celle requise pour couper la ligne. Pour de meilleurs r\u00e9sultats, \u00e9tendez votre index sur le devant du cadre, comme dans les images ci-dessous. Tout en tirant vers l&#039;arri\u00e8re, avec la sangle dans la fente, poussez l&#039;avant de l&#039;outil vers le bas avec l&#039;index, comme une griffe d&#039;accrochage. Le mouvement vient du poignet. Essayez de couper la sangle avant qu&#039;elle n&#039;atteigne l&#039;extr\u00e9mit\u00e9 du bras.<\/p>\t\t\t\t\t\t\t\t<\/div>\n\t\t\t\t<\/div>\n\t\t\t\t\t<\/div>\n\t\t<\/div>\n\t\t\t\t\t<\/div>\n\t\t<\/section>\n\t\t\t\t<section class=\"elementor-section elementor-top-section elementor-element elementor-element-6f0b4ed elementor-section-boxed elementor-section-height-default elementor-section-height-default\" data-id=\"6f0b4ed\" data-element_type=\"section\" data-e-type=\"section\">\n\t\t\t\t\t\t<div class=\"elementor-container elementor-column-gap-no\">\n\t\t\t\t\t<div class=\"elementor-column elementor-col-50 elementor-top-column elementor-element elementor-element-52edfb7\" data-id=\"52edfb7\" data-element_type=\"column\" data-e-type=\"column\">\n\t\t\t<div class=\"elementor-widget-wrap elementor-element-populated\">\n\t\t\t\t\t\t<div class=\"elementor-element elementor-element-93c1bab elementor-widget elementor-widget-heading\" data-id=\"93c1bab\" data-element_type=\"widget\" data-e-type=\"widget\" data-widget_type=\"heading.default\">\n\t\t\t\t<div class=\"elementor-widget-container\">\n\t\t\t\t\t<h2 class=\"elementor-heading-title elementor-size-default\">COMMENT CHANGER LA LAME<\/h2>\t\t\t\t<\/div>\n\t\t\t\t<\/div>\n\t\t\t\t<div class=\"elementor-element elementor-element-80b4bd9 elementor-widget elementor-widget-text-editor\" data-id=\"80b4bd9\" data-element_type=\"widget\" data-e-type=\"widget\" data-widget_type=\"text-editor.default\">\n\t\t\t\t<div class=\"elementor-widget-container\">\n\t\t\t\t\t\t\t\t\t<p>Utilisez des gants en nitrile pour la protection. D\u00e9vissez les \u00e9crous hexagonaux. Ouvrez l&#039;outil \u00e0 l&#039;avant via le \u00abtrou de levier\u00bb. Ouvrez doucement l&#039;outil, y compris dans les LOCATORS. Soulevez la lame et jetez-la en toute s\u00e9curit\u00e9. Ins\u00e9rez la nouvelle lame et fermez-la fermement avec les \u00e9crous hexagonaux. Poussez l&#039;outil ensemble aux localisateurs. Vous pouvez soit fermer les bras fermement avec vos doigts, soit tr\u00e8s doucement avec un jeu de pinces. Veillez \u00e0 ne pas trop serrer, car les extr\u00e9mit\u00e9s peuvent entra\u00eener de l\u00e9g\u00e8res fissures. Bien que cela ne soit pas le bienvenu, si cela se produit, cela ne nuit en rien au fonctionnement de l&#039;outil.<\/p>\t\t\t\t\t\t\t\t<\/div>\n\t\t\t\t<\/div>\n\t\t\t\t\t<\/div>\n\t\t<\/div>\n\t\t\t\t<div class=\"elementor-column elementor-col-50 elementor-top-column elementor-element elementor-element-056e6e5\" data-id=\"056e6e5\" data-element_type=\"column\" data-e-type=\"column\">\n\t\t\t<div class=\"elementor-widget-wrap elementor-element-populated\">\n\t\t\t\t\t\t<div class=\"elementor-element elementor-element-8c6bcbf elementor-widget elementor-widget-video\" data-id=\"8c6bcbf\" data-element_type=\"widget\" data-e-type=\"widget\" data-settings=\"{&quot;youtube_url&quot;:&quot;https:\\\/\\\/youtu.be\\\/kyp-KIoiGzc&quot;,&quot;video_type&quot;:&quot;youtube&quot;,&quot;controls&quot;:&quot;yes&quot;}\" data-widget_type=\"video.default\">\n\t\t\t\t<div class=\"elementor-widget-container\">\n\t\t\t\t\t\t\t<div class=\"elementor-wrapper elementor-open-inline\">\n\t\t\t<div class=\"elementor-video\"><\/div>\t\t<\/div>\n\t\t\t\t\t\t<\/div>\n\t\t\t\t<\/div>\n\t\t\t\t\t<\/div>\n\t\t<\/div>\n\t\t\t\t\t<\/div>\n\t\t<\/section>\n\t\t\t\t<\/div>","protected":false},"excerpt":{"rendered":"<p>Le EEZYCUT a \u00e9t\u00e9 d\u00e9velopp\u00e9 pour les plongeurs, les marins, les alpinistes, les aventuriers de sports extr\u00eames et les services de sauvetage qui exigent un outil s\u00fbr et efficace permettant une coupe rapide.<\/p>","protected":false},"featured_media":39546,"comment_status":"closed","ping_status":"closed","template":"","meta":[],"etheme_brands":[{"term_id":3467,"name":"Eezycut","slug":"eezycut","term_group":0,"term_taxonomy_id":3467,"taxonomy":"brand","description":"","parent":0,"count":3,"filter":"raw","order":"0"}],"product_brand":[],"product_cat":[3302,3334],"product_tag":[],"class_list":{"0":"post-39545","1":"product","2":"type-product","3":"status-publish","4":"has-post-thumbnail","6":"brand-eezycut","7":"product_cat-tools","8":"product_cat-cutting_devices","10":"first","11":"instock","12":"taxable","13":"shipping-taxable","14":"purchasable","15":"product-type-simple"},"_links":{"self":[{"href":"https:\/\/razorgosidemount.eu\/fr\/wp-json\/wp\/v2\/product\/39545","targetHints":{"allow":["GET"]}}],"collection":[{"href":"https:\/\/razorgosidemount.eu\/fr\/wp-json\/wp\/v2\/product"}],"about":[{"href":"https:\/\/razorgosidemount.eu\/fr\/wp-json\/wp\/v2\/types\/product"}],"replies":[{"embeddable":true,"href":"https:\/\/razorgosidemount.eu\/fr\/wp-json\/wp\/v2\/comments?post=39545"}],"version-history":[{"count":2,"href":"https:\/\/razorgosidemount.eu\/fr\/wp-json\/wp\/v2\/product\/39545\/revisions"}],"predecessor-version":[{"id":64961,"href":"https:\/\/razorgosidemount.eu\/fr\/wp-json\/wp\/v2\/product\/39545\/revisions\/64961"}],"wp:featuredmedia":[{"embeddable":true,"href":"https:\/\/razorgosidemount.eu\/fr\/wp-json\/wp\/v2\/media\/39546"}],"wp:attachment":[{"href":"https:\/\/razorgosidemount.eu\/fr\/wp-json\/wp\/v2\/media?parent=39545"}],"wp:term":[{"taxonomy":"brand","embeddable":true,"href":"https:\/\/razorgosidemount.eu\/fr\/wp-json\/wp\/v2\/etheme_brands?post=39545"},{"taxonomy":"product_brand","embeddable":true,"href":"https:\/\/razorgosidemount.eu\/fr\/wp-json\/wp\/v2\/product_brand?post=39545"},{"taxonomy":"product_cat","embeddable":true,"href":"https:\/\/razorgosidemount.eu\/fr\/wp-json\/wp\/v2\/product_cat?post=39545"},{"taxonomy":"product_tag","embeddable":true,"href":"https:\/\/razorgosidemount.eu\/fr\/wp-json\/wp\/v2\/product_tag?post=39545"}],"curies":[{"name":"wp","href":"https:\/\/api.w.org\/{rel}","templated":true}]}}