{"id":39291,"date":"2019-12-15T04:36:12","date_gmt":"2019-12-15T03:36:12","guid":{"rendered":"https:\/\/razorgosidemount.eu\/?post_type=product&#038;p=39291"},"modified":"2023-04-22T15:43:06","modified_gmt":"2023-04-22T13:43:06","slug":"razor-side-mount-long-sleeve-woman-body-fit","status":"publish","type":"product","link":"https:\/\/razorgosidemount.eu\/fr\/product\/razor-side-mount-long-sleeve-woman-body-fit\/","title":{"rendered":"CHEMISE \u00c0 MANCHES LONGUES \u00c9LASTIQUE RAZOR \u2013 FEMMES"},"content":{"rendered":"<style><!-- .hod-table {width: 100%; margin: 0 0 4px 0; border-collapse: collapse;} .hod-table th { font-size: 14px; font-weight: 400; text-transform: uppercase; color: white; font-weight: 700; background: #22212c; text-align: left; padding: 10px 15px;} .hod-table td {padding: 7px 15px; font-size: 12px; color: #000; text-align: right;} .hod-table tr:nth-child(2n) {background: #d7d7d7;} .hod-table tr:nth-child(2n+1) {background: #f1f1f1;} .hod-table td:nth-child(1n+2) {border-left: 1px solid #c0c0c0;} --><\/style>\n<p><!-- CONTENT BLOCK BLACK -------------------------------------------------------><\/p>\n<div class=\"fc_container v-middle clearfix\" style=\"background-color: #f8f8f8; padding: 0 15px 0 15px; margin: 0 0 0 0; display: flex; justify-content: center; align-items: top; flex-wrap: wrap;\">\n<div class=\"fc_grid_6 no-padding cell\"><img decoding=\"async\" src=\"\/images\/Hoodies\/measurement.gif\" alt=\"Razor Hoodies Masstabelle\" width=\"90%\" \/><\/div>\n<div class=\"fc_grid_6 no-padding cell\">\n<table class=\"hod-table\">\n<tbody>\n<tr>\n<th colspan=\"6\">MANCHES LONGUES SPANDEX POUR HOMMES<\/th>\n<\/tr>\n<tr>\n<td><span style=\"font-weight: bold;\">TAILLE<\/span><\/td>\n<td><span style=\"font-weight: bold;\">S<\/span><\/td>\n<td><span style=\"font-weight: bold;\">M<\/span><\/td>\n<td><span style=\"font-weight: bold;\">L<\/span><\/td>\n<td><span style=\"font-weight: bold;\">XL<\/span><\/td>\n<td><span style=\"font-weight: bold;\">2XL<\/span><\/td>\n<\/tr>\n<tr>\n<td>Une longueur<\/td>\n<td>68.5<\/td>\n<td>71<\/td>\n<td>73.5<\/td>\n<td>76<\/td>\n<td>78.5<\/td>\n<\/tr>\n<tr>\n<td>B d\u00e9collet\u00e9 dans le dos<\/td>\n<td>20.5<\/td>\n<td>21<\/td>\n<td>21.5<\/td>\n<td>22<\/td>\n<td>22.5<\/td>\n<\/tr>\n<tr>\n<td>C Longueur des manches<\/td>\n<td>66.5<\/td>\n<td>68<\/td>\n<td>69.5<\/td>\n<td>71<\/td>\n<td>71<\/td>\n<\/tr>\n<tr>\n<td>D Largeur de l&#039;ouverture de la manche<\/td>\n<td>10.5<\/td>\n<td>10.5<\/td>\n<td>10.5<\/td>\n<td>11.5<\/td>\n<td>11.5<\/td>\n<\/tr>\n<tr>\n<td>E Ouverture \u00e0 la taille<\/td>\n<td>39.5<\/td>\n<td>43<\/td>\n<td>46.5<\/td>\n<td>50<\/td>\n<td>53.5<\/td>\n<\/tr>\n<tr>\n<td colspan=\"6\"><span style=\"float: right; color: #000000; text-align: right; font-size: 11px;\">Dimensions en cm<\/span><\/td>\n<\/tr>\n<tr>\n<td colspan=\"6\">Toutes les tailles sont dans les limites de tol\u00e9rance standard de l&#039;industrie et d\u00e9pendent de chaque produit.<\/td>\n<\/tr>\n<\/tbody>\n<\/table>\n<table class=\"hod-table\">\n<tbody>\n<tr>\n<th colspan=\"5\">FEMME SPANDEX LING SLEEVE<\/th>\n<\/tr>\n<tr>\n<td><span style=\"font-weight: bold;\">TAILLE<\/span><\/td>\n<td><span style=\"font-weight: bold;\">S<\/span><\/td>\n<td><span style=\"font-weight: bold;\">M<\/span><\/td>\n<td><span style=\"font-weight: bold;\">L<\/span><\/td>\n<td><span style=\"font-weight: bold;\">XL<\/span><\/td>\n<\/tr>\n<tr>\n<td>Une longueur<\/td>\n<td>62<\/td>\n<td>64.5<\/td>\n<td>67<\/td>\n<td>69.5<\/td>\n<\/tr>\n<tr>\n<td>B d\u00e9collet\u00e9 dans le dos<\/td>\n<td>21<\/td>\n<td>21.5<\/td>\n<td>22<\/td>\n<td>22.5<\/td>\n<\/tr>\n<tr>\n<td>C Longueur des manches<\/td>\n<td>62<\/td>\n<td>63.5<\/td>\n<td>65<\/td>\n<td>66.5<\/td>\n<\/tr>\n<tr>\n<td>D Largeur de l&#039;ouverture de la manche<\/td>\n<td>8<\/td>\n<td>8<\/td>\n<td>9<\/td>\n<td>9<\/td>\n<\/tr>\n<tr>\n<td>E Ouverture \u00e0 la taille<\/td>\n<td>42<\/td>\n<td>45<\/td>\n<td>48<\/td>\n<td>51<\/td>\n<\/tr>\n<tr>\n<td colspan=\"5\"><span style=\"float: right; color: #000000; text-align: right; font-size: 11px;\">Dimensions en cm<\/span><\/td>\n<\/tr>\n<tr>\n<td colspan=\"5\">Toutes les tailles sont dans les limites de tol\u00e9rance standard de l&#039;industrie et d\u00e9pendent de chaque produit.<\/td>\n<\/tr>\n<\/tbody>\n<\/table>\n<\/div>\n<\/div>","protected":false},"excerpt":{"rendered":"<p class=\"translation-block\">\u2022 La couleur noire <br> \u2022 Poids: 170 g \/ m\u00b2 <br> \u2022 95% Coton fil\u00e9 \u00e0 l&#039;anneau et peign\u00e9 <br> \u2022 5% Spandex<\/p>","protected":false},"featured_media":40196,"comment_status":"closed","ping_status":"closed","template":"","meta":[],"etheme_brands":[{"term_id":1720,"name":"Razor","slug":"razor","term_group":0,"term_taxonomy_id":1720,"taxonomy":"brand","description":"","parent":0,"count":102,"filter":"raw","order":"0"}],"product_brand":[],"product_cat":[3315,3323],"product_tag":[],"class_list":{"0":"post-39291","1":"product","2":"type-product","3":"status-publish","4":"has-post-thumbnail","6":"brand-razor","7":"product_cat-apparel","8":"product_cat-longsleeves","10":"first","11":"instock","12":"taxable","13":"shipping-taxable","14":"purchasable","15":"product-type-variable","16":"has-default-attributes"},"_links":{"self":[{"href":"https:\/\/razorgosidemount.eu\/fr\/wp-json\/wp\/v2\/product\/39291","targetHints":{"allow":["GET"]}}],"collection":[{"href":"https:\/\/razorgosidemount.eu\/fr\/wp-json\/wp\/v2\/product"}],"about":[{"href":"https:\/\/razorgosidemount.eu\/fr\/wp-json\/wp\/v2\/types\/product"}],"replies":[{"embeddable":true,"href":"https:\/\/razorgosidemount.eu\/fr\/wp-json\/wp\/v2\/comments?post=39291"}],"version-history":[{"count":1,"href":"https:\/\/razorgosidemount.eu\/fr\/wp-json\/wp\/v2\/product\/39291\/revisions"}],"predecessor-version":[{"id":60526,"href":"https:\/\/razorgosidemount.eu\/fr\/wp-json\/wp\/v2\/product\/39291\/revisions\/60526"}],"wp:featuredmedia":[{"embeddable":true,"href":"https:\/\/razorgosidemount.eu\/fr\/wp-json\/wp\/v2\/media\/40196"}],"wp:attachment":[{"href":"https:\/\/razorgosidemount.eu\/fr\/wp-json\/wp\/v2\/media?parent=39291"}],"wp:term":[{"taxonomy":"brand","embeddable":true,"href":"https:\/\/razorgosidemount.eu\/fr\/wp-json\/wp\/v2\/etheme_brands?post=39291"},{"taxonomy":"product_brand","embeddable":true,"href":"https:\/\/razorgosidemount.eu\/fr\/wp-json\/wp\/v2\/product_brand?post=39291"},{"taxonomy":"product_cat","embeddable":true,"href":"https:\/\/razorgosidemount.eu\/fr\/wp-json\/wp\/v2\/product_cat?post=39291"},{"taxonomy":"product_tag","embeddable":true,"href":"https:\/\/razorgosidemount.eu\/fr\/wp-json\/wp\/v2\/product_tag?post=39291"}],"curies":[{"name":"wp","href":"https:\/\/api.w.org\/{rel}","templated":true}]}}