{"id":32661,"date":"2019-09-26T20:36:52","date_gmt":"2019-09-26T18:36:52","guid":{"rendered":"https:\/\/asia.razorgosidemount.com\/?post_type=product&#038;p=32661"},"modified":"2026-04-12T03:29:56","modified_gmt":"2026-04-12T01:29:56","slug":"razor-hand-mount-light-holder","status":"publish","type":"product","link":"https:\/\/razorgosidemount.eu\/fr\/product\/razor-hand-mount-light-holder\/","title":{"rendered":"SUPPORT MANUEL RAZOR &amp; SUPPORT RAZOR POUR LAMPE"},"content":{"rendered":"<p>\t\t<div data-elementor-type=\"section\" data-elementor-id=\"43538\" class=\"elementor elementor-43538\" data-elementor-post-type=\"elementor_library\">\n\t\t\t\t\t<section class=\"elementor-section elementor-top-section elementor-element elementor-element-6a4c3b6 elementor-section-boxed elementor-section-height-default elementor-section-height-default\" data-id=\"6a4c3b6\" data-element_type=\"section\" data-e-type=\"section\">\n\t\t\t\t\t\t<div class=\"elementor-container elementor-column-gap-default\">\n\t\t\t\t\t<div class=\"elementor-column elementor-col-100 elementor-top-column elementor-element elementor-element-9ddbffe\" data-id=\"9ddbffe\" data-element_type=\"column\" data-e-type=\"column\">\n\t\t\t<div class=\"elementor-widget-wrap elementor-element-populated\">\n\t\t\t\t\t\t<div class=\"elementor-element elementor-element-84af0a7 elementor-widget elementor-widget-heading\" data-id=\"84af0a7\" data-element_type=\"widget\" data-e-type=\"widget\" data-widget_type=\"heading.default\">\n\t\t\t\t<div class=\"elementor-widget-container\">\n\t\t\t\t\t<h3 class=\"elementor-heading-title elementor-size-default\">Syst\u00e8me de montage pour lampe Razor<\/h3>\t\t\t\t<\/div>\n\t\t\t\t<\/div>\n\t\t\t\t\t<\/div>\n\t\t<\/div>\n\t\t\t\t\t<\/div>\n\t\t<\/section>\n\t\t\t\t<section class=\"elementor-section elementor-top-section elementor-element elementor-element-28b4509 elementor-section-boxed elementor-section-height-default elementor-section-height-default\" data-id=\"28b4509\" data-element_type=\"section\" data-e-type=\"section\">\n\t\t\t\t\t\t<div class=\"elementor-container elementor-column-gap-no\">\n\t\t\t\t\t<div class=\"elementor-column elementor-col-100 elementor-top-column elementor-element elementor-element-c8126ef\" data-id=\"c8126ef\" data-element_type=\"column\" data-e-type=\"column\">\n\t\t\t<div class=\"elementor-widget-wrap elementor-element-populated\">\n\t\t\t\t\t\t<div class=\"elementor-element elementor-element-2ea36c7 elementor-widget elementor-widget-image\" data-id=\"2ea36c7\" data-element_type=\"widget\" data-e-type=\"widget\" data-widget_type=\"image.default\">\n\t\t\t\t<div class=\"elementor-widget-container\">\n\t\t\t\t\t\t\t\t\t\t\t\t\t\t\t<img loading=\"lazy\" decoding=\"async\" width=\"1920\" height=\"784\" src=\"https:\/\/razorgosidemount.eu\/wp-content\/uploads\/2019\/09\/LMS_EN1-1.jpg\" class=\"attachment-full size-full wp-image-44014\" alt=\"\" \/>\t\t\t\t\t\t\t\t\t\t\t\t\t\t\t<\/div>\n\t\t\t\t<\/div>\n\t\t\t\t\t<\/div>\n\t\t<\/div>\n\t\t\t\t\t<\/div>\n\t\t<\/section>\n\t\t\t\t<\/div>\n\t\t<br \/>\nLe syst\u00e8me de montage \u00e0 la main Razor fonctionne avec la plupart des marques et mod\u00e8les de lampes primaires avec ou sans cable.<br \/>\nIl est rapide et facile de monter la plaque de montage sur le support manuel.<\/p>","protected":false},"excerpt":{"rendered":"<p>Le syst\u00e8me de montage \u00e0 la main Razor fonctionne avec la plupart des marques et mod\u00e8les de lampes primaires avec ou sans cable.<br \/>\nIl est rapide et facile de monter la plaque de montage sur le support manuel.<\/p>","protected":false},"featured_media":32662,"comment_status":"open","ping_status":"closed","template":"","meta":[],"etheme_brands":[{"term_id":1720,"name":"Razor","slug":"razor","term_group":0,"term_taxonomy_id":1720,"taxonomy":"brand","description":"","parent":0,"count":102,"filter":"raw","order":"0"}],"product_brand":[],"product_cat":[3444,3450],"product_tag":[],"class_list":{"0":"post-32661","1":"product","2":"type-product","3":"status-publish","4":"has-post-thumbnail","6":"brand-razor","7":"product_cat-primary-lights","8":"product_cat-light-mount-system","10":"first","11":"instock","12":"taxable","13":"shipping-taxable","14":"purchasable","15":"product-type-simple"},"_links":{"self":[{"href":"https:\/\/razorgosidemount.eu\/fr\/wp-json\/wp\/v2\/product\/32661","targetHints":{"allow":["GET"]}}],"collection":[{"href":"https:\/\/razorgosidemount.eu\/fr\/wp-json\/wp\/v2\/product"}],"about":[{"href":"https:\/\/razorgosidemount.eu\/fr\/wp-json\/wp\/v2\/types\/product"}],"replies":[{"embeddable":true,"href":"https:\/\/razorgosidemount.eu\/fr\/wp-json\/wp\/v2\/comments?post=32661"}],"version-history":[{"count":2,"href":"https:\/\/razorgosidemount.eu\/fr\/wp-json\/wp\/v2\/product\/32661\/revisions"}],"predecessor-version":[{"id":65477,"href":"https:\/\/razorgosidemount.eu\/fr\/wp-json\/wp\/v2\/product\/32661\/revisions\/65477"}],"wp:featuredmedia":[{"embeddable":true,"href":"https:\/\/razorgosidemount.eu\/fr\/wp-json\/wp\/v2\/media\/32662"}],"wp:attachment":[{"href":"https:\/\/razorgosidemount.eu\/fr\/wp-json\/wp\/v2\/media?parent=32661"}],"wp:term":[{"taxonomy":"brand","embeddable":true,"href":"https:\/\/razorgosidemount.eu\/fr\/wp-json\/wp\/v2\/etheme_brands?post=32661"},{"taxonomy":"product_brand","embeddable":true,"href":"https:\/\/razorgosidemount.eu\/fr\/wp-json\/wp\/v2\/product_brand?post=32661"},{"taxonomy":"product_cat","embeddable":true,"href":"https:\/\/razorgosidemount.eu\/fr\/wp-json\/wp\/v2\/product_cat?post=32661"},{"taxonomy":"product_tag","embeddable":true,"href":"https:\/\/razorgosidemount.eu\/fr\/wp-json\/wp\/v2\/product_tag?post=32661"}],"curies":[{"name":"wp","href":"https:\/\/api.w.org\/{rel}","templated":true}]}}