{"id":32236,"date":"2019-09-16T17:59:19","date_gmt":"2019-09-16T15:59:19","guid":{"rendered":"https:\/\/asia.razorgosidemount.com\/product\/import-placeholder-for-11686\/"},"modified":"2026-04-20T00:52:16","modified_gmt":"2026-04-19T22:52:16","slug":"razor-black-double-ender","status":"publish","type":"product","link":"https:\/\/razorgosidemount.eu\/fr\/product\/razor-black-double-ender\/","title":{"rendered":"MOUSQUETON DOUBLE RAZOR NOIR"},"content":{"rendered":"<div class=\"short-description\">\n<p>Alliage d&#039;acier inoxydable robuste (s\u00e9rie 316) adapt\u00e9 aux applications marines. Pour une longue dur\u00e9e de vie et une facilit\u00e9 d&#039;utilisation, le ressort int\u00e9rieur est \u00e9galement en alliage d&#039;acier inoxydable (s\u00e9rie 316).<\/p>\n<p>Longueur: 4,38 pouces \/ 115 mm<\/p>\n<\/div>","protected":false},"excerpt":{"rendered":"<p>Mousqueton double noir avec logo Razor grav\u00e9 au laser des deux cot\u00e9s.<br \/>\nLongueur 115 mm.<\/p>","protected":false},"featured_media":31746,"comment_status":"closed","ping_status":"closed","template":"","meta":[],"etheme_brands":[{"term_id":1720,"name":"Razor","slug":"razor","term_group":0,"term_taxonomy_id":1720,"taxonomy":"brand","description":"","parent":0,"count":103,"filter":"raw","order":"0"}],"product_brand":[],"product_cat":[3300,3301,3308,3312,3324],"product_tag":[],"class_list":{"0":"post-32236","1":"product","2":"type-product","3":"status-publish","4":"has-post-thumbnail","6":"brand-razor","7":"product_cat-razor-parts","8":"product_cat-hardware","9":"product_cat-spools","10":"product_cat-complete-razor-system","11":"product_cat-new-releases","13":"first","14":"instock","15":"taxable","16":"shipping-taxable","17":"purchasable","18":"product-type-simple"},"_links":{"self":[{"href":"https:\/\/razorgosidemount.eu\/fr\/wp-json\/wp\/v2\/product\/32236","targetHints":{"allow":["GET"]}}],"collection":[{"href":"https:\/\/razorgosidemount.eu\/fr\/wp-json\/wp\/v2\/product"}],"about":[{"href":"https:\/\/razorgosidemount.eu\/fr\/wp-json\/wp\/v2\/types\/product"}],"replies":[{"embeddable":true,"href":"https:\/\/razorgosidemount.eu\/fr\/wp-json\/wp\/v2\/comments?post=32236"}],"version-history":[{"count":1,"href":"https:\/\/razorgosidemount.eu\/fr\/wp-json\/wp\/v2\/product\/32236\/revisions"}],"predecessor-version":[{"id":60499,"href":"https:\/\/razorgosidemount.eu\/fr\/wp-json\/wp\/v2\/product\/32236\/revisions\/60499"}],"wp:featuredmedia":[{"embeddable":true,"href":"https:\/\/razorgosidemount.eu\/fr\/wp-json\/wp\/v2\/media\/31746"}],"wp:attachment":[{"href":"https:\/\/razorgosidemount.eu\/fr\/wp-json\/wp\/v2\/media?parent=32236"}],"wp:term":[{"taxonomy":"brand","embeddable":true,"href":"https:\/\/razorgosidemount.eu\/fr\/wp-json\/wp\/v2\/etheme_brands?post=32236"},{"taxonomy":"product_brand","embeddable":true,"href":"https:\/\/razorgosidemount.eu\/fr\/wp-json\/wp\/v2\/product_brand?post=32236"},{"taxonomy":"product_cat","embeddable":true,"href":"https:\/\/razorgosidemount.eu\/fr\/wp-json\/wp\/v2\/product_cat?post=32236"},{"taxonomy":"product_tag","embeddable":true,"href":"https:\/\/razorgosidemount.eu\/fr\/wp-json\/wp\/v2\/product_tag?post=32236"}],"curies":[{"name":"wp","href":"https:\/\/api.w.org\/{rel}","templated":true}]}}