{"id":32123,"date":"2019-09-16T17:58:35","date_gmt":"2019-09-16T15:58:35","guid":{"rendered":"https:\/\/asia.razorgosidemount.com\/product\/import-placeholder-for-10979\/"},"modified":"2026-04-20T18:11:41","modified_gmt":"2026-04-20T16:11:41","slug":"razor-helmet-mount-light-holder","status":"publish","type":"product","link":"https:\/\/razorgosidemount.eu\/fr\/product\/razor-helmet-mount-light-holder\/","title":{"rendered":"MONTAGE POUR CASQUE ET SUPPORT POUR LAMPE RAZOR"},"content":{"rendered":"<p>\t\t<div data-elementor-type=\"section\" data-elementor-id=\"43538\" class=\"elementor elementor-43538\" data-elementor-post-type=\"elementor_library\">\n\t\t\t\t\t<section class=\"elementor-section elementor-top-section elementor-element elementor-element-6a4c3b6 elementor-section-boxed elementor-section-height-default elementor-section-height-default\" data-id=\"6a4c3b6\" data-element_type=\"section\" data-e-type=\"section\">\n\t\t\t\t\t\t<div class=\"elementor-container elementor-column-gap-default\">\n\t\t\t\t\t<div class=\"elementor-column elementor-col-100 elementor-top-column elementor-element elementor-element-9ddbffe\" data-id=\"9ddbffe\" data-element_type=\"column\" data-e-type=\"column\">\n\t\t\t<div class=\"elementor-widget-wrap elementor-element-populated\">\n\t\t\t\t\t\t<div class=\"elementor-element elementor-element-84af0a7 elementor-widget elementor-widget-heading\" data-id=\"84af0a7\" data-element_type=\"widget\" data-e-type=\"widget\" data-widget_type=\"heading.default\">\n\t\t\t\t<div class=\"elementor-widget-container\">\n\t\t\t\t\t<h3 class=\"elementor-heading-title elementor-size-default\">Syst\u00e8me de montage pour lampe Razor<\/h3>\t\t\t\t<\/div>\n\t\t\t\t<\/div>\n\t\t\t\t\t<\/div>\n\t\t<\/div>\n\t\t\t\t\t<\/div>\n\t\t<\/section>\n\t\t\t\t<section class=\"elementor-section elementor-top-section elementor-element elementor-element-28b4509 elementor-section-boxed elementor-section-height-default elementor-section-height-default\" data-id=\"28b4509\" data-element_type=\"section\" data-e-type=\"section\">\n\t\t\t\t\t\t<div class=\"elementor-container elementor-column-gap-no\">\n\t\t\t\t\t<div class=\"elementor-column elementor-col-100 elementor-top-column elementor-element elementor-element-c8126ef\" data-id=\"c8126ef\" data-element_type=\"column\" data-e-type=\"column\">\n\t\t\t<div class=\"elementor-widget-wrap elementor-element-populated\">\n\t\t\t\t\t\t<div class=\"elementor-element elementor-element-2ea36c7 elementor-widget elementor-widget-image\" data-id=\"2ea36c7\" data-element_type=\"widget\" data-e-type=\"widget\" data-widget_type=\"image.default\">\n\t\t\t\t<div class=\"elementor-widget-container\">\n\t\t\t\t\t\t\t\t\t\t\t\t\t\t\t<img loading=\"lazy\" decoding=\"async\" width=\"1920\" height=\"784\" src=\"https:\/\/razorgosidemount.eu\/wp-content\/uploads\/2019\/09\/LMS_EN1-1.jpg\" class=\"attachment-full size-full wp-image-44014\" alt=\"\" \/>\t\t\t\t\t\t\t\t\t\t\t\t\t\t\t<\/div>\n\t\t\t\t<\/div>\n\t\t\t\t\t<\/div>\n\t\t<\/div>\n\t\t\t\t\t<\/div>\n\t\t<\/section>\n\t\t\t\t<\/div>\n\t\t<br \/>\nLe syst\u00e8me de montage de casque Razor est tr\u00e8s facile \u00e0 utiliser. Il maintient la lumi\u00e8re en place en toute s\u00e9curit\u00e9 pour \u00e9viter qu\u2019elle tombe accidentellement en cas de choc, un probl\u00e8me majeur avec les supports en C, en particulier lors de plong\u00e9e dans les grottes qui exigent une v\u00e9ritable configuration sidemount. La plaque de montage du casque a un profil tr\u00e8s bas id\u00e9al pour les tout petits espaces. Enfin et surtout, la meilleure caract\u00e9ristique du nouveau RHMS est la possibilit\u00e9 de changer l\u2019angle de la t\u00eate de lumi\u00e8re de 170 degr\u00e9s afin de toujours orienter la lumi\u00e8re exactement vers l\u00e0 o\u00f9 vous le souhaitez. Plus aucune excuse pour aveugler vos amis.<\/p>","protected":false},"excerpt":{"rendered":"<p>Le syst\u00e8me de montage pour casque Razor fonctionne avec la plupart des marques et des mod\u00e8les de lampes primaires ombilicales ou non. La plaque de montage pour casque est facile et rapide \u00e0 monter.<\/p>","protected":false},"featured_media":31652,"comment_status":"closed","ping_status":"closed","template":"","meta":[],"etheme_brands":[{"term_id":1720,"name":"Razor","slug":"razor","term_group":0,"term_taxonomy_id":1720,"taxonomy":"brand","description":"","parent":0,"count":103,"filter":"raw","order":"0"}],"product_brand":[],"product_cat":[3241,3300,3333,3444,3450],"product_tag":[],"class_list":{"0":"post-32123","1":"product","2":"type-product","3":"status-publish","4":"has-post-thumbnail","6":"brand-razor","7":"product_cat-razor-side-mount","8":"product_cat-razor-parts","9":"product_cat-helmets","10":"product_cat-primary-lights","11":"product_cat-light-mount-system","13":"first","14":"instock","15":"taxable","16":"shipping-taxable","17":"purchasable","18":"product-type-simple"},"_links":{"self":[{"href":"https:\/\/razorgosidemount.eu\/fr\/wp-json\/wp\/v2\/product\/32123","targetHints":{"allow":["GET"]}}],"collection":[{"href":"https:\/\/razorgosidemount.eu\/fr\/wp-json\/wp\/v2\/product"}],"about":[{"href":"https:\/\/razorgosidemount.eu\/fr\/wp-json\/wp\/v2\/types\/product"}],"replies":[{"embeddable":true,"href":"https:\/\/razorgosidemount.eu\/fr\/wp-json\/wp\/v2\/comments?post=32123"}],"version-history":[{"count":2,"href":"https:\/\/razorgosidemount.eu\/fr\/wp-json\/wp\/v2\/product\/32123\/revisions"}],"predecessor-version":[{"id":65425,"href":"https:\/\/razorgosidemount.eu\/fr\/wp-json\/wp\/v2\/product\/32123\/revisions\/65425"}],"wp:featuredmedia":[{"embeddable":true,"href":"https:\/\/razorgosidemount.eu\/fr\/wp-json\/wp\/v2\/media\/31652"}],"wp:attachment":[{"href":"https:\/\/razorgosidemount.eu\/fr\/wp-json\/wp\/v2\/media?parent=32123"}],"wp:term":[{"taxonomy":"brand","embeddable":true,"href":"https:\/\/razorgosidemount.eu\/fr\/wp-json\/wp\/v2\/etheme_brands?post=32123"},{"taxonomy":"product_brand","embeddable":true,"href":"https:\/\/razorgosidemount.eu\/fr\/wp-json\/wp\/v2\/product_brand?post=32123"},{"taxonomy":"product_cat","embeddable":true,"href":"https:\/\/razorgosidemount.eu\/fr\/wp-json\/wp\/v2\/product_cat?post=32123"},{"taxonomy":"product_tag","embeddable":true,"href":"https:\/\/razorgosidemount.eu\/fr\/wp-json\/wp\/v2\/product_tag?post=32123"}],"curies":[{"name":"wp","href":"https:\/\/api.w.org\/{rel}","templated":true}]}}