{"id":31986,"date":"2019-09-16T17:57:49","date_gmt":"2019-09-16T15:57:49","guid":{"rendered":"https:\/\/asia.razorgosidemount.com\/product\/import-placeholder-for-10023\/"},"modified":"2026-04-12T03:33:52","modified_gmt":"2026-04-12T01:33:52","slug":"100-safety-spool-red","status":"publish","type":"product","link":"https:\/\/razorgosidemount.eu\/fr\/product\/100-safety-spool-red\/","title":{"rendered":"Bobine de s\u00e9curit\u00e9 Rouge - 100\u2032"},"content":{"rendered":"<p><strong>Nos nouvelles bobines de s\u00e9curit\u00e9 en aluminium ne diff\u00e8rent pas seulement par la couleur des autres - leur forme offre \u00e9galement quelques avantages pour les plongeurs qui les utilisent!<\/strong><br \/>\nLe bord extra large facilite l&#039;utilisation de la bobine, en particulier dans les eaux plus froides avec des gants. Les trous le long du bord offrent un espace suppl\u00e9mentaire pour fixer la fin de la ligne \u00e0 travers la bobine et fixer le double ender pour le fixer. Les bobines ordinaires n&#039;offrent que des trous le long du c\u00f4t\u00e9 qui sont assez souvent bloqu\u00e9s par la ligne enroul\u00e9e sur la bobine et rendent difficile de passer la fin ou de trouver suffisamment d&#039;espace pour couper le double ender. La fin de la ligne a \u00e9t\u00e9 renforc\u00e9e avec du plastique noir qui le rend plus facile \u00e0 trouver et donne un meilleur contr\u00f4le.<br \/>\nLes diff\u00e9rentes couleurs permettent d\u00e9j\u00e0 d&#039;identifier plus facilement VOTRE bobine par rapport aux autres. De plus, vous pouvez facilement utiliser le bord large et ses trous pour donner \u00e0 VOTRE bobine une diff\u00e9rence tactile suppl\u00e9mentaire sans perturber son utilisation, vous pouvez donc la localiser m\u00eame \u00e0 faible ou sans visibilit\u00e9.<\/p>\n<p>\u2022 Ligne en nylon blanc de 100 pieds avec renfort \u00e0 la fin<br \/>\n\u2022 Bord extra large pour une manipulation plus facile (\u00e9galement dans l&#039;eau froide avec des gants)<br \/>\n\u2022 Des trous suppl\u00e9mentaires dans le bord laissent plus de possibilit\u00e9s pour personnaliser votre bobine sans distraction en utilisant la ligne<br \/>\n\u2022 Livr\u00e9 avec autocollant double ender et rasoir<br \/>\n\u2022 Disponible en 4 couleurs cool<\/p>","protected":false},"excerpt":{"rendered":"<p class=\"translation-block\">Nouvelles Bobines, cool et l\u00e9g\u00e8res en aluminium avec une ligne de nylon blanc 100 pieds et mousqueton double.\nDisponible en 4 couleurs: <b>orange<\/b>, <b>rouge<\/b>, <b>bleu<\/b> et <b>vert<\/b>.<\/p>","protected":false},"featured_media":64193,"comment_status":"closed","ping_status":"closed","template":"","meta":[],"etheme_brands":[{"term_id":1720,"name":"Razor","slug":"razor","term_group":0,"term_taxonomy_id":1720,"taxonomy":"brand","description":"","parent":0,"count":103,"filter":"raw","order":"0"}],"product_brand":[],"product_cat":[3302,3308],"product_tag":[],"class_list":{"0":"post-31986","1":"product","2":"type-product","3":"status-publish","4":"has-post-thumbnail","6":"brand-razor","7":"product_cat-tools","8":"product_cat-spools","10":"first","11":"instock","12":"taxable","13":"shipping-taxable","14":"purchasable","15":"product-type-simple"},"_links":{"self":[{"href":"https:\/\/razorgosidemount.eu\/fr\/wp-json\/wp\/v2\/product\/31986","targetHints":{"allow":["GET"]}}],"collection":[{"href":"https:\/\/razorgosidemount.eu\/fr\/wp-json\/wp\/v2\/product"}],"about":[{"href":"https:\/\/razorgosidemount.eu\/fr\/wp-json\/wp\/v2\/types\/product"}],"replies":[{"embeddable":true,"href":"https:\/\/razorgosidemount.eu\/fr\/wp-json\/wp\/v2\/comments?post=31986"}],"version-history":[{"count":3,"href":"https:\/\/razorgosidemount.eu\/fr\/wp-json\/wp\/v2\/product\/31986\/revisions"}],"predecessor-version":[{"id":65499,"href":"https:\/\/razorgosidemount.eu\/fr\/wp-json\/wp\/v2\/product\/31986\/revisions\/65499"}],"wp:featuredmedia":[{"embeddable":true,"href":"https:\/\/razorgosidemount.eu\/fr\/wp-json\/wp\/v2\/media\/64193"}],"wp:attachment":[{"href":"https:\/\/razorgosidemount.eu\/fr\/wp-json\/wp\/v2\/media?parent=31986"}],"wp:term":[{"taxonomy":"brand","embeddable":true,"href":"https:\/\/razorgosidemount.eu\/fr\/wp-json\/wp\/v2\/etheme_brands?post=31986"},{"taxonomy":"product_brand","embeddable":true,"href":"https:\/\/razorgosidemount.eu\/fr\/wp-json\/wp\/v2\/product_brand?post=31986"},{"taxonomy":"product_cat","embeddable":true,"href":"https:\/\/razorgosidemount.eu\/fr\/wp-json\/wp\/v2\/product_cat?post=31986"},{"taxonomy":"product_tag","embeddable":true,"href":"https:\/\/razorgosidemount.eu\/fr\/wp-json\/wp\/v2\/product_tag?post=31986"}],"curies":[{"name":"wp","href":"https:\/\/api.w.org\/{rel}","templated":true}]}}