{"id":31834,"date":"2019-09-16T17:56:59","date_gmt":"2019-09-16T15:56:59","guid":{"rendered":"https:\/\/asia.razorgosidemount.com\/product\/import-placeholder-for-9644\/"},"modified":"2026-02-27T12:23:35","modified_gmt":"2026-02-27T11:23:35","slug":"the-razor-pocket-weight-base-layer-for-razor-2-0-2-1","status":"publish","type":"product","link":"https:\/\/razorgosidemount.eu\/fr\/product\/the-razor-pocket-weight-base-layer-for-razor-2-0-2-1\/","title":{"rendered":"Sous couche de base pour syst\u00e8me de lestage pour RAZOR 2.0\/2.1"},"content":{"rendered":"<p><b>Le syst\u00e8me de poids de poche Razor fonctionne tr\u00e8s bien pour:<\/b><br \/>\n\u2022 Plong\u00e9e en eau froide lorsque vous avez besoin de beaucoup de poids (test\u00e9 avec 20 kg +).<br \/>\n\u2022 Cours pour changer facilement les poids de vos \u00e9l\u00e8ves.<br \/>\n\u2022 Plongeurs avec probl\u00e8me de dos. Vous pouvez placer les poids autour de votre colonne vert\u00e9brale en gardant toute la flexibilit\u00e9 et le mouvement de votre dos.<br \/>\n\u2022 Les vacances. Facile \u00e0 laisser des poids sur un bateau lorsque vous \u00eates en vacances et changement rapide de poids.<br \/>\n\u2022 Combinez le syst\u00e8me Pocket Weight avec le syst\u00e8me T-Weight pour obtenir encore plus de poids sur votre harnais si n\u00e9cessaire.<\/p>","protected":false},"excerpt":{"rendered":"<p>La sous-couche de base pour le syst\u00e8me Poids Razor Pocket. Des poches \u00e0 plomb suppl\u00e9mentaires peuvent \u00eatre plac\u00e9es exactement l\u00e0 o\u00f9 vous en avez besoin pour une finition parfaite. Con\u00e7u pour \u00eatre utilis\u00e9 dans tous les environnements.<\/p>","protected":false},"featured_media":31928,"comment_status":"closed","ping_status":"closed","template":"","meta":[],"etheme_brands":[{"term_id":1720,"name":"Razor","slug":"razor","term_group":0,"term_taxonomy_id":1720,"taxonomy":"brand","description":"","parent":0,"count":103,"filter":"raw","order":"0"}],"product_brand":[],"product_cat":[3310,3313],"product_tag":[],"class_list":{"0":"post-31834","1":"product","2":"type-product","3":"status-publish","4":"has-post-thumbnail","6":"brand-razor","7":"product_cat-razor-systems","8":"product_cat-razor-pocket-weight-system-1","10":"first","11":"instock","12":"taxable","13":"shipping-taxable","14":"purchasable","15":"product-type-simple"},"_links":{"self":[{"href":"https:\/\/razorgosidemount.eu\/fr\/wp-json\/wp\/v2\/product\/31834","targetHints":{"allow":["GET"]}}],"collection":[{"href":"https:\/\/razorgosidemount.eu\/fr\/wp-json\/wp\/v2\/product"}],"about":[{"href":"https:\/\/razorgosidemount.eu\/fr\/wp-json\/wp\/v2\/types\/product"}],"replies":[{"embeddable":true,"href":"https:\/\/razorgosidemount.eu\/fr\/wp-json\/wp\/v2\/comments?post=31834"}],"version-history":[{"count":1,"href":"https:\/\/razorgosidemount.eu\/fr\/wp-json\/wp\/v2\/product\/31834\/revisions"}],"predecessor-version":[{"id":60924,"href":"https:\/\/razorgosidemount.eu\/fr\/wp-json\/wp\/v2\/product\/31834\/revisions\/60924"}],"wp:featuredmedia":[{"embeddable":true,"href":"https:\/\/razorgosidemount.eu\/fr\/wp-json\/wp\/v2\/media\/31928"}],"wp:attachment":[{"href":"https:\/\/razorgosidemount.eu\/fr\/wp-json\/wp\/v2\/media?parent=31834"}],"wp:term":[{"taxonomy":"brand","embeddable":true,"href":"https:\/\/razorgosidemount.eu\/fr\/wp-json\/wp\/v2\/etheme_brands?post=31834"},{"taxonomy":"product_brand","embeddable":true,"href":"https:\/\/razorgosidemount.eu\/fr\/wp-json\/wp\/v2\/product_brand?post=31834"},{"taxonomy":"product_cat","embeddable":true,"href":"https:\/\/razorgosidemount.eu\/fr\/wp-json\/wp\/v2\/product_cat?post=31834"},{"taxonomy":"product_tag","embeddable":true,"href":"https:\/\/razorgosidemount.eu\/fr\/wp-json\/wp\/v2\/product_tag?post=31834"}],"curies":[{"name":"wp","href":"https:\/\/api.w.org\/{rel}","templated":true}]}}