{"id":31786,"date":"2019-09-16T17:56:34","date_gmt":"2019-09-16T15:56:34","guid":{"rendered":"https:\/\/asia.razorgosidemount.com\/product\/import-placeholder-for-9357\/"},"modified":"2026-01-12T17:48:41","modified_gmt":"2026-01-12T16:48:41","slug":"3-line-arrows-white","status":"publish","type":"product","link":"https:\/\/razorgosidemount.eu\/fr\/product\/3-line-arrows-white\/","title":{"rendered":"3 FL\u00c8CHES SP\u00c9L\u00c9O \u2013 Blanc"},"content":{"rendered":"<p>Les plongeurs souterrains utilisent les fl\u00e8ches en tant que marqueurs de ligne unidirectionnels fournissant \u00e0 la fois une r\u00e9f\u00e9rence visuelle et tactile pour indiquer la direction de la sortie la plus proche.<\/p>","protected":false},"excerpt":{"rendered":"<p>Les plongeurs souterrains utilisent les fl\u00e8ches en tant que marqueurs de ligne unidirectionnels fournissant \u00e0 la fois une r\u00e9f\u00e9rence visuelle et tactile pour indiquer la direction de la sortie la plus proche.<\/p>","protected":false},"featured_media":42057,"comment_status":"closed","ping_status":"closed","template":"","meta":[],"etheme_brands":[{"term_id":1720,"name":"Razor","slug":"razor","term_group":0,"term_taxonomy_id":1720,"taxonomy":"brand","description":"","parent":0,"count":102,"filter":"raw","order":"0"}],"product_brand":[],"product_cat":[3302,3309],"product_tag":[],"class_list":{"0":"post-31786","1":"product","2":"type-product","3":"status-publish","4":"has-post-thumbnail","6":"brand-razor","7":"product_cat-tools","8":"product_cat-cave_markers","10":"first","11":"instock","12":"taxable","13":"shipping-taxable","14":"purchasable","15":"product-type-simple"},"_links":{"self":[{"href":"https:\/\/razorgosidemount.eu\/fr\/wp-json\/wp\/v2\/product\/31786","targetHints":{"allow":["GET"]}}],"collection":[{"href":"https:\/\/razorgosidemount.eu\/fr\/wp-json\/wp\/v2\/product"}],"about":[{"href":"https:\/\/razorgosidemount.eu\/fr\/wp-json\/wp\/v2\/types\/product"}],"replies":[{"embeddable":true,"href":"https:\/\/razorgosidemount.eu\/fr\/wp-json\/wp\/v2\/comments?post=31786"}],"version-history":[{"count":1,"href":"https:\/\/razorgosidemount.eu\/fr\/wp-json\/wp\/v2\/product\/31786\/revisions"}],"predecessor-version":[{"id":59976,"href":"https:\/\/razorgosidemount.eu\/fr\/wp-json\/wp\/v2\/product\/31786\/revisions\/59976"}],"wp:featuredmedia":[{"embeddable":true,"href":"https:\/\/razorgosidemount.eu\/fr\/wp-json\/wp\/v2\/media\/42057"}],"wp:attachment":[{"href":"https:\/\/razorgosidemount.eu\/fr\/wp-json\/wp\/v2\/media?parent=31786"}],"wp:term":[{"taxonomy":"brand","embeddable":true,"href":"https:\/\/razorgosidemount.eu\/fr\/wp-json\/wp\/v2\/etheme_brands?post=31786"},{"taxonomy":"product_brand","embeddable":true,"href":"https:\/\/razorgosidemount.eu\/fr\/wp-json\/wp\/v2\/product_brand?post=31786"},{"taxonomy":"product_cat","embeddable":true,"href":"https:\/\/razorgosidemount.eu\/fr\/wp-json\/wp\/v2\/product_cat?post=31786"},{"taxonomy":"product_tag","embeddable":true,"href":"https:\/\/razorgosidemount.eu\/fr\/wp-json\/wp\/v2\/product_tag?post=31786"}],"curies":[{"name":"wp","href":"https:\/\/api.w.org\/{rel}","templated":true}]}}