{"id":31782,"date":"2019-09-16T17:56:33","date_gmt":"2019-09-16T15:56:33","guid":{"rendered":"https:\/\/asia.razorgosidemount.com\/product\/import-placeholder-for-9330\/"},"modified":"2026-02-28T21:10:56","modified_gmt":"2026-02-28T20:10:56","slug":"razor-spg-bar-complete-side-mount-set","status":"publish","type":"product","link":"https:\/\/razorgosidemount.eu\/fr\/product\/razor-spg-bar-complete-side-mount-set\/","title":{"rendered":"SET COMPLET DE MANOM\u00c8TRES POUR SIDEMOUNT RAZOR BAR"},"content":{"rendered":"<p><strong>Facile \u00e0 lire et visible m\u00eame dans l&#039;obscurit\u00e9 \ud83d\ude09<\/strong><\/p>\n<p>La jauge lit de 0 \u00e0 350 BAR, a un cadran simple non obstru\u00e9 pour une lecture facile m\u00eame dans l&#039;obscurit\u00e9 totale ou par faible visibilit\u00e9.<\/p>\n<p>Con\u00e7ue pour les plongeurs techniques et les grottes, cette jauge a un traitement de bo\u00eetier chrom\u00e9 double pour assurer la meilleure apparence et une protection maximale contre les corrosions.<\/p>\n<p>Le bo\u00eetier en laiton avec verre tremp\u00e9 offre une durabilit\u00e9 extr\u00eame et une chance d&#039;utilisation sans protection du couvercle en raison de la double soudure et du m\u00e9canisme de tube de bourdon en cuivre et b\u00e9ryllium qui ne sort jamais de l&#039;\u00e9talonnage m\u00eame avec un choc dur.<\/p>\n<p>La jauge est souvent utilis\u00e9e en plong\u00e9e technique et a le plus haut degr\u00e9 de pr\u00e9cision et de fiabilit\u00e9.<\/p>\n<p>Pr\u00e9f\u00e9r\u00e9 pour sa simplicit\u00e9 par de nombreux plongeurs techniques et grottes.<\/p>","protected":false},"excerpt":{"rendered":"<p>L&#039;ensemble complet de montage lat\u00e9ral est livr\u00e9 avec 2 manom\u00e8tres, des bobines et des tuyaux haute pression de 6 \u2033.<\/p>","protected":false},"featured_media":42079,"comment_status":"closed","ping_status":"closed","template":"","meta":[],"etheme_brands":[{"term_id":1720,"name":"Razor","slug":"razor","term_group":0,"term_taxonomy_id":1720,"taxonomy":"brand","description":"","parent":0,"count":103,"filter":"raw","order":"0"}],"product_brand":[],"product_cat":[3241,3300,3305,3306],"product_tag":[],"class_list":{"0":"post-31782","1":"product","2":"type-product","3":"status-publish","4":"has-post-thumbnail","6":"brand-razor","7":"product_cat-razor-side-mount","8":"product_cat-razor-parts","9":"product_cat-razor-gauges","10":"product_cat-bar","12":"first","13":"instock","14":"taxable","15":"shipping-taxable","16":"purchasable","17":"product-type-simple"},"_links":{"self":[{"href":"https:\/\/razorgosidemount.eu\/fr\/wp-json\/wp\/v2\/product\/31782","targetHints":{"allow":["GET"]}}],"collection":[{"href":"https:\/\/razorgosidemount.eu\/fr\/wp-json\/wp\/v2\/product"}],"about":[{"href":"https:\/\/razorgosidemount.eu\/fr\/wp-json\/wp\/v2\/types\/product"}],"replies":[{"embeddable":true,"href":"https:\/\/razorgosidemount.eu\/fr\/wp-json\/wp\/v2\/comments?post=31782"}],"version-history":[{"count":2,"href":"https:\/\/razorgosidemount.eu\/fr\/wp-json\/wp\/v2\/product\/31782\/revisions"}],"predecessor-version":[{"id":62318,"href":"https:\/\/razorgosidemount.eu\/fr\/wp-json\/wp\/v2\/product\/31782\/revisions\/62318"}],"wp:featuredmedia":[{"embeddable":true,"href":"https:\/\/razorgosidemount.eu\/fr\/wp-json\/wp\/v2\/media\/42079"}],"wp:attachment":[{"href":"https:\/\/razorgosidemount.eu\/fr\/wp-json\/wp\/v2\/media?parent=31782"}],"wp:term":[{"taxonomy":"brand","embeddable":true,"href":"https:\/\/razorgosidemount.eu\/fr\/wp-json\/wp\/v2\/etheme_brands?post=31782"},{"taxonomy":"product_brand","embeddable":true,"href":"https:\/\/razorgosidemount.eu\/fr\/wp-json\/wp\/v2\/product_brand?post=31782"},{"taxonomy":"product_cat","embeddable":true,"href":"https:\/\/razorgosidemount.eu\/fr\/wp-json\/wp\/v2\/product_cat?post=31782"},{"taxonomy":"product_tag","embeddable":true,"href":"https:\/\/razorgosidemount.eu\/fr\/wp-json\/wp\/v2\/product_tag?post=31782"}],"curies":[{"name":"wp","href":"https:\/\/api.w.org\/{rel}","templated":true}]}}