{"id":31778,"date":"2019-09-16T17:56:33","date_gmt":"2019-09-16T15:56:33","guid":{"rendered":"https:\/\/asia.razorgosidemount.com\/product\/import-placeholder-for-9257\/"},"modified":"2026-03-18T13:31:06","modified_gmt":"2026-03-18T12:31:06","slug":"6-miflex-low-pressure-hose","status":"publish","type":"product","link":"https:\/\/razorgosidemount.eu\/fr\/product\/6-miflex-low-pressure-hose\/","title":{"rendered":"FLEXIBLE DIRECT SYSTEM MIFLEX 6\u2033"},"content":{"rendered":"<p>\u2022 L\u00e9ger et flexible<br \/>\n\u2022 Fabrication multi-couches<br \/>\n\u2022 Excellente r\u00e9sistance \u00e0 l'abrasion<br \/>\n\u2022 Conception r\u00e9sistante aux pliures<br \/>\n\u2022 Test\u00e9 individuellement \u00e0 l'usine de fabrication<br \/>\n\u2022 Homologu\u00e9 Norme EN250<br \/>\n\u2022 Marqu\u00e9 individuellement avec le logo Miflex<br \/>\n\u2022 Fabriqu\u00e9 en Italie<\/p>","protected":false},"excerpt":{"rendered":"<p>Flexibles solides pour la plong\u00e9e Technique.\n<br><br>\nLes flexibles Miflex sont fabriqu\u00e9s selon les normes en vigueur avec de crit\u00e8res de qualit\u00e9 \u00e9lev\u00e9s sur notre cha\u00eene de montage et de test automatis\u00e9e. Chaque tuyau est soumis \u00e0 plus de 30 contr\u00f4les de s\u00e9curit\u00e9 et de sp\u00e9cificit\u00e9, automatiquement pendant la production, pour garantir un produit de la plus haute qualit\u00e9.<br \/>\n<b>Attention: pour des raisons de s\u00e9curit\u00e9, tous les achats de tuyaux sont exclus de la r\u00e9clamation ou de l&#039;\u00e9change!<\/b><\/p>","protected":false},"featured_media":42087,"comment_status":"closed","ping_status":"closed","template":"","meta":[],"etheme_brands":[{"term_id":3466,"name":"Miflex","slug":"miflex","term_group":0,"term_taxonomy_id":3466,"taxonomy":"brand","description":"","parent":0,"count":6,"filter":"raw","order":"0"}],"product_brand":[],"product_cat":[3302,3303],"product_tag":[],"class_list":{"0":"post-31778","1":"product","2":"type-product","3":"status-publish","4":"has-post-thumbnail","6":"brand-miflex","7":"product_cat-tools","8":"product_cat-hoses","10":"first","11":"instock","12":"taxable","13":"shipping-taxable","14":"purchasable","15":"product-type-simple"},"_links":{"self":[{"href":"https:\/\/razorgosidemount.eu\/fr\/wp-json\/wp\/v2\/product\/31778","targetHints":{"allow":["GET"]}}],"collection":[{"href":"https:\/\/razorgosidemount.eu\/fr\/wp-json\/wp\/v2\/product"}],"about":[{"href":"https:\/\/razorgosidemount.eu\/fr\/wp-json\/wp\/v2\/types\/product"}],"replies":[{"embeddable":true,"href":"https:\/\/razorgosidemount.eu\/fr\/wp-json\/wp\/v2\/comments?post=31778"}],"version-history":[{"count":1,"href":"https:\/\/razorgosidemount.eu\/fr\/wp-json\/wp\/v2\/product\/31778\/revisions"}],"predecessor-version":[{"id":60518,"href":"https:\/\/razorgosidemount.eu\/fr\/wp-json\/wp\/v2\/product\/31778\/revisions\/60518"}],"wp:featuredmedia":[{"embeddable":true,"href":"https:\/\/razorgosidemount.eu\/fr\/wp-json\/wp\/v2\/media\/42087"}],"wp:attachment":[{"href":"https:\/\/razorgosidemount.eu\/fr\/wp-json\/wp\/v2\/media?parent=31778"}],"wp:term":[{"taxonomy":"brand","embeddable":true,"href":"https:\/\/razorgosidemount.eu\/fr\/wp-json\/wp\/v2\/etheme_brands?post=31778"},{"taxonomy":"product_brand","embeddable":true,"href":"https:\/\/razorgosidemount.eu\/fr\/wp-json\/wp\/v2\/product_brand?post=31778"},{"taxonomy":"product_cat","embeddable":true,"href":"https:\/\/razorgosidemount.eu\/fr\/wp-json\/wp\/v2\/product_cat?post=31778"},{"taxonomy":"product_tag","embeddable":true,"href":"https:\/\/razorgosidemount.eu\/fr\/wp-json\/wp\/v2\/product_tag?post=31778"}],"curies":[{"name":"wp","href":"https:\/\/api.w.org\/{rel}","templated":true}]}}