{"id":33117,"date":"2019-10-09T11:18:29","date_gmt":"2019-10-09T09:18:29","guid":{"rendered":"https:\/\/asia.razorgosidemount.com\/?page_id=33117"},"modified":"2021-03-06T08:41:28","modified_gmt":"2021-03-06T07:41:28","slug":"battery-ordinance","status":"publish","type":"page","link":"https:\/\/razorgosidemount.eu\/fr\/battery-ordinance\/","title":{"rendered":"Ordonnance sur les piles"},"content":{"rendered":"<h2>Note sur l\u2019\u00e9limination des piles usag\u00e9es<\/h2>\n<h4>La note suivante est destin\u00e9e \u00e0 ceux qui utilisent des piles ou des produits avec des batteries int\u00e9gr\u00e9es et qui ne sont plus revendus sous la forme fournie (utilisateur final):<\/h4>\n<p>Dans le cadre de la vente de batteries ou  de piles rechargeables, ainsi que de la livraison de dispositifs contenant des piles ou des accumulateurs, nous sommes oblig\u00e9s de vous informer sur le r\u00e8glement suivant concernant les piles:<\/p>\n<h4>1. Retour gratuit des batteries usag\u00e9es<\/h4>\n<p>Les piles ou les piles rechargeables ne doivent pas \u00eatre jet\u00e9es avec les ordures m\u00e9nag\u00e8res.<br \/>\nIls sont l\u00e9galement tenus de restituer les piles usag\u00e9es ou les piles rechargeables en tant que consommateurs finaux, afin de garantir une \u00e9limination appropri\u00e9e.<br \/>\nVous pouvez restituer gratuitement des piles ou des piles rechargeables apr\u00e8s utilisation au point de vente ou \u00e0 proximit\u00e9 imm\u00e9diate (par exemple, au centre de collecte municipal ou dans le commerce).<br \/>\nVous pouvez nous retourner des piles ou des piles rechargeables par la poste (suffisamment d&#039;affranchissement pay\u00e9):<\/p>\n<p><strong>GO SIDE MOUNT UG<\/strong><br \/>\nSiebenb\u00fcrgenstra\u00dfe 3C<br \/>\n85368 Moosburg an der Isar<br \/>\nAllemagne<\/p>\n<h4>2. Signification des symboles de batterie<\/h4>\n<p><img loading=\"lazy\" decoding=\"async\" src=\"\/images\/media\/batteries_recycling.jpg\" alt=\"\" width=\"144\" height=\"200\" \/><\/p>\n<p>Les piles et accumulateurs sont marqu\u00e9s du symbole d&#039;une poubelle sur roues barr\u00e9e (voir ci-dessus).<br \/>\nCe symbole indique que les piles ne doivent pas \u00eatre jet\u00e9es avec les ordures m\u00e9nag\u00e8res.<\/p>\n<p>Dans le cas de piles d&#039;accumulateurs contenant plus de 0,0005% en poids de mercure, plus de 0,002% en poids de cadmium ou plus de 0,004% en poids de plomb, le nom chimique du polluant particulier utilis\u00e9 se trouve sous le symbole de la poubelle -<\/p>\n<p>lorsque \"<strong>CD<\/strong>\" repr\u00e9sente le <strong>cadmium<\/strong>, \u201c<strong>Pb<\/strong>\" repr\u00e9sente le <strong>plomb<\/strong>, et &quot;<strong>Hg<\/strong>\" pour le <strong>mercure<\/strong>.<\/p>","protected":false},"excerpt":{"rendered":"<p>Note on the disposal of used batteries The following note is intended for those who use batteries or products with built-in batteries and are no&#8230;<\/p>","protected":false},"author":1,"featured_media":0,"parent":0,"menu_order":0,"comment_status":"closed","ping_status":"closed","template":"","meta":{"footnotes":""},"class_list":["post-33117","page","type-page","status-publish","hentry"],"_links":{"self":[{"href":"https:\/\/razorgosidemount.eu\/fr\/wp-json\/wp\/v2\/pages\/33117","targetHints":{"allow":["GET"]}}],"collection":[{"href":"https:\/\/razorgosidemount.eu\/fr\/wp-json\/wp\/v2\/pages"}],"about":[{"href":"https:\/\/razorgosidemount.eu\/fr\/wp-json\/wp\/v2\/types\/page"}],"author":[{"embeddable":true,"href":"https:\/\/razorgosidemount.eu\/fr\/wp-json\/wp\/v2\/users\/1"}],"replies":[{"embeddable":true,"href":"https:\/\/razorgosidemount.eu\/fr\/wp-json\/wp\/v2\/comments?post=33117"}],"version-history":[{"count":0,"href":"https:\/\/razorgosidemount.eu\/fr\/wp-json\/wp\/v2\/pages\/33117\/revisions"}],"wp:attachment":[{"href":"https:\/\/razorgosidemount.eu\/fr\/wp-json\/wp\/v2\/media?parent=33117"}],"curies":[{"name":"wp","href":"https:\/\/api.w.org\/{rel}","templated":true}]}}