{"id":32324,"date":"2019-09-17T07:26:30","date_gmt":"2019-09-17T07:26:30","guid":{"rendered":"https:\/\/asia.razorgosidemount.com\/shipping-methods\/"},"modified":"2023-07-10T14:16:27","modified_gmt":"2023-07-10T12:16:27","slug":"shipping-methods","status":"publish","type":"page","link":"https:\/\/razorgosidemount.eu\/fr\/shipping-methods\/","title":{"rendered":"Conditions de paiement et de livraison"},"content":{"rendered":"<div class=\"std\">\n<h2>Paiement et livraison<\/h2>\n<p>Les conditions suivantes sont applicables:<\/p>\n<h4>Conditions de livraison<\/h4>\n<p>La livraison peuvent s\u2019\u00e9ffectuer en Allemagne et dans les pays suivants: Belgique, Danemark (\u00e0 l\u2019exception des \u00eeles F\u00e9ro\u00e9 et du Groenland), Finlande (sauf \u00eeles Aland), France (sauf les territoires et d\u00e9partements d\u2019outre-mer), Gr\u00e8ce (sauf Mont Athos), Grande-Bretagne (\u00e0 l\u2019exception des \u00eeles Anglo-Normandes), Irlande , Italie (sauf Livigno et Campione d\u2019Italia), Croatie, Luxembourg, Pays-Bas (\u00e0 l\u2019exception des territoires d\u2019outre-mer), Autriche, Pologne, Portugal, Roumanie, Su\u00e8de, Slovaquie, Slov\u00e9nie, Espagne (\u00e0 l\u2019exception des \u00eeles Canaries, Ceuta et Melilla), R\u00e9publique tch\u00e8que , Hongrie, Suisse, Liechtenstein, Norv\u00e8ge.<\/p>\n<p>Aucune exp\u00e9dition n\u2019est faite aux \u00eeles \u00e9trang\u00e8res suivantes: Iles F\u00e9ro\u00e9, le Groenland, les \u00eeles \u00c5land.<\/p>\n<h2>Frais de transport (TVA comprise)<\/h2>\n<h4>Livraisons en Allemagne:<\/h4>\n<p>Nous calculons un co\u00fbt d\u2019exp\u00e9dition forfaitaire de \u20ac 9,90 par commande.<\/p>\n<h4>Livraisons \u00e0 l&#039;\u00e9tranger:<\/h4>\n<p>Nous calculons les tarif d\u2019exp\u00e9dition forfaitaire \u00e0 l\u2019\u00e9tranger comme suit:<\/p>\n<p>Belgique: 34,00 \u20ac<br \/>\nBulgarie: 34,00 \u20ac<br \/>\nDanemark (sauf \u00eeles F\u00e9ro\u00e9, Groenland): 34,00 \u20ac<br \/>\nEstonie: 34,00 \u20ac<br \/>\nFinlande (sauf \u00c4landinseln): 34,00 \u20ac<br \/>\nFrance (hors DOM-TOM): 34,00 \u20ac<br \/>\nGr\u00e8ce (hors Mont Athos): 34,00 \u20ac<br \/>\nGrande-Bretagne (sauf \u00eeles anglo-normandes): 39,00 \u20ac<br \/>\nIrlande: 34,00 \u20ac<br \/>\nItalie (sauf Livigno et Campione d&#039;Italia): 34,00 \u20ac<br \/>\nCroatie: 34,00 \u20ac<br \/>\nLettonie: 34,00 \u20ac<br \/>\nLituanie: 34,00 \u20ac<br \/>\nLuxembourg: 34,00 \u20ac<br \/>\nMalte: 34,00 \u20ac<br \/>\nMonaco: 34,00 \u20ac<br \/>\nPays-Bas (sauf hors Europe): 34,00 \u20ac<br \/>\nAutriche: 34,00 \u20ac<br \/>\nPologne: 34,00 \u20ac<br \/>\nPortugal: 34,00 \u20ac<br \/>\nRoumanie: 34,00 \u20ac<br \/>\nSu\u00e8de: 34,00 \u20ac<br \/>\nSlovaquie: 34,00 \u20ac<br \/>\nSlov\u00e9nie: 34,00 \u20ac<br \/>\nEspagne (sauf \u00eeles Canaries, Ceuta et Melilla): 34,00 \u20ac<br \/>\nR\u00e9publique tch\u00e8que: 34,00 \u20ac<br \/>\nHongrie: 34,00 \u20ac<br \/>\nChypre (hors partie nord): 34,00 \u20ac<br \/>\nSuisse: 36,00 \u20ac<br \/>\nLiechtenstein: 39,00 \u20ac<br \/>\nNorv\u00e8ge: 39,00 \u20ac<\/p>\n<h4>D\u00e9lais de livraison<\/h4>\n<p>Si aucun autre d\u00e9lai n\u2019est indiqu\u00e9 dans l\u2019offre respective, les marchandises seront livr\u00e9es en Allemagne dans les 3 \u00e0 5 jours, pour les livraisons \u00e0 l\u2019\u00e9trang\u00e8r dans les 5 \u00e0 15 jours suivant la conclusion du contrat (avec un acompte convenu apr\u00e8s la date de vos instructions de paiement). Veuillez noter qu\u2019aucune livraison n\u2019a lieu le dimanche et les jours f\u00e9ri\u00e9s.<br \/>\nSi vous avez command\u00e9 des articles avec des d\u00e9lais de livraison diff\u00e9rents, nous exp\u00e9dierons les marchandises dans une livraison conjointe, sauf si nous avons pris diff\u00e9rents arrangements avec vous. Le d\u00e9lai de livraison est d\u00e9termin\u00e9 dans ce cas selon l\u2019article command\u00e9 avec le plus long d\u00e9lai de livraison.<\/p>\n<h2>Conditions de paiement<\/h2>\n<h4>Avant qu\u2019une commande de produits puisse \u00eatre livr\u00e9e, celle-ci doit \u00eatre r\u00e9gl\u00e9e dans son int\u00e9gralit\u00e9.<br \/>\nNous acceptons les modes de paiement suivants:<\/h4>\n<p>- Pr\u00e9paiement par virement bancaire<br \/>\n- Paiement par PayPal\u00ae<br \/>\n\u2013 Paiement par carte bancaire via Stripe\u00ae<\/p>\n<p>Pour toute question, vous pouvez trouver des informations de contact dans mentions l\u00e9gales.<\/p>\n<\/div>","protected":false},"excerpt":{"rendered":"<p>Payment, Handling and Shipping The following conditions apply: Terms of delivery The delivery takes place within Germany and in the following countries: Belgium, Denmark (except&#8230;<\/p>","protected":false},"author":1,"featured_media":0,"parent":0,"menu_order":0,"comment_status":"closed","ping_status":"closed","template":"","meta":{"footnotes":""},"class_list":["post-32324","page","type-page","status-publish","hentry"],"_links":{"self":[{"href":"https:\/\/razorgosidemount.eu\/fr\/wp-json\/wp\/v2\/pages\/32324","targetHints":{"allow":["GET"]}}],"collection":[{"href":"https:\/\/razorgosidemount.eu\/fr\/wp-json\/wp\/v2\/pages"}],"about":[{"href":"https:\/\/razorgosidemount.eu\/fr\/wp-json\/wp\/v2\/types\/page"}],"author":[{"embeddable":true,"href":"https:\/\/razorgosidemount.eu\/fr\/wp-json\/wp\/v2\/users\/1"}],"replies":[{"embeddable":true,"href":"https:\/\/razorgosidemount.eu\/fr\/wp-json\/wp\/v2\/comments?post=32324"}],"version-history":[{"count":1,"href":"https:\/\/razorgosidemount.eu\/fr\/wp-json\/wp\/v2\/pages\/32324\/revisions"}],"predecessor-version":[{"id":62654,"href":"https:\/\/razorgosidemount.eu\/fr\/wp-json\/wp\/v2\/pages\/32324\/revisions\/62654"}],"wp:attachment":[{"href":"https:\/\/razorgosidemount.eu\/fr\/wp-json\/wp\/v2\/media?parent=32324"}],"curies":[{"name":"wp","href":"https:\/\/api.w.org\/{rel}","templated":true}]}}