{"id":32323,"date":"2019-09-17T07:26:30","date_gmt":"2019-09-17T07:26:30","guid":{"rendered":"https:\/\/asia.razorgosidemount.com\/revocation\/"},"modified":"2021-03-06T08:40:10","modified_gmt":"2021-03-06T07:40:10","slug":"revocation","status":"publish","type":"page","link":"https:\/\/razorgosidemount.eu\/fr\/revocation\/","title":{"rendered":"Droit de r\u00e9vocation"},"content":{"rendered":"<div class=\"std\">\n<h1><b>Droit de r\u00e9vocation du consommateur<\/b><\/h1>\n<p>(Un \u00abconsommateur\u00bb est d\u00e9fini comme toute personne physique qui entre dans une transaction l\u00e9gale \u00e0 des fins qui, pour la plupart, ne peuvent \u00eatre attribu\u00e9es \u00e0 l\u2019activit\u00e9 professionnelle commerciale ou ind\u00e9pendante de cette personne.)<\/p>\n<h2><b>Avis de votre droit de r\u00e9vocation<\/b><\/h2>\n<p><b>Droit de r\u00e9vocation<\/b><\/p>\n<p>La p\u00e9riode de r\u00e9tractation est de deux semaines. Vous avez le droit, sans avoir \u00e0 fournir de justification, de r\u00e9silier le contrat dans un d\u00e9lai de quatorze (14) jours \u00e0 compter de la date \u00e0 laquelle vous ou un tiers d\u00e9sign\u00e9 par vous et qui n\u2019est pas le transporteur a pris possession des marchandises.<\/p>\n<p>Pour exercer votre droit de r\u00e9tractation, vous devez nous en informer (<strong>Go Side Mount UG, Hans Peter Hartmann, Siebenb\u00fcrgenstra\u00dfe 3C, 85368 Moosburg an der Isar, Allemagne, t\u00e9l\u00e9phone : +49 176 686 711 08, e-mail : info@razorgosidemount.eu<\/strong>) au moyen d&#039;une d\u00e9claration sans \u00e9quivoque (par exemple, une lettre envoy\u00e9e par courrier, fax ou e-mail) de votre d\u00e9cision de r\u00e9voquer ce contrat. Vous pouvez utiliser \u00e0 cette fin l&#039;exemple de formulaire de r\u00e9vocation ci-joint, dont l&#039;utilisation est toutefois facultative.<\/p>\n<p>Pour le respect du d\u00e9lai de r\u00e9tractation, il suffit que vous exp\u00e9diiez la notification que vous souhaitez exercer votre droit de r\u00e9tractation avant la fin du d\u00e9lai de r\u00e9tractation.<\/p>\n<p><b>Cons\u00e9quences de la r\u00e9tractation<\/b><\/p>\n<p>Si le pr\u00e9sent contrat est r\u00e9sili\u00e9, nous vous rembourserons l\u2019int\u00e9gralit\u00e9 des paiements correspondant aux marchandises achet\u00e9es que vous avez retourn\u00e9es (y compris les frais r\u00e9guliers de livraison, mais \u00e0 l\u2019exception des frais de livraison suppl\u00e9mentaires r\u00e9sultant du choix de sp\u00e9cifications particuli\u00e8res ou d\u2019un retour partiel). Le remboursement sera effectu\u00e9 imm\u00e9diatement ou, sous r\u00e9serve des situations indiqu\u00e9es ci-dessous, au plus tard dans un d\u00e9lai de quatorze (14) jours \u00e0 compter du jour de r\u00e9ception de votre notification de r\u00e9tractation du contrat. Nous utiliserons pour le remboursement le m\u00eame moyen de paiement que vous avez utilis\u00e9 pour conclure la transaction, sauf si un autre accord est convenu avec vous. Nous ne vous facturerons en aucun cas des frais de remboursement.<\/p>\n<p>Nous pouvons refuser le retour de paiement jusqu\u2019\u00e0 ce que vous nous ayez retourn\u00e9 les marchandises ou que vous fournissiez la preuve que vous avez retourn\u00e9 les marchandises, selon celle de ces deux \u00e9ventualit\u00e9s qui se produit en premier.<\/p>\n<p>Vous \u00eates tenu de nous retourner les marchandises imm\u00e9diatement et, dans tous les cas, au plus tard dans un d\u00e9lai de quatorze (14) jours \u00e0 compter du jour de votre notification de r\u00e9tractation du pr\u00e9sent contrat. Ce d\u00e9lai est consid\u00e9r\u00e9 comme respect\u00e9 si vous exp\u00e9diez les marchandises dans un d\u00e9lai de quatorze (14) jours.<\/p>\n<p>Les frais directs de retour des marchandises sont \u00e0 votre charge.<\/p>\n<p>Vous r\u00e9pondrez de la perte de valeur des marchandises et vous serez tenu pour responsable des \u00e9ventuels dommages que vous aurez caus\u00e9s. Nous nous r\u00e9servons express\u00e9ment le droit d\u2019exiger une compensation pour les marchandises qui nous seront retourn\u00e9es dans un \u00e9tat usag\u00e9 ou endommag\u00e9. Vous \u00eates tenu de r\u00e9pondre de toute perte de valeur \u00e9ventuelle de la marchandise due \u00e0 des raisons autres que la v\u00e9rification de l\u2019\u00e9tat, des propri\u00e9t\u00e9s et du fonctionnement de la marchandise. Nous nous r\u00e9servons express\u00e9ment le droit de d\u00e9duire de tels d\u00e9dommagements\/pertes de valeur des montants \u00e0 rembourser (compensation).<\/p>\n<p>Notre boutique en ligne n\u2019offre pas d\u2019option d\u2019\u00e9change direct. Si vous ne souhaitez pas conserver votre marchandise, veuillez la retourner conform\u00e9ment aux informations fournies \u00e0 propos des retours et passer une nouvelle commande afin de recevoir le produit s\u00e9lectionn\u00e9 dans une taille\/couleur diff\u00e9rente, par exemple.<\/p>\n<h4>Exclusion du droit de r\u00e9tractation<\/h4>\n<h5>Le droit de r\u00e9tractation ne s&#039;applique pas aux contrats concernant:<\/h5>\n<ul>\n<li>la fourniture de biens ou de services dont le prix d\u00e9pend de fluctuations sur le march\u00e9 financier \u00e9chappant au contr\u00f4le du professionnel et susceptibles de se produire pendant le d\u00e9lai de r\u00e9tractation;<\/li>\n<li>la fourniture de biens confectionn\u00e9s selon les sp\u00e9cifications du consommateur ou nettement personnalis\u00e9s;<\/li>\n<li>la fourniture de biens susceptibles de se d\u00e9t\u00e9riorer ou de se p\u00e9rimer rapidement;<\/li>\n<li>la fourniture de biens scell\u00e9s ne pouvant \u00eatre renvoy\u00e9s pour des raisons de protection de la sant\u00e9 ou d\u2019hygi\u00e8ne et qui ont \u00e9t\u00e9 descell\u00e9s par le consommateur apr\u00e8s la livraison;<\/li>\n<li>la fourniture de biens qui, apr\u00e8s avoir \u00e9t\u00e9 livr\u00e9s, et de par leur nature, sont m\u00e9lang\u00e9s de mani\u00e8re indissociable avec d\u2019autres articles;<\/li>\n<li>la fourniture de boissons alcoolis\u00e9es dont le prix a \u00e9t\u00e9 convenu au moment de la conclusion du contrat de vente, dont la livraison ne peut \u00eatre effectu\u00e9e qu\u2019apr\u00e8s trente jours et dont la valeur r\u00e9elle d\u00e9pend de fluctuations sur le march\u00e9 \u00e9chappant au contr\u00f4le du professionnel;<\/li>\n<li>la fourniture d\u2019enregistrements audio ou vid\u00e9o scell\u00e9s ou de logiciels informatiques scell\u00e9s et qui ont \u00e9t\u00e9 descell\u00e9s apr\u00e8s livraison;<\/li>\n<li>la fourniture d\u2019un journal, d\u2019une revue ou d\u2019un magazine sauf pour les contrats d\u2019abonnement \u00e0 ces publications;<\/li>\n<\/ul>\n<p>________________________________________________________________________________<\/p>\n<h2>Formulaire-type de r\u00e9tractation<\/h2>\n<p>(Si vous souhaitez vous r\u00e9tracter du contrat, veuillez remplir ce formulaire et nous le renvoyer)<\/p>\n<p>\u2013 To Go Side Mount UG, Hans Peter Hartmann, Siebenb\u00fcrgenstra\u00dfe 3C, 85368 Moosburg an der Isar, Allemagne, adresse e-mail : info@razorgosidemount.eu :<\/p>\n<p>\u2013 Je vous notifie par la pr\u00e9sente ma r\u00e9tractation du contrat portant sur la vente du bien(*) \/ pour la prestation de service (*) ci-dessous:<\/p>\n<p>\u2013 Command\u00e9 (*)\/ re\u00e7u le (*)\n<br><br>\n\u2013 Nom du consommateur<\/p>\n<p>\u2013 Adresse du consommateur<\/p>\n<p>\u2013 Signature du consommateur (uniquement en cas de communication sur papier):<\/p>\n<p>- Date<\/p>\n<p>(*) Rayer la mention inutile.<\/p>\n<p>\u2014\u2014\u2014\u2014\u2014\u2014\u2014\u2014<\/p>\n<h5 class=\"translation-block\">T\u00e9l\u00e9charger: <a href=\"https:\/\/razorgosidemount.eu\/fr\/downloads\/formulaire_de_revocation.pdf\/\" target=\"_self\" rel=\"noopener noreferrer\">Formulaire-type de r\u00e9tractation<\/a> (PDF)<\/h5>\n<p>Pour visualiser les fichiers PDF, vous avez besoin du logiciel gratuit Adobe Reader.<br \/>\nVous pouvez le t\u00e9l\u00e9charger <strong> <a href=\"https:\/\/get.adobe.com\/fr\/reader\/\" target=\"_blank\" rel=\"noopener noreferrer\">ici<\/a><\/strong>.<br \/>\n\u2014\u2014\u2014\u2014\u2014\u2014\u2014\u2014<\/p>\n<\/div>","protected":false},"excerpt":{"rendered":"<p>The consumer\u2019s right of revocation (A \u201cconsumer\u201d is defined as any natural person who enters into a legal transaction for purposes which for the most&#8230;<\/p>","protected":false},"author":1,"featured_media":0,"parent":0,"menu_order":0,"comment_status":"closed","ping_status":"closed","template":"","meta":{"footnotes":""},"class_list":["post-32323","page","type-page","status-publish","hentry"],"_links":{"self":[{"href":"https:\/\/razorgosidemount.eu\/fr\/wp-json\/wp\/v2\/pages\/32323","targetHints":{"allow":["GET"]}}],"collection":[{"href":"https:\/\/razorgosidemount.eu\/fr\/wp-json\/wp\/v2\/pages"}],"about":[{"href":"https:\/\/razorgosidemount.eu\/fr\/wp-json\/wp\/v2\/types\/page"}],"author":[{"embeddable":true,"href":"https:\/\/razorgosidemount.eu\/fr\/wp-json\/wp\/v2\/users\/1"}],"replies":[{"embeddable":true,"href":"https:\/\/razorgosidemount.eu\/fr\/wp-json\/wp\/v2\/comments?post=32323"}],"version-history":[{"count":0,"href":"https:\/\/razorgosidemount.eu\/fr\/wp-json\/wp\/v2\/pages\/32323\/revisions"}],"wp:attachment":[{"href":"https:\/\/razorgosidemount.eu\/fr\/wp-json\/wp\/v2\/media?parent=32323"}],"curies":[{"name":"wp","href":"https:\/\/api.w.org\/{rel}","templated":true}]}}