{"id":60787,"date":"2022-11-10T09:55:08","date_gmt":"2022-11-10T08:55:08","guid":{"rendered":"https:\/\/razorgosidemount.eu\/?post_type=product&#038;p=60787"},"modified":"2026-01-25T09:14:37","modified_gmt":"2026-01-25T08:14:37","slug":"the-razor-4-duffle-bag-m-90-l","status":"publish","type":"product","link":"https:\/\/razorgosidemount.eu\/de\/product\/the-razor-4-duffle-bag-m-90-l\/","title":{"rendered":"Razor Duffle Bag M (90 l)"},"content":{"rendered":"<p>Dank wasserdichter, verschwei\u00dfter N\u00e4hte und bequemer, verstellbarer Rucksackgurte l\u00e4sst sich die Razor Duffle Bag Kollektion einfach auf dem R\u00fccken, \u00fcber der Schulter oder in der Hand tragen.<\/p>","protected":false},"excerpt":{"rendered":"<p>Unsere neue Razor Duffle Bag Kollektion ist in drei Gr\u00f6\u00dfen erh\u00e4ltlich, wobei dies die mittlere ist. Mit einem Volumen von 90 Litern bietet sie ausreichend Platz f\u00fcr Ihre gesamte Sidemount-Tauchausr\u00fcstung \u2013 perfekt f\u00fcr einen gelungenen Tauchtag oder eine Reise ins Ausland.<\/p>","protected":false},"featured_media":61326,"comment_status":"closed","ping_status":"closed","template":"","meta":[],"etheme_brands":[{"term_id":1720,"name":"Razor","slug":"razor","term_group":0,"term_taxonomy_id":1720,"taxonomy":"brand","description":"","parent":0,"count":103,"filter":"raw","order":"0"}],"product_brand":[],"product_cat":[3315,3324,3329,4965],"product_tag":[],"class_list":{"0":"post-60787","1":"product","2":"type-product","3":"status-publish","4":"has-post-thumbnail","6":"brand-razor","7":"product_cat-apparel","8":"product_cat-new-releases","9":"product_cat-razor-accessories","10":"product_cat-razor-luggage","12":"first","13":"instock","14":"taxable","15":"shipping-taxable","16":"purchasable","17":"product-type-simple"},"_links":{"self":[{"href":"https:\/\/razorgosidemount.eu\/de\/wp-json\/wp\/v2\/product\/60787","targetHints":{"allow":["GET"]}}],"collection":[{"href":"https:\/\/razorgosidemount.eu\/de\/wp-json\/wp\/v2\/product"}],"about":[{"href":"https:\/\/razorgosidemount.eu\/de\/wp-json\/wp\/v2\/types\/product"}],"replies":[{"embeddable":true,"href":"https:\/\/razorgosidemount.eu\/de\/wp-json\/wp\/v2\/comments?post=60787"}],"version-history":[{"count":6,"href":"https:\/\/razorgosidemount.eu\/de\/wp-json\/wp\/v2\/product\/60787\/revisions"}],"predecessor-version":[{"id":62606,"href":"https:\/\/razorgosidemount.eu\/de\/wp-json\/wp\/v2\/product\/60787\/revisions\/62606"}],"wp:featuredmedia":[{"embeddable":true,"href":"https:\/\/razorgosidemount.eu\/de\/wp-json\/wp\/v2\/media\/61326"}],"wp:attachment":[{"href":"https:\/\/razorgosidemount.eu\/de\/wp-json\/wp\/v2\/media?parent=60787"}],"wp:term":[{"taxonomy":"brand","embeddable":true,"href":"https:\/\/razorgosidemount.eu\/de\/wp-json\/wp\/v2\/etheme_brands?post=60787"},{"taxonomy":"product_brand","embeddable":true,"href":"https:\/\/razorgosidemount.eu\/de\/wp-json\/wp\/v2\/product_brand?post=60787"},{"taxonomy":"product_cat","embeddable":true,"href":"https:\/\/razorgosidemount.eu\/de\/wp-json\/wp\/v2\/product_cat?post=60787"},{"taxonomy":"product_tag","embeddable":true,"href":"https:\/\/razorgosidemount.eu\/de\/wp-json\/wp\/v2\/product_tag?post=60787"}],"curies":[{"name":"wp","href":"https:\/\/api.w.org\/{rel}","templated":true}]}}