{"id":60785,"date":"2022-11-10T09:53:38","date_gmt":"2022-11-10T08:53:38","guid":{"rendered":"https:\/\/razorgosidemount.eu\/?post_type=product&#038;p=60785"},"modified":"2026-01-12T18:46:20","modified_gmt":"2026-01-12T17:46:20","slug":"the-razor-4-duffle-bag-s-60-l","status":"publish","type":"product","link":"https:\/\/razorgosidemount.eu\/de\/product\/the-razor-4-duffle-bag-s-60-l\/","title":{"rendered":"Razor Duffle Bag S (60 l)"},"content":{"rendered":"<p>Dank wasserdichter, verschwei\u00dfter N\u00e4hte und bequemer, verstellbarer Rucksackgurte l\u00e4sst sich die Razor Duffle Bag Kollektion einfach auf dem R\u00fccken, \u00fcber der Schulter oder in der Hand tragen.<\/p>","protected":false},"excerpt":{"rendered":"<p>Unsere neue Razor-Reisetaschenkollektion ist in drei Gr\u00f6\u00dfen erh\u00e4ltlich, wobei dies die kleinste ist. Mit einem Volumen von 60 Litern bietet sie ausreichend Platz f\u00fcr all Ihre pers\u00f6nlichen Gegenst\u00e4nde, die Sie f\u00fcr einen Tagesausflug in den Dschungel oder eine Bootsfahrt ben\u00f6tigen.<\/p>","protected":false},"featured_media":61325,"comment_status":"closed","ping_status":"closed","template":"","meta":[],"etheme_brands":[{"term_id":1720,"name":"Razor","slug":"razor","term_group":0,"term_taxonomy_id":1720,"taxonomy":"brand","description":"","parent":0,"count":102,"filter":"raw","order":"0"}],"product_brand":[],"product_cat":[3315,3324,3329,4965],"product_tag":[],"class_list":{"0":"post-60785","1":"product","2":"type-product","3":"status-publish","4":"has-post-thumbnail","6":"brand-razor","7":"product_cat-apparel","8":"product_cat-new-releases","9":"product_cat-razor-accessories","10":"product_cat-razor-luggage","12":"first","13":"instock","14":"taxable","15":"shipping-taxable","16":"purchasable","17":"product-type-simple"},"_links":{"self":[{"href":"https:\/\/razorgosidemount.eu\/de\/wp-json\/wp\/v2\/product\/60785","targetHints":{"allow":["GET"]}}],"collection":[{"href":"https:\/\/razorgosidemount.eu\/de\/wp-json\/wp\/v2\/product"}],"about":[{"href":"https:\/\/razorgosidemount.eu\/de\/wp-json\/wp\/v2\/types\/product"}],"replies":[{"embeddable":true,"href":"https:\/\/razorgosidemount.eu\/de\/wp-json\/wp\/v2\/comments?post=60785"}],"version-history":[{"count":6,"href":"https:\/\/razorgosidemount.eu\/de\/wp-json\/wp\/v2\/product\/60785\/revisions"}],"predecessor-version":[{"id":62612,"href":"https:\/\/razorgosidemount.eu\/de\/wp-json\/wp\/v2\/product\/60785\/revisions\/62612"}],"wp:featuredmedia":[{"embeddable":true,"href":"https:\/\/razorgosidemount.eu\/de\/wp-json\/wp\/v2\/media\/61325"}],"wp:attachment":[{"href":"https:\/\/razorgosidemount.eu\/de\/wp-json\/wp\/v2\/media?parent=60785"}],"wp:term":[{"taxonomy":"brand","embeddable":true,"href":"https:\/\/razorgosidemount.eu\/de\/wp-json\/wp\/v2\/etheme_brands?post=60785"},{"taxonomy":"product_brand","embeddable":true,"href":"https:\/\/razorgosidemount.eu\/de\/wp-json\/wp\/v2\/product_brand?post=60785"},{"taxonomy":"product_cat","embeddable":true,"href":"https:\/\/razorgosidemount.eu\/de\/wp-json\/wp\/v2\/product_cat?post=60785"},{"taxonomy":"product_tag","embeddable":true,"href":"https:\/\/razorgosidemount.eu\/de\/wp-json\/wp\/v2\/product_tag?post=60785"}],"curies":[{"name":"wp","href":"https:\/\/api.w.org\/{rel}","templated":true}]}}