{"id":60140,"date":"2022-09-27T13:47:39","date_gmt":"2022-09-27T11:47:39","guid":{"rendered":"https:\/\/razorgosidemount.eu\/?post_type=product&#038;p=60140"},"modified":"2026-04-16T21:29:57","modified_gmt":"2026-04-16T19:29:57","slug":"razor-4-t-shirt-woman","status":"publish","type":"product","link":"https:\/\/razorgosidemount.eu\/de\/product\/razor-4-t-shirt-woman\/","title":{"rendered":"Damen Razor 4 T-Shirt"},"content":{"rendered":"<div data-elementor-type=\"product-post\" data-elementor-id=\"60140\" class=\"elementor elementor-60140\" data-elementor-settings=\"{&quot;element_pack_global_tooltip_width&quot;:{&quot;unit&quot;:&quot;px&quot;,&quot;size&quot;:&quot;&quot;,&quot;sizes&quot;:[]},&quot;element_pack_global_tooltip_width_tablet&quot;:{&quot;unit&quot;:&quot;px&quot;,&quot;size&quot;:&quot;&quot;,&quot;sizes&quot;:[]},&quot;element_pack_global_tooltip_width_mobile&quot;:{&quot;unit&quot;:&quot;px&quot;,&quot;size&quot;:&quot;&quot;,&quot;sizes&quot;:[]},&quot;element_pack_global_tooltip_padding&quot;:{&quot;unit&quot;:&quot;px&quot;,&quot;top&quot;:&quot;&quot;,&quot;right&quot;:&quot;&quot;,&quot;bottom&quot;:&quot;&quot;,&quot;left&quot;:&quot;&quot;,&quot;isLinked&quot;:true},&quot;element_pack_global_tooltip_padding_tablet&quot;:{&quot;unit&quot;:&quot;px&quot;,&quot;top&quot;:&quot;&quot;,&quot;right&quot;:&quot;&quot;,&quot;bottom&quot;:&quot;&quot;,&quot;left&quot;:&quot;&quot;,&quot;isLinked&quot;:true},&quot;element_pack_global_tooltip_padding_mobile&quot;:{&quot;unit&quot;:&quot;px&quot;,&quot;top&quot;:&quot;&quot;,&quot;right&quot;:&quot;&quot;,&quot;bottom&quot;:&quot;&quot;,&quot;left&quot;:&quot;&quot;,&quot;isLinked&quot;:true},&quot;element_pack_global_tooltip_border_radius&quot;:{&quot;unit&quot;:&quot;px&quot;,&quot;top&quot;:&quot;&quot;,&quot;right&quot;:&quot;&quot;,&quot;bottom&quot;:&quot;&quot;,&quot;left&quot;:&quot;&quot;,&quot;isLinked&quot;:true},&quot;element_pack_global_tooltip_border_radius_tablet&quot;:{&quot;unit&quot;:&quot;px&quot;,&quot;top&quot;:&quot;&quot;,&quot;right&quot;:&quot;&quot;,&quot;bottom&quot;:&quot;&quot;,&quot;left&quot;:&quot;&quot;,&quot;isLinked&quot;:true},&quot;element_pack_global_tooltip_border_radius_mobile&quot;:{&quot;unit&quot;:&quot;px&quot;,&quot;top&quot;:&quot;&quot;,&quot;right&quot;:&quot;&quot;,&quot;bottom&quot;:&quot;&quot;,&quot;left&quot;:&quot;&quot;,&quot;isLinked&quot;:true}}\" data-elementor-post-type=\"product\">\n\t\t\t\t\t\t<section class=\"elementor-section elementor-top-section elementor-element elementor-element-aeaf894 elementor-section-boxed elementor-section-height-default elementor-section-height-default\" data-id=\"aeaf894\" data-element_type=\"section\" data-e-type=\"section\" data-settings=\"{&quot;background_background&quot;:&quot;classic&quot;}\">\n\t\t\t\t\t\t<div class=\"elementor-container elementor-column-gap-default\">\n\t\t\t\t\t<div class=\"elementor-column elementor-col-50 elementor-top-column elementor-element elementor-element-8d0b5da\" data-id=\"8d0b5da\" data-element_type=\"column\" data-e-type=\"column\">\n\t\t\t<div class=\"elementor-widget-wrap elementor-element-populated\">\n\t\t\t\t\t\t<div class=\"elementor-element elementor-element-732c481 elementor-widget elementor-widget-image\" data-id=\"732c481\" data-element_type=\"widget\" data-e-type=\"widget\" data-widget_type=\"image.default\">\n\t\t\t\t<div class=\"elementor-widget-container\">\n\t\t\t\t\t\t\t\t\t\t\t\t\t\t\t<img loading=\"lazy\" decoding=\"async\" width=\"311\" height=\"342\" src=\"https:\/\/razorgosidemount.eu\/wp-content\/uploads\/2022\/09\/SizeChart_Woman.jpg\" class=\"attachment-large size-large wp-image-61585\" alt=\"\" \/>\t\t\t\t\t\t\t\t\t\t\t\t\t\t\t<\/div>\n\t\t\t\t<\/div>\n\t\t\t\t\t<\/div>\n\t\t<\/div>\n\t\t\t\t<div class=\"elementor-column elementor-col-50 elementor-top-column elementor-element elementor-element-5e7d936\" data-id=\"5e7d936\" data-element_type=\"column\" data-e-type=\"column\">\n\t\t\t<div class=\"elementor-widget-wrap elementor-element-populated\">\n\t\t\t\t\t\t<div class=\"elementor-element elementor-element-b0ec351 vertical-border-remove-yes bdt-hide-entries-on-mobile-yes elementor-widget elementor-widget-bdt-table\" data-id=\"b0ec351\" data-element_type=\"widget\" data-e-type=\"widget\" data-widget_type=\"bdt-table.default\">\n\t\t\t\t<div class=\"elementor-widget-container\">\n\t\t\t\t\t\t\t<div class=\"bdt-table bdt-overflow-auto bdt-stripe\" id=\"bdt-table-b0ec351\">\n\t\t\t<table>\n               <thead>\n\t\t\t   <tr>\n                 <th>Gr\u00f6ssen<\/th>\n                 <th>A<br> (Weite in cm)<\/th>\n                 \t<th>C<br> (L\u00e4nge in cm)<\/th>\n\t\t\t\t   <th>B<br> (Taillenumfang in cm)<\/th>\n                 \t<\/tr>\n\t\t\t\t\t<tbody>\n\t\t\t\t\t\t\t<tr>\n\t\t\t\t\t\t\t\t\t<td>S<\/td>\n\t\t\t\t\t\t\t\t\t<td>41<\/td>\n\t\t\t\t\t\t\t\t\t<td>59<\/td>\n\t\t\t\t\t\t\t\t<td>38.5<\/td>\n<\/tr>\n\t\t\t\t\t\t\t<tr>\n\t\t\t\t\t\t\t\t\t<td>M<\/td>\n\t\t\t\t\t\t\t\t\t<td>43<\/td>\n\t\t\t\t\t\t\t\t\t<td>61<\/td>\n\t\t\t\t\t\t\t\t<td>41<\/td>\n<\/tr>\n\t\t\t\t\t\t\t<tr>\n\t\t\t\t\t\t\t\t\t<td>L<\/td>\n\t\t\t\t\t\t\t\t\t<td>46<\/td>\n\t\t\t\t\t\t\t\t\t<td>64<\/td>\n\t\t\t\t\t\t\t\t<td>44<\/td>\n<\/tr>\n\t\t\t\t\t\t\t<tr>\n\t\t\t\t\t\t\t\t\t<td>XL<\/td>\n\t\t\t\t\t\t\t\t\t<td>49<\/td>\n\t\t\t\t\t\t\t\t\t<td>66<\/td>\n\t\t\t\t\t\t\t\t<td>47.5<\/td>\n<\/tr>\n\t\t\t\t\t\t\t<\/tbody>\n\t\t\t\t\t\t\t<\/table>\t\t<\/div>\n\t\t\t\t\t\t<\/div>\n\t\t\t\t<\/div>\n\t\t\t\t\t<\/div>\n\t\t<\/div>\n\t\t\t\t\t<\/div>\n\t\t<\/section>\n\t\t\t\t<\/div>","protected":false},"excerpt":{"rendered":"<div class=\"ttl_bottom\">\n<ul class=\"details_list\">\n<li>100 % Premium-Baumwolle<\/li>\n<li>Mittelschweres, weiches, ringgesponnenes Gewebe<\/li>\n<li>1,3 cm schmaler Rippkragen<\/li>\n<li>Geklebter Nacken und Schultern<\/li>\n<li>Doppelt gen\u00e4hte \u00c4rmel und untere S\u00e4ume<\/li>\n<li>Halb taillierter Body mit Seitenn\u00e4hten und konturierter Silhouette<\/li>\n<li>F\u00e4llt eng aus \u2013 lieber eine Nummer gr\u00f6\u00dfer bestellen!<\/li>\n<\/ul>\n<\/div>","protected":false},"featured_media":61546,"comment_status":"closed","ping_status":"closed","template":"","meta":[],"etheme_brands":[{"term_id":1720,"name":"Razor","slug":"razor","term_group":0,"term_taxonomy_id":1720,"taxonomy":"brand","description":"","parent":0,"count":103,"filter":"raw","order":"0"}],"product_brand":[],"product_cat":[3315,3316,3324],"product_tag":[],"class_list":{"0":"post-60140","1":"product","2":"type-product","3":"status-publish","4":"has-post-thumbnail","6":"brand-razor","7":"product_cat-apparel","8":"product_cat-t-shirts","9":"product_cat-new-releases","11":"first","12":"instock","13":"taxable","14":"shipping-taxable","15":"purchasable","16":"product-type-variable"},"_links":{"self":[{"href":"https:\/\/razorgosidemount.eu\/de\/wp-json\/wp\/v2\/product\/60140","targetHints":{"allow":["GET"]}}],"collection":[{"href":"https:\/\/razorgosidemount.eu\/de\/wp-json\/wp\/v2\/product"}],"about":[{"href":"https:\/\/razorgosidemount.eu\/de\/wp-json\/wp\/v2\/types\/product"}],"replies":[{"embeddable":true,"href":"https:\/\/razorgosidemount.eu\/de\/wp-json\/wp\/v2\/comments?post=60140"}],"version-history":[{"count":12,"href":"https:\/\/razorgosidemount.eu\/de\/wp-json\/wp\/v2\/product\/60140\/revisions"}],"predecessor-version":[{"id":62346,"href":"https:\/\/razorgosidemount.eu\/de\/wp-json\/wp\/v2\/product\/60140\/revisions\/62346"}],"wp:featuredmedia":[{"embeddable":true,"href":"https:\/\/razorgosidemount.eu\/de\/wp-json\/wp\/v2\/media\/61546"}],"wp:attachment":[{"href":"https:\/\/razorgosidemount.eu\/de\/wp-json\/wp\/v2\/media?parent=60140"}],"wp:term":[{"taxonomy":"brand","embeddable":true,"href":"https:\/\/razorgosidemount.eu\/de\/wp-json\/wp\/v2\/etheme_brands?post=60140"},{"taxonomy":"product_brand","embeddable":true,"href":"https:\/\/razorgosidemount.eu\/de\/wp-json\/wp\/v2\/product_brand?post=60140"},{"taxonomy":"product_cat","embeddable":true,"href":"https:\/\/razorgosidemount.eu\/de\/wp-json\/wp\/v2\/product_cat?post=60140"},{"taxonomy":"product_tag","embeddable":true,"href":"https:\/\/razorgosidemount.eu\/de\/wp-json\/wp\/v2\/product_tag?post=60140"}],"curies":[{"name":"wp","href":"https:\/\/api.w.org\/{rel}","templated":true}]}}