{"id":47373,"date":"2020-03-25T09:00:34","date_gmt":"2020-03-25T08:00:34","guid":{"rendered":"https:\/\/razorgosidemount.eu\/?post_type=product&#038;p=47373"},"modified":"2024-10-04T12:45:33","modified_gmt":"2024-10-04T10:45:33","slug":"pro-s-valve-standard-air","status":"publish","type":"product","link":"https:\/\/razorgosidemount.eu\/de\/product\/pro-s-valve-standard-air\/","title":{"rendered":"PRO-S-Ventil, Standard AIR 230 bar \/ M18 x 1,5"},"content":{"rendered":"<p>Flaschen-Anschlussgewinde: M18 x 1,5 ISO zylindrisch<br \/>\nNautec S-Ventile sind Standard Absperreinrichtungen, f\u00fcr einen Betriebsdruck von 232 bar mit vertikal angeordnetem Absperrmechanismus und einem Ausgang gem\u00e4\u00df DIN EN 12209-02 (G 5\/8\u201c). Es kann nur 1 Atemregler angeschlossen werden.<\/p>\n<p>Ausger\u00fcstet mit einem \u201eFull-Metal-Core-Double-Wheel-Rubber-Knob\u201c.<\/p>\n<p>Das Ventil ist 100 % Sauerstoff-kompatibel und bleifrei!<\/p>\n<p>&nbsp;<\/p>","protected":false},"excerpt":{"rendered":"<p>Flaschen-Anschlussgewinde: M18 x 1,5 ISO zylindrisch<br \/>\nNautec S-Ventile sind Standard Absperreinrichtungen, f\u00fcr einen Betriebsdruck von 232 bar mit vertikal angeordnetem Absperrmechanismus und einem Ausgang gem\u00e4\u00df DIN EN 12209-02 (G 5\/8\u201c). Es kann nur 1 Atemregler angeschlossen werden.<\/p>\n<p>Ausger\u00fcstet mit einem \u201eFull-Metal-Core-Double-Wheel-Rubber-Knob\u201c.<\/p>\n<p>Das Ventil ist 100 % Sauerstoff-kompatibel und bleifrei!<\/p>\n<p>&nbsp;<\/p>","protected":false},"featured_media":48172,"comment_status":"open","ping_status":"closed","template":"","meta":[],"etheme_brands":[{"term_id":4413,"name":"Nautec","slug":"nautec","term_group":0,"term_taxonomy_id":4413,"taxonomy":"brand","description":"","parent":0,"count":2,"filter":"raw","order":"0"}],"product_brand":[],"product_cat":[4412],"product_tag":[],"class_list":{"0":"post-47373","1":"product","2":"type-product","3":"status-publish","4":"has-post-thumbnail","6":"brand-nautec","7":"product_cat-valves","9":"first","10":"instock","11":"taxable","12":"shipping-taxable","13":"purchasable","14":"product-type-simple"},"_links":{"self":[{"href":"https:\/\/razorgosidemount.eu\/de\/wp-json\/wp\/v2\/product\/47373","targetHints":{"allow":["GET"]}}],"collection":[{"href":"https:\/\/razorgosidemount.eu\/de\/wp-json\/wp\/v2\/product"}],"about":[{"href":"https:\/\/razorgosidemount.eu\/de\/wp-json\/wp\/v2\/types\/product"}],"replies":[{"embeddable":true,"href":"https:\/\/razorgosidemount.eu\/de\/wp-json\/wp\/v2\/comments?post=47373"}],"version-history":[{"count":2,"href":"https:\/\/razorgosidemount.eu\/de\/wp-json\/wp\/v2\/product\/47373\/revisions"}],"predecessor-version":[{"id":64706,"href":"https:\/\/razorgosidemount.eu\/de\/wp-json\/wp\/v2\/product\/47373\/revisions\/64706"}],"wp:featuredmedia":[{"embeddable":true,"href":"https:\/\/razorgosidemount.eu\/de\/wp-json\/wp\/v2\/media\/48172"}],"wp:attachment":[{"href":"https:\/\/razorgosidemount.eu\/de\/wp-json\/wp\/v2\/media?parent=47373"}],"wp:term":[{"taxonomy":"brand","embeddable":true,"href":"https:\/\/razorgosidemount.eu\/de\/wp-json\/wp\/v2\/etheme_brands?post=47373"},{"taxonomy":"product_brand","embeddable":true,"href":"https:\/\/razorgosidemount.eu\/de\/wp-json\/wp\/v2\/product_brand?post=47373"},{"taxonomy":"product_cat","embeddable":true,"href":"https:\/\/razorgosidemount.eu\/de\/wp-json\/wp\/v2\/product_cat?post=47373"},{"taxonomy":"product_tag","embeddable":true,"href":"https:\/\/razorgosidemount.eu\/de\/wp-json\/wp\/v2\/product_tag?post=47373"}],"curies":[{"name":"wp","href":"https:\/\/api.w.org\/{rel}","templated":true}]}}