{"id":39545,"date":"2019-12-20T04:26:48","date_gmt":"2019-12-20T03:26:48","guid":{"rendered":"https:\/\/razorgosidemount.eu\/?post_type=product&#038;p=39545"},"modified":"2026-02-06T11:45:56","modified_gmt":"2026-02-06T10:45:56","slug":"eezycut-line-cutter-with-hard-pouch","status":"publish","type":"product","link":"https:\/\/razorgosidemount.eu\/de\/product\/eezycut-line-cutter-with-hard-pouch\/","title":{"rendered":"Eezycut Line Cutter mit Hard Pouch"},"content":{"rendered":"<div data-elementor-type=\"section\" data-elementor-id=\"43288\" class=\"elementor elementor-43288\" data-elementor-post-type=\"elementor_library\">\n\t\t\t\t\t<section class=\"elementor-section elementor-top-section elementor-element elementor-element-7dcf5be elementor-section-boxed elementor-section-height-default elementor-section-height-default\" data-id=\"7dcf5be\" data-element_type=\"section\" data-e-type=\"section\">\n\t\t\t\t\t\t<div class=\"elementor-container elementor-column-gap-no\">\n\t\t\t\t\t<div class=\"elementor-column elementor-col-100 elementor-top-column elementor-element elementor-element-6d21b59\" data-id=\"6d21b59\" data-element_type=\"column\" data-e-type=\"column\">\n\t\t\t<div class=\"elementor-widget-wrap elementor-element-populated\">\n\t\t\t\t\t\t<div class=\"elementor-element elementor-element-3f28978 elementor-widget elementor-widget-heading\" data-id=\"3f28978\" data-element_type=\"widget\" data-e-type=\"widget\" data-widget_type=\"heading.default\">\n\t\t\t\t<div class=\"elementor-widget-container\">\n\t\t\t\t\t<h2 class=\"elementor-heading-title elementor-size-default\">Benutzung<\/h2>\t\t\t\t<\/div>\n\t\t\t\t<\/div>\n\t\t\t\t<div class=\"elementor-element elementor-element-e2b9e60 elementor-widget elementor-widget-text-editor\" data-id=\"e2b9e60\" data-element_type=\"widget\" data-e-type=\"widget\" data-widget_type=\"text-editor.default\">\n\t\t\t\t<div class=\"elementor-widget-container\">\n\t\t\t\t\t\t\t\t\t<p>Durch den speziell patentierten Mechanismus erfordert dieses einzigartige Werkzeug andere Techniken als herk\u00f6mmliche Produkte. Diese Seite soll Dir helfen, das Eezycut optimal zu nutzen.<\/p><p>Aufgrund der TOLERANZEN in dem Schlitz, in dem die Klinge sitzt, ist es unm\u00f6glich, die Klinge exakt in der Mitte auszurichten. Infolgedessen neigt die Klinge dazu, sich geringf\u00fcgig mehr zu einer Seite als zur anderen zu neigen. Der Benutzer kann dies manchmal bemerken, da das Werkzeug auf einer Seite ein anderes Schneiden empfindet als auf der anderen.<\/p>\t\t\t\t\t\t\t\t<\/div>\n\t\t\t\t<\/div>\n\t\t\t\t\t<\/div>\n\t\t<\/div>\n\t\t\t\t\t<\/div>\n\t\t<\/section>\n\t\t\t\t<section class=\"elementor-section elementor-top-section elementor-element elementor-element-99329ce elementor-section-boxed elementor-section-height-default elementor-section-height-default\" data-id=\"99329ce\" data-element_type=\"section\" data-e-type=\"section\">\n\t\t\t\t\t\t<div class=\"elementor-container elementor-column-gap-no\">\n\t\t\t\t\t<div class=\"elementor-column elementor-col-100 elementor-top-column elementor-element elementor-element-5144729\" data-id=\"5144729\" data-element_type=\"column\" data-e-type=\"column\">\n\t\t\t<div class=\"elementor-widget-wrap elementor-element-populated\">\n\t\t\t\t\t\t<div class=\"elementor-element elementor-element-24b3d10 elementor-widget elementor-widget-heading\" data-id=\"24b3d10\" data-element_type=\"widget\" data-e-type=\"widget\" data-widget_type=\"heading.default\">\n\t\t\t\t<div class=\"elementor-widget-container\">\n\t\t\t\t\t<h2 class=\"elementor-heading-title elementor-size-default\">WIE SCHNEIDET MAN EINE LEINE?<\/h2>\t\t\t\t<\/div>\n\t\t\t\t<\/div>\n\t\t\t\t<div class=\"elementor-element elementor-element-3ebf621 elementor-widget elementor-widget-text-editor\" data-id=\"3ebf621\" data-element_type=\"widget\" data-e-type=\"widget\" data-widget_type=\"text-editor.default\">\n\t\t\t\t<div class=\"elementor-widget-container\">\n\t\t\t\t\t\t\t\t\t<p>Der TRILOBITE ist f\u00fcr das Schneiden von bis zu 8 mm dicken Leinen ausgelegt, kann jedoch bis zu 12 mm schneiden. Das Werkzeug funktioniert am besten, wenn die Leine unter Spannung steht. Das Werkzeug schneidet hervorragend spannungsfrei, wie in der Videogalerie zu sehen ist. Die besten Ergebnisse werden jedoch erzielt, wenn der Benutzer die zu schneidende Leine spannt.<\/p>\t\t\t\t\t\t\t\t<\/div>\n\t\t\t\t<\/div>\n\t\t\t\t\t<\/div>\n\t\t<\/div>\n\t\t\t\t\t<\/div>\n\t\t<\/section>\n\t\t\t\t<section class=\"elementor-section elementor-top-section elementor-element elementor-element-a919738 elementor-section-boxed elementor-section-height-default elementor-section-height-default\" data-id=\"a919738\" data-element_type=\"section\" data-e-type=\"section\">\n\t\t\t\t\t\t<div class=\"elementor-container elementor-column-gap-no\">\n\t\t\t\t\t<div class=\"elementor-column elementor-col-100 elementor-top-column elementor-element elementor-element-31eb6f8\" data-id=\"31eb6f8\" data-element_type=\"column\" data-e-type=\"column\">\n\t\t\t<div class=\"elementor-widget-wrap elementor-element-populated\">\n\t\t\t\t\t\t<div class=\"elementor-element elementor-element-d38ddb9 elementor-widget elementor-widget-text-editor\" data-id=\"d38ddb9\" data-element_type=\"widget\" data-e-type=\"widget\" data-widget_type=\"text-editor.default\">\n\t\t\t\t<div class=\"elementor-widget-container\">\n\t\t\t\t\t\t\t\t\t<p>Das Werkzeug kann mit dem Zeigefinger und dem Daumen \u00fcber dem Schlitz oder mit dem Zeigefinger \u00fcber der Vorderseite des Rahmens gehalten werden.\u00a0<strong>DURCH HALTEN DES WERKZEUGS MIT DEM INDEX-FINGER \u00dcBER DEM SCHLITZ WIRD DAS WERKZEUG ZU EINEM EINSEITIGEN SCHNEIDEWERKZEUG.<\/strong>\u00a0Achte darauf, dass Du Dich nicht an der Klinge schneidest. Die Klinge ist gut vor Deinen H\u00e4nden gesch\u00fctzt, aber nicht narrensicher und kann so leicht zu Verletzungen f\u00fchren, wenn sie zu ungeschickt behandelt wird. Achte darauf, Dich nicht zu verletzen, wenn Du das Werkzeug wieder in die H\u00fclle steckst. Wenn sich die Leine im Schlitz befindet, ziehst Du sie einfach am Ellbogen zur\u00fcck und beobachte, wie sie durchgeschnitten wird.<\/p>\t\t\t\t\t\t\t\t<\/div>\n\t\t\t\t<\/div>\n\t\t\t\t<section class=\"elementor-section elementor-inner-section elementor-element elementor-element-fb7abc7 elementor-section-boxed elementor-section-height-default elementor-section-height-default\" data-id=\"fb7abc7\" data-element_type=\"section\" data-e-type=\"section\">\n\t\t\t\t\t\t<div class=\"elementor-container elementor-column-gap-no\">\n\t\t\t\t\t<div class=\"elementor-column elementor-col-50 elementor-inner-column elementor-element elementor-element-0d5ff29\" data-id=\"0d5ff29\" data-element_type=\"column\" data-e-type=\"column\">\n\t\t\t<div class=\"elementor-widget-wrap elementor-element-populated\">\n\t\t\t\t\t\t<div class=\"elementor-element elementor-element-22cd6a1 elementor-widget elementor-widget-video\" data-id=\"22cd6a1\" data-element_type=\"widget\" data-e-type=\"widget\" data-settings=\"{&quot;youtube_url&quot;:&quot;https:\\\/\\\/youtu.be\\\/EuFulLEQD2Y&quot;,&quot;video_type&quot;:&quot;youtube&quot;,&quot;controls&quot;:&quot;yes&quot;}\" data-widget_type=\"video.default\">\n\t\t\t\t<div class=\"elementor-widget-container\">\n\t\t\t\t\t\t\t<div class=\"elementor-wrapper elementor-open-inline\">\n\t\t\t<div class=\"elementor-video\"><\/div>\t\t<\/div>\n\t\t\t\t\t\t<\/div>\n\t\t\t\t<\/div>\n\t\t\t\t\t<\/div>\n\t\t<\/div>\n\t\t\t\t<div class=\"elementor-column elementor-col-50 elementor-inner-column elementor-element elementor-element-2721080\" data-id=\"2721080\" data-element_type=\"column\" data-e-type=\"column\">\n\t\t\t<div class=\"elementor-widget-wrap elementor-element-populated\">\n\t\t\t\t\t\t<div class=\"elementor-element elementor-element-9fcd5f8 elementor-widget elementor-widget-video\" data-id=\"9fcd5f8\" data-element_type=\"widget\" data-e-type=\"widget\" data-settings=\"{&quot;youtube_url&quot;:&quot;https:\\\/\\\/youtu.be\\\/VAcGkn-LJGo&quot;,&quot;video_type&quot;:&quot;youtube&quot;,&quot;controls&quot;:&quot;yes&quot;}\" data-widget_type=\"video.default\">\n\t\t\t\t<div class=\"elementor-widget-container\">\n\t\t\t\t\t\t\t<div class=\"elementor-wrapper elementor-open-inline\">\n\t\t\t<div class=\"elementor-video\"><\/div>\t\t<\/div>\n\t\t\t\t\t\t<\/div>\n\t\t\t\t<\/div>\n\t\t\t\t\t<\/div>\n\t\t<\/div>\n\t\t\t\t\t<\/div>\n\t\t<\/section>\n\t\t\t\t\t<\/div>\n\t\t<\/div>\n\t\t\t\t\t<\/div>\n\t\t<\/section>\n\t\t\t\t<section class=\"elementor-section elementor-top-section elementor-element elementor-element-f13ce3f elementor-section-boxed elementor-section-height-default elementor-section-height-default\" data-id=\"f13ce3f\" data-element_type=\"section\" data-e-type=\"section\">\n\t\t\t\t\t\t<div class=\"elementor-container elementor-column-gap-no\">\n\t\t\t\t\t<div class=\"elementor-column elementor-col-50 elementor-top-column elementor-element elementor-element-2fee5ee\" data-id=\"2fee5ee\" data-element_type=\"column\" data-e-type=\"column\">\n\t\t\t<div class=\"elementor-widget-wrap elementor-element-populated\">\n\t\t\t\t\t\t<div class=\"elementor-element elementor-element-3fdf47c elementor-widget elementor-widget-heading\" data-id=\"3fdf47c\" data-element_type=\"widget\" data-e-type=\"widget\" data-widget_type=\"heading.default\">\n\t\t\t\t<div class=\"elementor-widget-container\">\n\t\t\t\t\t<h2 class=\"elementor-heading-title elementor-size-default\">SO SCHNEIDEST DU EINE DICKERE LEINE<\/h2>\t\t\t\t<\/div>\n\t\t\t\t<\/div>\n\t\t\t\t<div class=\"elementor-element elementor-element-990e0a6 elementor-widget elementor-widget-text-editor\" data-id=\"990e0a6\" data-element_type=\"widget\" data-e-type=\"widget\" data-widget_type=\"text-editor.default\">\n\t\t\t\t<div class=\"elementor-widget-container\">\n\t\t\t\t\t\t\t\t\t<p>Der TRILOBITE ist f\u00fcr m\u00fcheloses Schneiden von Leinen bis zu 8 mm ausgelegt. Mit den richtigen Techniken ist es jedoch einfach, Leine bis zu 12 mm zu schneiden, wie das nebenstehende Video zeigt.<\/p>\t\t\t\t\t\t\t\t<\/div>\n\t\t\t\t<\/div>\n\t\t\t\t\t<\/div>\n\t\t<\/div>\n\t\t\t\t<div class=\"elementor-column elementor-col-50 elementor-top-column elementor-element elementor-element-b2b226f\" data-id=\"b2b226f\" data-element_type=\"column\" data-e-type=\"column\">\n\t\t\t<div class=\"elementor-widget-wrap elementor-element-populated\">\n\t\t\t\t\t\t<div class=\"elementor-element elementor-element-2e9c9b6 elementor-widget elementor-widget-video\" data-id=\"2e9c9b6\" data-element_type=\"widget\" data-e-type=\"widget\" data-settings=\"{&quot;youtube_url&quot;:&quot;https:\\\/\\\/youtu.be\\\/lrXvMoVGqd8&quot;,&quot;video_type&quot;:&quot;youtube&quot;,&quot;controls&quot;:&quot;yes&quot;}\" data-widget_type=\"video.default\">\n\t\t\t\t<div class=\"elementor-widget-container\">\n\t\t\t\t\t\t\t<div class=\"elementor-wrapper elementor-open-inline\">\n\t\t\t<div class=\"elementor-video\"><\/div>\t\t<\/div>\n\t\t\t\t\t\t<\/div>\n\t\t\t\t<\/div>\n\t\t\t\t\t<\/div>\n\t\t<\/div>\n\t\t\t\t\t<\/div>\n\t\t<\/section>\n\t\t\t\t<section class=\"elementor-section elementor-top-section elementor-element elementor-element-7faa56c elementor-reverse-mobile elementor-section-boxed elementor-section-height-default elementor-section-height-default\" data-id=\"7faa56c\" data-element_type=\"section\" data-e-type=\"section\">\n\t\t\t\t\t\t<div class=\"elementor-container elementor-column-gap-no\">\n\t\t\t\t\t<div class=\"elementor-column elementor-col-50 elementor-top-column elementor-element elementor-element-bd12718\" data-id=\"bd12718\" data-element_type=\"column\" data-e-type=\"column\">\n\t\t\t<div class=\"elementor-widget-wrap elementor-element-populated\">\n\t\t\t\t\t\t<div class=\"elementor-element elementor-element-16c2440 elementor-widget elementor-widget-video\" data-id=\"16c2440\" data-element_type=\"widget\" data-e-type=\"widget\" data-settings=\"{&quot;youtube_url&quot;:&quot;https:\\\/\\\/youtu.be\\\/ecnpVSQdmmI&quot;,&quot;video_type&quot;:&quot;youtube&quot;,&quot;controls&quot;:&quot;yes&quot;}\" data-widget_type=\"video.default\">\n\t\t\t\t<div class=\"elementor-widget-container\">\n\t\t\t\t\t\t\t<div class=\"elementor-wrapper elementor-open-inline\">\n\t\t\t<div class=\"elementor-video\"><\/div>\t\t<\/div>\n\t\t\t\t\t\t<\/div>\n\t\t\t\t<\/div>\n\t\t\t\t\t<\/div>\n\t\t<\/div>\n\t\t\t\t<div class=\"elementor-column elementor-col-50 elementor-top-column elementor-element elementor-element-3503569\" data-id=\"3503569\" data-element_type=\"column\" data-e-type=\"column\">\n\t\t\t<div class=\"elementor-widget-wrap elementor-element-populated\">\n\t\t\t\t\t\t<div class=\"elementor-element elementor-element-db62bc3 elementor-widget elementor-widget-heading\" data-id=\"db62bc3\" data-element_type=\"widget\" data-e-type=\"widget\" data-widget_type=\"heading.default\">\n\t\t\t\t<div class=\"elementor-widget-container\">\n\t\t\t\t\t<h2 class=\"elementor-heading-title elementor-size-default\">WIE MAN WEBBING SCHNEIDET<\/h2>\t\t\t\t<\/div>\n\t\t\t\t<\/div>\n\t\t\t\t<div class=\"elementor-element elementor-element-1413a56 elementor-widget elementor-widget-text-editor\" data-id=\"1413a56\" data-element_type=\"widget\" data-e-type=\"widget\" data-widget_type=\"text-editor.default\">\n\t\t\t\t<div class=\"elementor-widget-container\">\n\t\t\t\t\t\t\t\t\t<p>Der TRILOBITE ist f\u00fcr das Schneiden von Webbing aller St\u00e4rken ausgelegt. Das Werkzeug funktioniert am besten, wenn das Gurtband unter Spannung steht.<br \/>Um das Webbing optimal zu schneiden, ist eine andere Schneideinwirkung erforderlich als beim Schneiden von Leine. Um optimale Ergebnisse zu erzielen, strecke Deinen Zeigefinger \u00fcber die Vorderseite des Rahmens, wie in den folgenden Abbildungen gezeigt. Dr\u00fccke beim Zur\u00fcckziehen mit dem Webbing im Schlitz die Vorderseite des Werkzeugs mit dem Zeigefinger nach unten, wie eine Hakenklaue. Die Bewegung kommt vom Handgelenk. Versuche, das Gurtband abzuschneiden, bevor es das Ende des Arms erreicht.<\/p>\t\t\t\t\t\t\t\t<\/div>\n\t\t\t\t<\/div>\n\t\t\t\t\t<\/div>\n\t\t<\/div>\n\t\t\t\t\t<\/div>\n\t\t<\/section>\n\t\t\t\t<section class=\"elementor-section elementor-top-section elementor-element elementor-element-6f0b4ed elementor-section-boxed elementor-section-height-default elementor-section-height-default\" data-id=\"6f0b4ed\" data-element_type=\"section\" data-e-type=\"section\">\n\t\t\t\t\t\t<div class=\"elementor-container elementor-column-gap-no\">\n\t\t\t\t\t<div class=\"elementor-column elementor-col-50 elementor-top-column elementor-element elementor-element-52edfb7\" data-id=\"52edfb7\" data-element_type=\"column\" data-e-type=\"column\">\n\t\t\t<div class=\"elementor-widget-wrap elementor-element-populated\">\n\t\t\t\t\t\t<div class=\"elementor-element elementor-element-93c1bab elementor-widget elementor-widget-heading\" data-id=\"93c1bab\" data-element_type=\"widget\" data-e-type=\"widget\" data-widget_type=\"heading.default\">\n\t\t\t\t<div class=\"elementor-widget-container\">\n\t\t\t\t\t<h2 class=\"elementor-heading-title elementor-size-default\">SO WECHSELST DU DIE KLINGE<\/h2>\t\t\t\t<\/div>\n\t\t\t\t<\/div>\n\t\t\t\t<div class=\"elementor-element elementor-element-80b4bd9 elementor-widget elementor-widget-text-editor\" data-id=\"80b4bd9\" data-element_type=\"widget\" data-e-type=\"widget\" data-widget_type=\"text-editor.default\">\n\t\t\t\t<div class=\"elementor-widget-container\">\n\t\t\t\t\t\t\t\t\t<p>Zum Schutz Nitrilhandschuhe verwenden. L\u00f6se die Sechskantmuttern. \u00d6ffne das Werkzeug an der Vorderseite \u00fcber das \u201eStemmloch\u201c. \u00d6ffne das Werkzeug vorsichtig, auch an den LOCATORS. Hebe die Klinge ab und entsorge sie sicher. Setze das neue Messer ein, und ziehe die Sechskantmuttern fest. Schiebe das Werkzeug an den Positionierern zusammen. Du kannst die Arme entweder fest mit Deinen Fingern oder sehr sanft mit einer Zange schlie\u00dfen. Achte darauf, dass Du nicht zu fest anziehst, da die Enden leichte Risse aufweisen k\u00f6nnen. Das ist nicht ideal, schadet aber in keiner Weise der Funktion des Werkzeugs.<\/p>\t\t\t\t\t\t\t\t<\/div>\n\t\t\t\t<\/div>\n\t\t\t\t\t<\/div>\n\t\t<\/div>\n\t\t\t\t<div class=\"elementor-column elementor-col-50 elementor-top-column elementor-element elementor-element-056e6e5\" data-id=\"056e6e5\" data-element_type=\"column\" data-e-type=\"column\">\n\t\t\t<div class=\"elementor-widget-wrap elementor-element-populated\">\n\t\t\t\t\t\t<div class=\"elementor-element elementor-element-8c6bcbf elementor-widget elementor-widget-video\" data-id=\"8c6bcbf\" data-element_type=\"widget\" data-e-type=\"widget\" data-settings=\"{&quot;youtube_url&quot;:&quot;https:\\\/\\\/youtu.be\\\/kyp-KIoiGzc&quot;,&quot;video_type&quot;:&quot;youtube&quot;,&quot;controls&quot;:&quot;yes&quot;}\" data-widget_type=\"video.default\">\n\t\t\t\t<div class=\"elementor-widget-container\">\n\t\t\t\t\t\t\t<div class=\"elementor-wrapper elementor-open-inline\">\n\t\t\t<div class=\"elementor-video\"><\/div>\t\t<\/div>\n\t\t\t\t\t\t<\/div>\n\t\t\t\t<\/div>\n\t\t\t\t\t<\/div>\n\t\t<\/div>\n\t\t\t\t\t<\/div>\n\t\t<\/section>\n\t\t\t\t<\/div>","protected":false},"excerpt":{"rendered":"<p>Das EEZYCUT wurde nicht nur f\u00fcr Taucher entwickelt sondern auch f\u00fcr Extremsportler in anderen Bereichen, sowie Rettungspersonal.<br>\nVerpackt in einer Harness \u2013 Pouch kann es leicht am Harness selbst, am Armband des Tauchcomputers oder am Kompass angebracht werden.<br>\nZwei Ersatzklingen werden mitgeliefert.<\/p>","protected":false},"featured_media":39546,"comment_status":"closed","ping_status":"closed","template":"","meta":[],"etheme_brands":[{"term_id":3467,"name":"Eezycut","slug":"eezycut","term_group":0,"term_taxonomy_id":3467,"taxonomy":"brand","description":"","parent":0,"count":3,"filter":"raw","order":"0"}],"product_brand":[],"product_cat":[3302,3334],"product_tag":[],"class_list":{"0":"post-39545","1":"product","2":"type-product","3":"status-publish","4":"has-post-thumbnail","6":"brand-eezycut","7":"product_cat-tools","8":"product_cat-cutting_devices","10":"first","11":"instock","12":"taxable","13":"shipping-taxable","14":"purchasable","15":"product-type-simple"},"_links":{"self":[{"href":"https:\/\/razorgosidemount.eu\/de\/wp-json\/wp\/v2\/product\/39545","targetHints":{"allow":["GET"]}}],"collection":[{"href":"https:\/\/razorgosidemount.eu\/de\/wp-json\/wp\/v2\/product"}],"about":[{"href":"https:\/\/razorgosidemount.eu\/de\/wp-json\/wp\/v2\/types\/product"}],"replies":[{"embeddable":true,"href":"https:\/\/razorgosidemount.eu\/de\/wp-json\/wp\/v2\/comments?post=39545"}],"version-history":[{"count":2,"href":"https:\/\/razorgosidemount.eu\/de\/wp-json\/wp\/v2\/product\/39545\/revisions"}],"predecessor-version":[{"id":64961,"href":"https:\/\/razorgosidemount.eu\/de\/wp-json\/wp\/v2\/product\/39545\/revisions\/64961"}],"wp:featuredmedia":[{"embeddable":true,"href":"https:\/\/razorgosidemount.eu\/de\/wp-json\/wp\/v2\/media\/39546"}],"wp:attachment":[{"href":"https:\/\/razorgosidemount.eu\/de\/wp-json\/wp\/v2\/media?parent=39545"}],"wp:term":[{"taxonomy":"brand","embeddable":true,"href":"https:\/\/razorgosidemount.eu\/de\/wp-json\/wp\/v2\/etheme_brands?post=39545"},{"taxonomy":"product_brand","embeddable":true,"href":"https:\/\/razorgosidemount.eu\/de\/wp-json\/wp\/v2\/product_brand?post=39545"},{"taxonomy":"product_cat","embeddable":true,"href":"https:\/\/razorgosidemount.eu\/de\/wp-json\/wp\/v2\/product_cat?post=39545"},{"taxonomy":"product_tag","embeddable":true,"href":"https:\/\/razorgosidemount.eu\/de\/wp-json\/wp\/v2\/product_tag?post=39545"}],"curies":[{"name":"wp","href":"https:\/\/api.w.org\/{rel}","templated":true}]}}