{"id":39171,"date":"2019-12-14T04:25:01","date_gmt":"2019-12-14T03:25:01","guid":{"rendered":"https:\/\/razorgosidemount.eu\/?post_type=product&#038;p=39171"},"modified":"2024-03-10T15:40:51","modified_gmt":"2024-03-10T14:40:51","slug":"3-rems-reference-exit-marker-transparent-blue","status":"publish","type":"product","link":"https:\/\/razorgosidemount.eu\/de\/product\/3-rems-reference-exit-marker-transparent-blue\/","title":{"rendered":"3 \u00abREMs\u00bb \u2013 Transparentes Blau"},"content":{"rendered":"<p>Der H\u00f6hlenforscher und Ausbilder Bil Phillips stellt die Vorteile der Verwendung des Referenz Exit Markers (REM) anstelle von Cookies oder sogar Line Arrows vor. Zusammen mit dem Navigations-Kit ist es eine perfekte L\u00f6sung f\u00fcr die Navigation in H\u00f6hlen.<\/p>","protected":false},"excerpt":{"rendered":"<p>Durch Cave Explorer &amp; Instructor Bil Phillips entstand der Reference Exit Marker (REM) welcher von vielen H\u00f6hlentauchern heute an Stelle von Cookies und Pfeilen verwendet wird.<\/p>","protected":false},"featured_media":39159,"comment_status":"closed","ping_status":"closed","template":"","meta":[],"etheme_brands":[{"term_id":1720,"name":"Razor","slug":"razor","term_group":0,"term_taxonomy_id":1720,"taxonomy":"brand","description":"","parent":0,"count":102,"filter":"raw","order":"0"}],"product_brand":[],"product_cat":[3302,3309],"product_tag":[],"class_list":{"0":"post-39171","1":"product","2":"type-product","3":"status-publish","4":"has-post-thumbnail","6":"brand-razor","7":"product_cat-tools","8":"product_cat-cave_markers","10":"first","11":"instock","12":"taxable","13":"shipping-taxable","14":"purchasable","15":"product-type-simple"},"_links":{"self":[{"href":"https:\/\/razorgosidemount.eu\/de\/wp-json\/wp\/v2\/product\/39171","targetHints":{"allow":["GET"]}}],"collection":[{"href":"https:\/\/razorgosidemount.eu\/de\/wp-json\/wp\/v2\/product"}],"about":[{"href":"https:\/\/razorgosidemount.eu\/de\/wp-json\/wp\/v2\/types\/product"}],"replies":[{"embeddable":true,"href":"https:\/\/razorgosidemount.eu\/de\/wp-json\/wp\/v2\/comments?post=39171"}],"version-history":[{"count":1,"href":"https:\/\/razorgosidemount.eu\/de\/wp-json\/wp\/v2\/product\/39171\/revisions"}],"predecessor-version":[{"id":64271,"href":"https:\/\/razorgosidemount.eu\/de\/wp-json\/wp\/v2\/product\/39171\/revisions\/64271"}],"wp:featuredmedia":[{"embeddable":true,"href":"https:\/\/razorgosidemount.eu\/de\/wp-json\/wp\/v2\/media\/39159"}],"wp:attachment":[{"href":"https:\/\/razorgosidemount.eu\/de\/wp-json\/wp\/v2\/media?parent=39171"}],"wp:term":[{"taxonomy":"brand","embeddable":true,"href":"https:\/\/razorgosidemount.eu\/de\/wp-json\/wp\/v2\/etheme_brands?post=39171"},{"taxonomy":"product_brand","embeddable":true,"href":"https:\/\/razorgosidemount.eu\/de\/wp-json\/wp\/v2\/product_brand?post=39171"},{"taxonomy":"product_cat","embeddable":true,"href":"https:\/\/razorgosidemount.eu\/de\/wp-json\/wp\/v2\/product_cat?post=39171"},{"taxonomy":"product_tag","embeddable":true,"href":"https:\/\/razorgosidemount.eu\/de\/wp-json\/wp\/v2\/product_tag?post=39171"}],"curies":[{"name":"wp","href":"https:\/\/api.w.org\/{rel}","templated":true}]}}