{"id":32235,"date":"2019-09-16T17:59:19","date_gmt":"2019-09-16T15:59:19","guid":{"rendered":"https:\/\/asia.razorgosidemount.com\/product\/import-placeholder-for-11664\/"},"modified":"2026-04-20T18:11:41","modified_gmt":"2026-04-20T16:11:41","slug":"razor-break-away-connector-razor-black-bolt-snap","status":"publish","type":"product","link":"https:\/\/razorgosidemount.eu\/de\/product\/razor-break-away-connector-razor-black-bolt-snap\/","title":{"rendered":"RAZOR Break Away Connector + Schwarzer RAZOR Bolt Snap"},"content":{"rendered":"<div class=\"short-description\">\n<p>Neues Design mit zus\u00e4tzlichen Verbesserungen, um ein Verrutschen entlang des langen Schlauchs beim Einh\u00e4ngen am D-Ring zu verhindern.<\/p>\n<p>Inklusive passendem schwarzem RAZOR-Schnellverschluss \u2013 sofort einsatzbereit zum Tauchen!<\/p>\n<\/div>","protected":false},"excerpt":{"rendered":"<p>Neu entwickelt f\u00fcr eine bessere Passform an Ihrem langen Schlauch - immer einsatzbereit f\u00fcr den Einsatz in Notf\u00e4llen.<br \/>\n<b>Mit Karabinerhaken der Marke BLACK RAZOR \u2013 sofort einsatzbereit zum Anbringen und Tauchen!<\/b><\/p>","protected":false},"featured_media":31737,"comment_status":"closed","ping_status":"closed","template":"","meta":[],"etheme_brands":[{"term_id":1720,"name":"Razor","slug":"razor","term_group":0,"term_taxonomy_id":1720,"taxonomy":"brand","description":"","parent":0,"count":103,"filter":"raw","order":"0"}],"product_brand":[],"product_cat":[3300,3301,3304,3324],"product_tag":[],"class_list":{"0":"post-32235","1":"product","2":"type-product","3":"status-publish","4":"has-post-thumbnail","6":"brand-razor","7":"product_cat-razor-parts","8":"product_cat-hardware","9":"product_cat-tools-razor-parts","10":"product_cat-new-releases","12":"first","13":"instock","14":"taxable","15":"shipping-taxable","16":"purchasable","17":"product-type-simple"},"_links":{"self":[{"href":"https:\/\/razorgosidemount.eu\/de\/wp-json\/wp\/v2\/product\/32235","targetHints":{"allow":["GET"]}}],"collection":[{"href":"https:\/\/razorgosidemount.eu\/de\/wp-json\/wp\/v2\/product"}],"about":[{"href":"https:\/\/razorgosidemount.eu\/de\/wp-json\/wp\/v2\/types\/product"}],"replies":[{"embeddable":true,"href":"https:\/\/razorgosidemount.eu\/de\/wp-json\/wp\/v2\/comments?post=32235"}],"version-history":[{"count":1,"href":"https:\/\/razorgosidemount.eu\/de\/wp-json\/wp\/v2\/product\/32235\/revisions"}],"predecessor-version":[{"id":60500,"href":"https:\/\/razorgosidemount.eu\/de\/wp-json\/wp\/v2\/product\/32235\/revisions\/60500"}],"wp:featuredmedia":[{"embeddable":true,"href":"https:\/\/razorgosidemount.eu\/de\/wp-json\/wp\/v2\/media\/31737"}],"wp:attachment":[{"href":"https:\/\/razorgosidemount.eu\/de\/wp-json\/wp\/v2\/media?parent=32235"}],"wp:term":[{"taxonomy":"brand","embeddable":true,"href":"https:\/\/razorgosidemount.eu\/de\/wp-json\/wp\/v2\/etheme_brands?post=32235"},{"taxonomy":"product_brand","embeddable":true,"href":"https:\/\/razorgosidemount.eu\/de\/wp-json\/wp\/v2\/product_brand?post=32235"},{"taxonomy":"product_cat","embeddable":true,"href":"https:\/\/razorgosidemount.eu\/de\/wp-json\/wp\/v2\/product_cat?post=32235"},{"taxonomy":"product_tag","embeddable":true,"href":"https:\/\/razorgosidemount.eu\/de\/wp-json\/wp\/v2\/product_tag?post=32235"}],"curies":[{"name":"wp","href":"https:\/\/api.w.org\/{rel}","templated":true}]}}