{"id":32125,"date":"2019-09-16T17:58:35","date_gmt":"2019-09-16T15:58:35","guid":{"rendered":"https:\/\/asia.razorgosidemount.com\/product\/import-placeholder-for-11078\/"},"modified":"2026-03-31T11:49:24","modified_gmt":"2026-03-31T09:49:24","slug":"razor-naked-submersible-pressure-gauge-bar","status":"publish","type":"product","link":"https:\/\/razorgosidemount.eu\/de\/product\/razor-naked-submersible-pressure-gauge-bar\/","title":{"rendered":"RAZOR Finimeter-Kopf BAR"},"content":{"rendered":"<p>Dieses Messger\u00e4t wurde f\u00fcr technische Taucher und H\u00f6hlentaucher entwickelt und verf\u00fcgt \u00fcber eine doppelt verchromte, verspiegelte Geh\u00e4usebehandlung, um ein optimales Aussehen und maximalen Schutz vor Korrosion zu gew\u00e4hrleisten.<\/p>\n<p>Das Messinggeh\u00e4use mit geh\u00e4rtetem Glas bietet extreme Haltbarkeit und die M\u00f6glichkeit, es ohne Abdeckungsschutz zu verwenden, da der Mechanismus aus doppeltem Schwei\u00dfen und Kupfer-Beryllium-Bourdon-R\u00f6hren auch bei einem harten Schlag nicht aus der Kalibrierung kommt.<\/p>\n<p>Das Messger\u00e4t wird h\u00e4ufig im technischen Tauchen eingesetzt und bietet ein H\u00f6chstma\u00df an Genauigkeit und Zuverl\u00e4ssigkeit.<\/p>\n<p>Von vielen technischen Tauchern und H\u00f6hlentauchern wegen seiner Einfachheit bevorzugt.<\/p>","protected":false},"excerpt":{"rendered":"<p>Leicht zu lesen. Die Anzeige reicht von 0 bis 300 BAR und verf\u00fcgt \u00fcber ein einfaches, klares Ziffernblatt, das selbst bei v\u00f6lliger Dunkelheit oder schlechten Sichtverh\u00e4ltnissen ein einfaches Ablesen erm\u00f6glicht.<\/p>","protected":false},"featured_media":32219,"comment_status":"closed","ping_status":"closed","template":"","meta":[],"etheme_brands":[{"term_id":1720,"name":"Razor","slug":"razor","term_group":0,"term_taxonomy_id":1720,"taxonomy":"brand","description":"","parent":0,"count":103,"filter":"raw","order":"0"}],"product_brand":[],"product_cat":[3241,3300,3305,3306],"product_tag":[],"class_list":{"0":"post-32125","1":"product","2":"type-product","3":"status-publish","4":"has-post-thumbnail","6":"brand-razor","7":"product_cat-razor-side-mount","8":"product_cat-razor-parts","9":"product_cat-razor-gauges","10":"product_cat-bar","12":"first","13":"instock","14":"taxable","15":"shipping-taxable","16":"purchasable","17":"product-type-simple"},"_links":{"self":[{"href":"https:\/\/razorgosidemount.eu\/de\/wp-json\/wp\/v2\/product\/32125","targetHints":{"allow":["GET"]}}],"collection":[{"href":"https:\/\/razorgosidemount.eu\/de\/wp-json\/wp\/v2\/product"}],"about":[{"href":"https:\/\/razorgosidemount.eu\/de\/wp-json\/wp\/v2\/types\/product"}],"replies":[{"embeddable":true,"href":"https:\/\/razorgosidemount.eu\/de\/wp-json\/wp\/v2\/comments?post=32125"}],"version-history":[{"count":1,"href":"https:\/\/razorgosidemount.eu\/de\/wp-json\/wp\/v2\/product\/32125\/revisions"}],"predecessor-version":[{"id":59590,"href":"https:\/\/razorgosidemount.eu\/de\/wp-json\/wp\/v2\/product\/32125\/revisions\/59590"}],"wp:featuredmedia":[{"embeddable":true,"href":"https:\/\/razorgosidemount.eu\/de\/wp-json\/wp\/v2\/media\/32219"}],"wp:attachment":[{"href":"https:\/\/razorgosidemount.eu\/de\/wp-json\/wp\/v2\/media?parent=32125"}],"wp:term":[{"taxonomy":"brand","embeddable":true,"href":"https:\/\/razorgosidemount.eu\/de\/wp-json\/wp\/v2\/etheme_brands?post=32125"},{"taxonomy":"product_brand","embeddable":true,"href":"https:\/\/razorgosidemount.eu\/de\/wp-json\/wp\/v2\/product_brand?post=32125"},{"taxonomy":"product_cat","embeddable":true,"href":"https:\/\/razorgosidemount.eu\/de\/wp-json\/wp\/v2\/product_cat?post=32125"},{"taxonomy":"product_tag","embeddable":true,"href":"https:\/\/razorgosidemount.eu\/de\/wp-json\/wp\/v2\/product_tag?post=32125"}],"curies":[{"name":"wp","href":"https:\/\/api.w.org\/{rel}","templated":true}]}}