{"id":32052,"date":"2019-09-16T17:58:11","date_gmt":"2019-09-16T15:58:11","guid":{"rendered":"https:\/\/asia.razorgosidemount.com\/product\/import-placeholder-for-10921\/"},"modified":"2026-05-03T10:41:03","modified_gmt":"2026-05-03T08:41:03","slug":"3-rems-reference-exit-marker-transparent-orange","status":"publish","type":"product","link":"https:\/\/razorgosidemount.eu\/de\/product\/3-rems-reference-exit-marker-transparent-orange\/","title":{"rendered":"3 \u00abREMs\u00bb \u2013 Transparentes Orange"},"content":{"rendered":"<p>Der H\u00f6hlenforscher und Ausbilder Bil Phillips stellt die Vorteile der Verwendung des Referenz Exit Markers (REM) anstelle von Cookies oder sogar Line Arrows vor. Zusammen mit dem Navigations-Kit ist es eine perfekte L\u00f6sung f\u00fcr die Navigation in H\u00f6hlen.<\/p>","protected":false},"excerpt":{"rendered":"<p>Durch Cave Explorer &amp; Instructor Bil Phillips entstand der Reference Exit Marker (REM) welcher von vielen H\u00f6hlentauchern heute an Stelle von Cookies und Pfeilen verwendet wird.<\/p>","protected":false},"featured_media":32195,"comment_status":"closed","ping_status":"closed","template":"","meta":[],"etheme_brands":[{"term_id":1720,"name":"Razor","slug":"razor","term_group":0,"term_taxonomy_id":1720,"taxonomy":"brand","description":"","parent":0,"count":103,"filter":"raw","order":"0"}],"product_brand":[],"product_cat":[3302,3309],"product_tag":[],"class_list":{"0":"post-32052","1":"product","2":"type-product","3":"status-publish","4":"has-post-thumbnail","6":"brand-razor","7":"product_cat-tools","8":"product_cat-cave_markers","10":"first","11":"instock","12":"taxable","13":"shipping-taxable","14":"purchasable","15":"product-type-simple"},"_links":{"self":[{"href":"https:\/\/razorgosidemount.eu\/de\/wp-json\/wp\/v2\/product\/32052","targetHints":{"allow":["GET"]}}],"collection":[{"href":"https:\/\/razorgosidemount.eu\/de\/wp-json\/wp\/v2\/product"}],"about":[{"href":"https:\/\/razorgosidemount.eu\/de\/wp-json\/wp\/v2\/types\/product"}],"replies":[{"embeddable":true,"href":"https:\/\/razorgosidemount.eu\/de\/wp-json\/wp\/v2\/comments?post=32052"}],"version-history":[{"count":1,"href":"https:\/\/razorgosidemount.eu\/de\/wp-json\/wp\/v2\/product\/32052\/revisions"}],"predecessor-version":[{"id":60457,"href":"https:\/\/razorgosidemount.eu\/de\/wp-json\/wp\/v2\/product\/32052\/revisions\/60457"}],"wp:featuredmedia":[{"embeddable":true,"href":"https:\/\/razorgosidemount.eu\/de\/wp-json\/wp\/v2\/media\/32195"}],"wp:attachment":[{"href":"https:\/\/razorgosidemount.eu\/de\/wp-json\/wp\/v2\/media?parent=32052"}],"wp:term":[{"taxonomy":"brand","embeddable":true,"href":"https:\/\/razorgosidemount.eu\/de\/wp-json\/wp\/v2\/etheme_brands?post=32052"},{"taxonomy":"product_brand","embeddable":true,"href":"https:\/\/razorgosidemount.eu\/de\/wp-json\/wp\/v2\/product_brand?post=32052"},{"taxonomy":"product_cat","embeddable":true,"href":"https:\/\/razorgosidemount.eu\/de\/wp-json\/wp\/v2\/product_cat?post=32052"},{"taxonomy":"product_tag","embeddable":true,"href":"https:\/\/razorgosidemount.eu\/de\/wp-json\/wp\/v2\/product_tag?post=32052"}],"curies":[{"name":"wp","href":"https:\/\/api.w.org\/{rel}","templated":true}]}}