{"id":31777,"date":"2019-09-16T17:56:33","date_gmt":"2019-09-16T15:56:33","guid":{"rendered":"https:\/\/asia.razorgosidemount.com\/product\/import-placeholder-for-9253\/"},"modified":"2026-03-18T13:30:42","modified_gmt":"2026-03-18T12:30:42","slug":"4-miflex-low-pressure-hose","status":"publish","type":"product","link":"https:\/\/razorgosidemount.eu\/de\/product\/4-miflex-low-pressure-hose\/","title":{"rendered":"10cm Miflex ND Inflatorschlauch"},"content":{"rendered":"<p>\u2022 Leicht und flexibel<br \/>\n\u2022 Mehrschichtaufbau<br \/>\n\u2022 Hervorragende Abriebfestigkeit<br \/>\n\u2022 Knickfeste Ausf\u00fchrung<br \/>\n\u2022 Im Werk einzeln gepr\u00fcft<br \/>\n\u2022 EN250 genehmigt<br \/>\n\u2022 Individuell gekennzeichnet mit dem Miflex-Logo<br \/>\n\u2022 Hergestellt in Italien<\/p>","protected":false},"excerpt":{"rendered":"<p>Die Miflex X-Tech Serie bietet technischen Tauchern Mitteldruckschl\u00e4uche mit einer idealen Mischung aus weicherem \u00c4usseren und robuster, Kevlar-verst\u00e4rkter Innenschicht.<br>\n<b>Achtung: <\/b>Schl\u00e4uche sind aus Sicherheitsgr\u00fcnden vom Umtausch oder der R\u00fcckgabe ausgeschlossen!<br \/>\n<b>Achtung: Aus Sicherheitsgr\u00fcnden sind alle Schlauchk\u00e4ufe vom Anspruch oder Umtausch ausgeschlossen!<\/b><\/p>","protected":false},"featured_media":42085,"comment_status":"closed","ping_status":"closed","template":"","meta":[],"etheme_brands":[{"term_id":3466,"name":"Miflex","slug":"miflex","term_group":0,"term_taxonomy_id":3466,"taxonomy":"brand","description":"","parent":0,"count":6,"filter":"raw","order":"0"}],"product_brand":[],"product_cat":[3302,3303],"product_tag":[],"class_list":{"0":"post-31777","1":"product","2":"type-product","3":"status-publish","4":"has-post-thumbnail","6":"brand-miflex","7":"product_cat-tools","8":"product_cat-hoses","10":"first","11":"instock","12":"taxable","13":"shipping-taxable","14":"purchasable","15":"product-type-simple"},"_links":{"self":[{"href":"https:\/\/razorgosidemount.eu\/de\/wp-json\/wp\/v2\/product\/31777","targetHints":{"allow":["GET"]}}],"collection":[{"href":"https:\/\/razorgosidemount.eu\/de\/wp-json\/wp\/v2\/product"}],"about":[{"href":"https:\/\/razorgosidemount.eu\/de\/wp-json\/wp\/v2\/types\/product"}],"replies":[{"embeddable":true,"href":"https:\/\/razorgosidemount.eu\/de\/wp-json\/wp\/v2\/comments?post=31777"}],"version-history":[{"count":1,"href":"https:\/\/razorgosidemount.eu\/de\/wp-json\/wp\/v2\/product\/31777\/revisions"}],"predecessor-version":[{"id":59599,"href":"https:\/\/razorgosidemount.eu\/de\/wp-json\/wp\/v2\/product\/31777\/revisions\/59599"}],"wp:featuredmedia":[{"embeddable":true,"href":"https:\/\/razorgosidemount.eu\/de\/wp-json\/wp\/v2\/media\/42085"}],"wp:attachment":[{"href":"https:\/\/razorgosidemount.eu\/de\/wp-json\/wp\/v2\/media?parent=31777"}],"wp:term":[{"taxonomy":"brand","embeddable":true,"href":"https:\/\/razorgosidemount.eu\/de\/wp-json\/wp\/v2\/etheme_brands?post=31777"},{"taxonomy":"product_brand","embeddable":true,"href":"https:\/\/razorgosidemount.eu\/de\/wp-json\/wp\/v2\/product_brand?post=31777"},{"taxonomy":"product_cat","embeddable":true,"href":"https:\/\/razorgosidemount.eu\/de\/wp-json\/wp\/v2\/product_cat?post=31777"},{"taxonomy":"product_tag","embeddable":true,"href":"https:\/\/razorgosidemount.eu\/de\/wp-json\/wp\/v2\/product_tag?post=31777"}],"curies":[{"name":"wp","href":"https:\/\/api.w.org\/{rel}","templated":true}]}}