{"id":33117,"date":"2019-10-09T11:18:29","date_gmt":"2019-10-09T09:18:29","guid":{"rendered":"https:\/\/asia.razorgosidemount.com\/?page_id=33117"},"modified":"2021-03-06T08:41:28","modified_gmt":"2021-03-06T07:41:28","slug":"battery-ordinance","status":"publish","type":"page","link":"https:\/\/razorgosidemount.eu\/de\/battery-ordinance\/","title":{"rendered":"Batterieverordnung"},"content":{"rendered":"<h2>Hinweis zur Entsorgung von Altbatterien<\/h2>\n<h4>Der nachfolgende Hinweis richtet sich an diejenigen, die Batterien oder Produkte mit eingebauten Batterien nutzen und in der an sie gelieferten Form nicht mehr weiterver\u00e4u\u00dfern (Endnutzer):<\/h4>\n<p>Im Zusammenhang mit dem Vertrieb von Batterien oder Akkus, sowie mit der Lieferung von Ger\u00e4ten, die Batterien oder Akkus enthalten, sind wir verpflichtet, Dich gem\u00e4\u00df der Batterieverordnung auf folgendes hinzuweisen:<\/p>\n<h4>1. Unentgeltliche R\u00fccknahme von Altbatterien<\/h4>\n<p class=\"translation-block\">Batterien oder Akkus d\u00fcrfen nicht in den Hausm\u00fcll gegeben werden.<br>\nDu bist als Endverbraucher zur R\u00fcckgabe gebrauchter Batterien oder Akkus gesetzlich verpflichtet, damit eine fachgerechte Entsorgung gew\u00e4hrleistet werden kann.<br>\nDu kannst Batterien oder Akkus nach Gebrauch in der Verkaufsstelle oder in deren unmittelbarer N\u00e4he (z.B. im Kommunalen Sammelstellen oder im Handel) unentgeltlich zur\u00fcckgeben.<br>\nDu kannst Batterien oder Akkus auch per Post (ausreichend frankiert) an uns zur\u00fccksenden:<\/p>\n<p><strong>GO SIDE MOUNT UG<\/strong><br \/>\nSiebenb\u00fcrgenstra\u00dfe 3C<br \/>\n85368 Moosburg an der Isar<br \/>\nDeutschland<\/p>\n<h4>2. Bedeutung der Batteriesymbole<\/h4>\n<p><img loading=\"lazy\" decoding=\"async\" src=\"\/images\/media\/batteries_recycling.jpg\" alt=\"\" width=\"144\" height=\"200\" \/><\/p>\n<p class=\"translation-block\">Batterien oder Akkus sind mit dem Symbol einer durchgekreuzten M\u00fclltonne (s. o.) gekennzeichnet.<br>\nDieses Symbol weist darauf hin, dass Batterien nicht in den Hausm\u00fcll gegeben werden d\u00fcrfen.<\/p>\n<p>Bei Batterien der Akkus, die mehr als 0,0005 Masseprozent Quecksilber, mehr als 0,002 Masseprozent Cadmium oder mehr als 0,004 Masseprozent Blei enthalten, befindet sich unter dem M\u00fclltonnen-Symbol die chemische Bezeichnung des jeweils eingesetzten Schadstoffes \u2013<\/p>\n<p>Dabei steht \u201c<strong>CD<\/strong>\u201d steht f\u00fcr <strong>Cadmium<\/strong>, \u201c<strong>Pb<\/strong>\u201d steht f\u00fcr <strong>Blei<\/strong>, und &quot;<strong>Hg<\/strong>\" f\u00fcr <strong>Quecksilber<\/strong>.<\/p>","protected":false},"excerpt":{"rendered":"<p>Note on the disposal of used batteries The following note is intended for those who use batteries or products with built-in batteries and are no&#8230;<\/p>","protected":false},"author":1,"featured_media":0,"parent":0,"menu_order":0,"comment_status":"closed","ping_status":"closed","template":"","meta":{"footnotes":""},"class_list":["post-33117","page","type-page","status-publish","hentry"],"_links":{"self":[{"href":"https:\/\/razorgosidemount.eu\/de\/wp-json\/wp\/v2\/pages\/33117","targetHints":{"allow":["GET"]}}],"collection":[{"href":"https:\/\/razorgosidemount.eu\/de\/wp-json\/wp\/v2\/pages"}],"about":[{"href":"https:\/\/razorgosidemount.eu\/de\/wp-json\/wp\/v2\/types\/page"}],"author":[{"embeddable":true,"href":"https:\/\/razorgosidemount.eu\/de\/wp-json\/wp\/v2\/users\/1"}],"replies":[{"embeddable":true,"href":"https:\/\/razorgosidemount.eu\/de\/wp-json\/wp\/v2\/comments?post=33117"}],"version-history":[{"count":0,"href":"https:\/\/razorgosidemount.eu\/de\/wp-json\/wp\/v2\/pages\/33117\/revisions"}],"wp:attachment":[{"href":"https:\/\/razorgosidemount.eu\/de\/wp-json\/wp\/v2\/media?parent=33117"}],"curies":[{"name":"wp","href":"https:\/\/api.w.org\/{rel}","templated":true}]}}