{"id":32323,"date":"2019-09-17T07:26:30","date_gmt":"2019-09-17T07:26:30","guid":{"rendered":"https:\/\/asia.razorgosidemount.com\/revocation\/"},"modified":"2021-03-06T08:40:10","modified_gmt":"2021-03-06T07:40:10","slug":"revocation","status":"publish","type":"page","link":"https:\/\/razorgosidemount.eu\/de\/revocation\/","title":{"rendered":"Widerrufsrecht"},"content":{"rendered":"<div class=\"std\">\n<h1><b>Widerrufsrecht f\u00fcr Verbraucher<\/b><\/h1>\n<p>(Verbraucher ist jede nat\u00fcrliche Person, die ein Rechtsgesch\u00e4ft zu Zwecken abschlie\u00dft, die \u00fcberwiegend weder ihrer gewerblichen noch ihrer selbstst\u00e4ndigen beruflichen T\u00e4tigkeit zugerechnet werden kann.)<\/p>\n<h2><b>Widerrufsbelehrung<\/b><\/h2>\n<p><b>Widerrufsrecht<\/b><\/p>\n<p>Sie haben das Recht, binnen vierzehn Tagen ohne Angabe von Gr\u00fcnden diesen Vertrag zu widerrufen. Die Widerrufsfrist betr\u00e4gt vierzehn Tage ab dem Tag, an dem Sie oder ein von Ihnen benannter Dritter, der nicht der Bef\u00f6rderer ist, die letzte Ware in Besitz genommen haben bzw. hat.<\/p>\n<p>Um Ihr Widerrufsrecht auszu\u00fcben, m\u00fcssen Sie uns informieren (<strong>Go Side Mount UG, Hans Peter Hartmann, Siebenb\u00fcrgenstra\u00dfe 3C, 85368 Moosburg an der Isar, Deutschland, Telefon: +49 176 686 711 08, E-Mail: info@razorgosidemount.eu<\/strong>) durch eine eindeutige Erkl\u00e4rung (z. B. ein Brief per Post, Fax oder E-Mail) \u00fcber Ihren Entschluss, diesen Vertrag zu widerrufen. Sie k\u00f6nnen hierf\u00fcr das beigef\u00fcgte Muster-Widerrufsformular verwenden, das jedoch optional ist.<\/p>\n<p>Zur Wahrung der Widerrufsfrist reicht es aus, dass Sie die Mitteilung \u00fcber die Aus\u00fcbung des Widerrufsrechts vor Ablauf der Widerrufsfrist absenden.<\/p>\n<p><b>Folgen des Widerrufs<\/b><\/p>\n<p>Wenn Sie diesen Vertrag widerrufen, haben wir Ihnen alle Zahlungen, die wir von Ihnen erhalten haben, einschlie\u00dflich der Lieferkosten (mit Ausnahme der zus\u00e4tzlichen Kosten, die sich daraus ergeben, dass Sie eine andere Art der Lieferung als die von uns angebotene, g\u00fcnstigste Standardlieferung gew\u00e4hlt haben), unverz\u00fcglich und sp\u00e4testens binnen vierzehn Tagen ab dem Tag zur\u00fcckzuzahlen, an dem die Mitteilung \u00fcber Ihren Widerruf dieses Vertrags bei uns eingegangen ist. F\u00fcr diese R\u00fcckzahlung verwenden wir dasselbe Zahlungsmittel, das Sie bei der urspr\u00fcnglichen Transaktion eingesetzt haben, es sei denn, mit Ihnen wurde ausdr\u00fccklich etwas anderes vereinbart; in keinem Fall werden Ihnen wegen dieser R\u00fcckzahlung Entgelte berechnet.<\/p>\n<p>Wir k\u00f6nnen die R\u00fcckzahlung verweigern, bis wir die Waren wieder zur\u00fcckerhalten haben oder bis Sie den Nachweis erbracht haben, dass Sie die Waren zur\u00fcckgesandt haben, je nachdem, welches der fr\u00fchere Zeitpunkt ist.<\/p>\n<p>Sie haben die Waren unverz\u00fcglich und in jedem Fall sp\u00e4testens binnen vierzehn Tagen ab dem Tag, an dem Sie uns \u00fcber den Widerruf dieses Vertrags unterrichten, an uns zur\u00fcckzusenden oder zu \u00fcbergeben. Die Frist ist gewahrt, wenn Sie die Waren vor Ablauf der Frist von vierzehn Tagen absenden.<\/p>\n<p>Sie tragen die unmittelbaren Kosten der R\u00fccksendung der Waren.<\/p>\n<p>Ihnen obliegen Sorgfaltspflichten in Bezug auf die Ware und Sie haften f\u00fcr Besch\u00e4digungen, die Sie verursachen. Wir behalten uns das Recht vor, von Ihnen eine Entsch\u00e4digung f\u00fcr Waren zu fordern, die gebraucht oder auf irgendeine Weise von Ihnen besch\u00e4digt zur\u00fcckgegeben werden. Sie m\u00fcssen f\u00fcr einen etwaigen Wertverlust der Waren aufkommen, wenn dieser Wertverlust auf einen zur Pr\u00fcfung der Beschaffenheit, Eigenschaften und Funktionsweise der Waren nicht notwendigen Umgang mit ihnen zur\u00fcckzuf\u00fchren ist. Wir behalten uns ausdr\u00fccklich das Recht vor, solche Entsch\u00e4digungen\/Wertverluste von Betr\u00e4gen, welche wir an Sie zur\u00fcckzuerstatten habe in Abzug zu bringen (Aufrechnung).<\/p>\n<p>Einen direkten Umtausch von bestellten Waren bietet unser Online Shop nicht an. Wenn Sie eine Ware nicht behalten m\u00f6chten, senden Sie die Widerrufserkl\u00e4rung sowie die Ware bitte entsprechend unserer R\u00fccksendeinformation an uns zur\u00fcck und geben Sie einfach eine neue Bestellung auf, um die ausgesuchte Ware z.B. in einer anderen Gr\u00f6\u00dfe oder Farbe zu erhalten.<\/p>\n<h4>Ausschluss- bzw. Erl\u00f6schensgr\u00fcnde<\/h4>\n<h5>Das Widerrufsrecht besteht nicht bei Vertr\u00e4gen \u00fcber:<\/h5>\n<ul>\n<li>Waren, deren Preis von Schwankungen auf dem Finanzmarkt abh\u00e4ngt, auf die der Unternehmer keinen Einfluss hat und die innerhalb der R\u00fccktrittsfrist auftreten k\u00f6nnen,<\/li>\n<li>Waren, die nach Kundenspezifikationen angefertigt werden oder eindeutig auf die pers\u00f6nlichen Bed\u00fcrfnisse zugeschnitten sind,<\/li>\n<li>Waren, die schnell verderben k\u00f6nnen oder deren Verfallsdatum schnell \u00fcberschritten w\u00fcrde,<\/li>\n<li>Waren, die versiegelt geliefert werden und aus Gr\u00fcnden des Gesundheitsschutzes oder aus Hygienegr\u00fcnden nicht zur R\u00fcckgabe geeignet sind, sofern deren Versiegelung nach der Lieferung entfernt wurde,<\/li>\n<li>Waren, die nach ihrer Lieferung auf Grund ihrer Beschaffenheit untrennbar mit anderen G\u00fctern vermischt wurden,<\/li>\n<li>alkoholische Getr\u00e4nke, deren Preis bei Vertragsabschluss vereinbart wurde, die aber nicht fr\u00fcher als 30 Tage nach Vertragsabschluss geliefert werden k\u00f6nnen und deren aktueller Wert von Schwankungen auf dem Markt abh\u00e4ngt, auf die der Unternehmer keinen Einfluss hat,<\/li>\n<li>Ton- oder Videoaufnahmen oder Computersoftware, die in einer versiegelten Packung geliefert werden, sofern deren Versiegelung nach der Lieferung entfernt wurde,<\/li>\n<li>Zeitungen, Zeitschriften oder Illustrierte mit Ausnahme von Abonnement-Vertr\u00e4gen \u00fcber die Lieferung solcher Publikationen.<\/li>\n<\/ul>\n<p>________________________________________________________________________________<\/p>\n<h2>Muster-Widerrufsformular<\/h2>\n<p>(Wenn Sie den Vertrag widerrufen m\u00f6chten, f\u00fcllen Sie bitte dieses Formular aus und senden Sie es zur\u00fcck.)<\/p>\n<p>\u2013 To Go Side Mount UG, Hans Peter Hartmann, Siebenb\u00fcrgenstra\u00dfe 3C, 85368 Moosburg an der Isar, Deutschland, E-Mail-Adresse: info@razorgosidemount.eu:<\/p>\n<p>\u2013 Hiermit widerrufe(n) ich\/ wir (*) den von mir\/ uns (*) abgeschlossenen Vertrag \u00fcber den Kauf der folgenden Waren (*)\/die Erbringung der folgenden Dienstleistung (*)<\/p>\n<p>- Bestellt am (*) \/ erhalten am (*) <br><br>- Name des \/ der Verbraucher (s)<\/p>\n<p>- Anschrift des \/ der Verbraucher (s)<\/p>\n<p>\u2013 Unterschrift des\/ der Verbraucher(s) (nur bei Mitteilung auf Papier)<\/p>\n<p>- Datum<\/p>\n<p>(*) Unzutreffendes streichen.<\/p>\n<p>\u2014\u2014\u2014\u2014\u2014\u2014\u2014\u2014<\/p>\n<h5 class=\"translation-block\">Download: <a href=\"https:\/\/razorgosidemount.eu\/de\/downloads\/revocation_form.pdf\/\" target=\"_self\" rel=\"noopener noreferrer\">Sample Revocation Form<\/a> (PDF-File)<\/h5>\n<p>Zum Betrachten von PDF-Dateien ben\u00f6tigen Sie den kostenlosen Adobe Reader.<br \/>\nSie k\u00f6nnen es herunterladen <strong> <a href=\"https:\/\/get.adobe.com\/uk\/reader\/\" target=\"_blank\" rel=\"noopener noreferrer\">Hier<\/a><\/strong>.<br \/>\n\u2014\u2014\u2014\u2014\u2014\u2014\u2014\u2014<\/p>\n<\/div>","protected":false},"excerpt":{"rendered":"<p>The consumer\u2019s right of revocation (A \u201cconsumer\u201d is defined as any natural person who enters into a legal transaction for purposes which for the most&#8230;<\/p>","protected":false},"author":1,"featured_media":0,"parent":0,"menu_order":0,"comment_status":"closed","ping_status":"closed","template":"","meta":{"footnotes":""},"class_list":["post-32323","page","type-page","status-publish","hentry"],"_links":{"self":[{"href":"https:\/\/razorgosidemount.eu\/de\/wp-json\/wp\/v2\/pages\/32323","targetHints":{"allow":["GET"]}}],"collection":[{"href":"https:\/\/razorgosidemount.eu\/de\/wp-json\/wp\/v2\/pages"}],"about":[{"href":"https:\/\/razorgosidemount.eu\/de\/wp-json\/wp\/v2\/types\/page"}],"author":[{"embeddable":true,"href":"https:\/\/razorgosidemount.eu\/de\/wp-json\/wp\/v2\/users\/1"}],"replies":[{"embeddable":true,"href":"https:\/\/razorgosidemount.eu\/de\/wp-json\/wp\/v2\/comments?post=32323"}],"version-history":[{"count":0,"href":"https:\/\/razorgosidemount.eu\/de\/wp-json\/wp\/v2\/pages\/32323\/revisions"}],"wp:attachment":[{"href":"https:\/\/razorgosidemount.eu\/de\/wp-json\/wp\/v2\/media?parent=32323"}],"curies":[{"name":"wp","href":"https:\/\/api.w.org\/{rel}","templated":true}]}}